{"id":829,"date":"2016-03-06T16:48:53","date_gmt":"2016-03-06T15:48:53","guid":{"rendered":"http:\/\/www.edition-rugerup.de\/?post_type=product&#038;p=829"},"modified":"2016-06-22T01:14:21","modified_gmt":"2016-06-21T23:14:21","slug":"mohammeds-berufung","status":"publish","type":"product","link":"https:\/\/www.edition-rugerup.de\/?product=mohammeds-berufung","title":{"rendered":"Mohammeds Berufung"},"content":{"rendered":"<p style=\"text-align: justify;\">Langsamen Schrittes stieg Mohammed an diesem sechsundzwanzigsten Morgen des Monats Ramadan den steilen Felsweg hinab \u2013 \u00e4u\u00dferlich ganz ruhig, innerlich zutiefst verst\u00f6rt. Beim Gehen hatte er den seltsamen Eindruck, gleichzeitig zu seiner Heimatstadt Mekka und zum ersten Morgen \u2013 dem Entstehen der Worte \u2013 hinabzusteigen. Manchmal schloss er die Augen, so stechend waren die Sonnenstrahlen und so sehr zweifelte er an seinem Verstand. Doch auch als er sie wieder \u00f6ffnete und offen hielt, ohne zu blinzeln, sah er immer noch \u2013 wie einzelne St\u00fccke eines Trugbildes, das sich \u00fcber den Raum erstreckte \u2013 eine Ansammlung von wirren Kl\u00e4ngen vor sich tanzen, aus denen er nur eine formlose, kernlose Vorstellung entnehmen konnte, nichts weiter als einen Anruf der Erinnerung, der ohne einen Schrei erklang. Silben, die vor allem Musik waren.<\/p>\n<p style=\"text-align: justify;\">Weit ist der Weg, den der marokkanische Schriftsteller Driss Chraibi (1926\u20132007) zur\u00fcckgelegt hat, seit er als zorniger junger Mann 1945 sein Heimatland verlie\u00df, um in Frankreich Chemie zu studieren. Doch bald nach Abschluss des Studiums wechselt er in die Literatur. Sein erster Roman, &#8222;Le Pass\u00e9 Simple&#8220;, wird ein Skandal, eine schonungslose Abrechnung mit seinem Vater und den verkrusteten Traditionen seines Landes. Bald macht er sich einen Namen als Enfant terrible der Literatur, erwirbt aber gleichzeitig den Ruf, &#8222;die marokkanische Literatur in die Moderne gef\u00fchrt zu haben&#8220; (Le Monde). In f\u00fcnfzig Jahren entstehen etwa zwanzig B\u00fccher. Mit der Zeit macht seine Revolte einem bei\u00dfenden Humor Platz, danach schreibt er eine Reihe von Kriminalromanen, bei denen sein respektloser Inspektor Ali als Bindeglied zwischen Orient und Westen in verschiedenen Gegenden der Welt seine Ermittlungen durchf\u00fchrt.<br \/>\nUmso \u00fcberraschender ist dann 2011 seine Ver\u00f6ffentlichung von &#8222;L\u2019Homme du Livre&#8220;, an dem Driss Chraibi zehn Jahre lang gearbeitet hat und das ihn gewisserma\u00dfen zu seinen Wurzeln zur\u00fcckf\u00fchrt. Darin lockt uns Driss Chraibi in die sinnliche Welt des Orients, zur\u00fcck zu den Anf\u00e4ngen des Islam. In poetischen Beschreibungen und einer bildreichen musikalischen Sprache versucht der Autor, in die Gedanken- und Gef\u00fchlswelt desjenigen einzudringen, der im Alter von vierzig Jahren \u2013 obwohl es ihm im irdischen Leben an nichts zu fehlen scheint \u2013 von einer unbestimmten Sehnsucht, einem Durst nach Transzendenz, einem Bed\u00fcrfnis nach R\u00fcckzug und Einsamkeit erf\u00fcllt ist, die ihn immer \u00f6fter in eine H\u00f6hle am Berg Hira zum Meditieren treiben. Erinnerungen, Visionen, Bilder und Kl\u00e4nge mischen sich und lassen sinnlich nachvollziehbar die damalige Lebenswelt erstehen. Als Geste der Vers\u00f6hnung versteht der Autor sein Buch, das westliche Leser in die Mystik und Musikalit\u00e4t des Koran einf\u00fchren m\u00f6chte. Driss Chraibi hat es seinem Vater gewidmet.<\/p>\n","protected":false},"excerpt":{"rendered":"<p id=\"price-and-shipping-details\">inkl. MwSt., zzgl. Versandkosten (Inland-Versandkosten = 0,00 \u20ac)<\/p>\n<p id=\"price-and-shipping-details\">Lieferzeit: 3-5 Werktage<\/p>\n<p>Driss Chraibi<\/p>\n<p>Roman. Aus dem Franz\u00f6sischen von Margret Millischer.<\/p>\n<p>96 Seiten.<\/p>\n","protected":false},"featured_media":844,"comment_status":"closed","ping_status":"closed","template":"","meta":[],"product_brand":[],"product_cat":[334,35],"product_tag":[],"class_list":{"0":"post-829","1":"product","2":"type-product","3":"status-publish","4":"has-post-thumbnail","6":"product_cat-prosa","7":"product_cat-romane-prosa","8":"pa_autor-chraibi-diss","9":"pa_erscheinungsjahr-228","10":"pa_isbn-978-3-942955-48-5","11":"pa_uebersetzer-millischer-margret","13":"first","14":"instock","15":"shipping-taxable","16":"purchasable","17":"product-type-simple"},"_links":{"self":[{"href":"https:\/\/www.edition-rugerup.de\/index.php?rest_route=\/wp\/v2\/product\/829","targetHints":{"allow":["GET"]}}],"collection":[{"href":"https:\/\/www.edition-rugerup.de\/index.php?rest_route=\/wp\/v2\/product"}],"about":[{"href":"https:\/\/www.edition-rugerup.de\/index.php?rest_route=\/wp\/v2\/types\/product"}],"replies":[{"embeddable":true,"href":"https:\/\/www.edition-rugerup.de\/index.php?rest_route=%2Fwp%2Fv2%2Fcomments&post=829"}],"wp:featuredmedia":[{"embeddable":true,"href":"https:\/\/www.edition-rugerup.de\/index.php?rest_route=\/wp\/v2\/media\/844"}],"wp:attachment":[{"href":"https:\/\/www.edition-rugerup.de\/index.php?rest_route=%2Fwp%2Fv2%2Fmedia&parent=829"}],"wp:term":[{"taxonomy":"product_brand","embeddable":true,"href":"https:\/\/www.edition-rugerup.de\/index.php?rest_route=%2Fwp%2Fv2%2Fproduct_brand&post=829"},{"taxonomy":"product_cat","embeddable":true,"href":"https:\/\/www.edition-rugerup.de\/index.php?rest_route=%2Fwp%2Fv2%2Fproduct_cat&post=829"},{"taxonomy":"product_tag","embeddable":true,"href":"https:\/\/www.edition-rugerup.de\/index.php?rest_route=%2Fwp%2Fv2%2Fproduct_tag&post=829"}],"curies":[{"name":"wp","href":"https:\/\/api.w.org\/{rel}","templated":true}]}}