{"id":822,"date":"2016-03-05T15:49:43","date_gmt":"2016-03-05T14:49:43","guid":{"rendered":"http:\/\/www.edition-rugerup.de\/?post_type=product&#038;p=822"},"modified":"2016-06-22T01:16:31","modified_gmt":"2016-06-21T23:16:31","slug":"november-1976","status":"publish","type":"product","link":"https:\/\/www.edition-rugerup.de\/?product=november-1976","title":{"rendered":"November 1976"},"content":{"rendered":"<p style=\"text-align: justify;\">Als D\u00f3r\u00f3thea am Freitag, den 12. November 1976, die Abendnachrichten sehen will, scheint der Fernseher zun\u00e4chst in Flammen aufzugehen, dann erlischt er ein f\u00fcr alle Mal. Zu jener Zeit war es auf Island einfacher, Atomwaffen zu beschaffen als einen Farbfernseher, also beschlie\u00dft ihr Ehemann R\u00edkhar\u00f0ur, Baldur, der immer Mittel und Wege wei\u00df und im Stockwerk unter ihnen\u00a0wohnt, um Hilfe zu bitten. Baldur verspricht nichts und nimmt \u00de\u00f3roddur, D\u00f3r\u00f3theas und R\u00edkhar\u00f0urs Sohn, mit zu einer geheimnisvollen Erledigung. Diese wird sich f\u00fcr alle als folgenreich erweisen.<\/p>\n<p style=\"text-align: justify;\"><em>November 1976<\/em> ist ein schelmischer und vielschichtiger Roman aus einer vergangenen Zeit, die noch nahe ist und doch seltsam fern.<\/p>\n<p style=\"text-align: justify;\"><em>\u00de\u00f3roddur erinnert sich, in einem Buch gelesen zu haben, dass M\u00f6wen an Land\u00a0fl\u00f6gen, wenn ein Unwetter im Anzug sei, h\u00e4lt es aber f\u00fcr unwahrscheinlich, dass Schneetreiben, mag es auch dicht sein, als Unwetter klassifiziert wird. Was tut eine M\u00f6we zu dieser Jahreszeit mitten in der Stadt? Er stellt sich auf die Zehenspitzen und spreizt die Beine ein wenig, winkelt dann die Knie an, zieht die Schultern hoch und l\u00e4sst die Handfl\u00e4chen langsam an den H\u00fcften kreisen. \u201eDu \u00fcberbringst keine Hiobsbotschaften mehr, Aasvogel\u201c, murmelt er mit heiserer Stimme durch die zusammengebissenen Z\u00e4hne. Er weicht nicht aus seiner Position und tut, als z\u00f6ge er mit der linken Hand ganz langsam einen Revolver aus dem Halfter. Die rechte ist bereit, den Abzug zu spannen. Er presst die Augen zu Schlitzen zusammen und schie\u00dft schlie\u00dflich ein paarmal auf die M\u00f6we, die sich davon unbeeindruckt zeigt und weiter auf der Laterne ausharrt, dem Schneegest\u00f6ber zum Trotz. Nun kommt sich der Junge d\u00e4mlich vor und hat das Gef\u00fchl, beobachtet zu werden. Dennoch tut er, als steckte er den Revolver in das Halfter zur\u00fcck, bevor er sich umblickt\u2026<\/em><\/p>\n<p style=\"text-align: justify;\">Haukur Ingvarsson (geb. 1979) ist Literaturwissenschaftler, Dichter und\u00a0Moderator einer Kultursendung im isl\u00e4ndischen Radio. <em>November 1976<\/em> ist sein erster Roman.<\/p>\n","protected":false},"excerpt":{"rendered":"<p id=\"price-and-shipping-details\">inkl. MwSt., zzgl. Versandkosten (Inland-Versandkosten = 0,00 \u20ac)<\/p>\n<p id=\"price-and-shipping-details\">Lieferzeit: 3-5 Werktage<\/p>\n<p>Haukur Ingvarsson<\/p>\n<p>Roman. Aus dem Isl\u00e4ndischen von Benedikt Grabinski.<\/p>\n<p>210 Seiten.<\/p>\n","protected":false},"featured_media":825,"comment_status":"closed","ping_status":"closed","template":"","meta":[],"product_brand":[],"product_cat":[334,35],"product_tag":[],"class_list":{"0":"post-822","1":"product","2":"type-product","3":"status-publish","4":"has-post-thumbnail","6":"product_cat-prosa","7":"product_cat-romane-prosa","8":"pa_autor-ingvarsson-haukur","9":"pa_erscheinungsjahr-228","10":"pa_isbn-978-3-942955-42-3","11":"pa_uebersetzer-grabinski-benedikt","13":"first","14":"instock","15":"shipping-taxable","16":"purchasable","17":"product-type-simple"},"_links":{"self":[{"href":"https:\/\/www.edition-rugerup.de\/index.php?rest_route=\/wp\/v2\/product\/822","targetHints":{"allow":["GET"]}}],"collection":[{"href":"https:\/\/www.edition-rugerup.de\/index.php?rest_route=\/wp\/v2\/product"}],"about":[{"href":"https:\/\/www.edition-rugerup.de\/index.php?rest_route=\/wp\/v2\/types\/product"}],"replies":[{"embeddable":true,"href":"https:\/\/www.edition-rugerup.de\/index.php?rest_route=%2Fwp%2Fv2%2Fcomments&post=822"}],"wp:featuredmedia":[{"embeddable":true,"href":"https:\/\/www.edition-rugerup.de\/index.php?rest_route=\/wp\/v2\/media\/825"}],"wp:attachment":[{"href":"https:\/\/www.edition-rugerup.de\/index.php?rest_route=%2Fwp%2Fv2%2Fmedia&parent=822"}],"wp:term":[{"taxonomy":"product_brand","embeddable":true,"href":"https:\/\/www.edition-rugerup.de\/index.php?rest_route=%2Fwp%2Fv2%2Fproduct_brand&post=822"},{"taxonomy":"product_cat","embeddable":true,"href":"https:\/\/www.edition-rugerup.de\/index.php?rest_route=%2Fwp%2Fv2%2Fproduct_cat&post=822"},{"taxonomy":"product_tag","embeddable":true,"href":"https:\/\/www.edition-rugerup.de\/index.php?rest_route=%2Fwp%2Fv2%2Fproduct_tag&post=822"}],"curies":[{"name":"wp","href":"https:\/\/api.w.org\/{rel}","templated":true}]}}