{"id":819,"date":"2016-03-04T12:53:00","date_gmt":"2016-03-04T11:53:00","guid":{"rendered":"http:\/\/www.edition-rugerup.de\/?post_type=product&#038;p=819"},"modified":"2016-07-15T23:56:19","modified_gmt":"2016-07-15T21:56:19","slug":"der-rebell","status":"publish","type":"product","link":"https:\/\/www.edition-rugerup.de\/?product=der-rebell","title":{"rendered":"Der Rebell"},"content":{"rendered":"<p style=\"text-align: justify;\">Patrick Henry Pearse (P\u00e1draig Anra\u00ed Mac Piarais, 1879-1916) ist eine der bedeutendsten Gestalten der neueren irischen Geschichte. Urspr\u00fcnglich Anwalt, radikalisierte sich der Sohn eines Engl\u00e4nders und einer Irin zusehends. Als\u00a0P\u00e4dagoge, Poet und Publizist bef\u00fcrwortete er ein souver\u00e4nes, demokratisches, republikanisches und g\u00e4lisches Irland und avancierte erst zum Oberbefehlshaber des vom 24. bis zum 29. April 1916 dauernden Dubliner Osteraufstands und schlie\u00dflich zum Pr\u00e4sidenten der Provisorischen Regierung.\u00a0Am Morgen des 3. Mai 1916 wurde der Nationalrevolution\u00e4r im Gef\u00e4ngnis von Kilmainham hingerichtet. Von seiner Mutter und seinem Bruder hatte er sich mit anr\u00fchrenden Versen verabschiedet. Seine in englischer Sprache verfa\u00dfte\u00a0mystisch-vision\u00e4re Lyrik von religi\u00f6ser Solennit\u00e4t erinnert an die exaltierte Rhetorik und deklamatorische Intensit\u00e4t eines Walt Whitman, seine in der Diktion der traditionellen g\u00e4lischen Dichtung gehaltenen irischsprachigen Gedichte vereinen christliche und heidnische Motive. In allem scheint\u00a0der Topos des Selbstopfers auf.<\/p>\n<h4>Leseprobe: Der Narr<\/h4>\n<p><em>Die weisen M\u00e4nner haben nicht gesprochen, darum spreche ich, der ich nur ein Narr bin;<\/em><br \/>\n<em> Ein Narr, der seine Narrheit geliebt hat,<\/em><br \/>\n<em> Wohl mehr als die weisen M\u00e4nner ihre Folianten oder ihre Kontore, ihr ruhiges Heim<\/em><br \/>\n<em> Oder ihren Ruhm in den M\u00fcndern der Menschen;<\/em><br \/>\n<em> Ein Narr, der sein Lebtag nicht besonnen gehandelt,<\/em><br \/>\n<em> Nie die Folgen bedacht oder darauf geachtet hat, ob ein anderer die Fr\u00fcchte<\/em><br \/>\n<em> Seiner m\u00e4chtigen Saat ernte, zufrieden damit, den Samen zu verstreuen;<\/em><br \/>\n<em> Ein Narr, der nichts bereut und schon bald, wenn die Zeit naht, lachen wird<\/em><br \/>\n<em> In seinem einsamen Herzen, wenn die reifen \u00c4hren unter den Sicheln fallen<\/em><br \/>\n<em> Und die Armen ges\u00e4ttigt sind, die da hungrig waren,<\/em><br \/>\n<em> Auch wenn er selber darbt.<\/em><br \/>\n<em> (\u2026)<\/em><\/p>\n","protected":false},"excerpt":{"rendered":"<p id=\"price-and-shipping-details\">inkl. MwSt., zzgl. Versandkosten (Inland-Versandkosten = 0,00 \u20ac)<\/p>\n<p id=\"price-and-shipping-details\">Lieferzeit: 3-5 Werktage<\/p>\n<p>Patrick Pearse<\/p>\n<p>Gedichte. Aus dem Englischen und Irischen und mit einem Nachwort von Hans-Christian Oeser<\/p>\n<p>110 Seiten, Franz. Klappenbroschur<\/p>\n","protected":false},"featured_media":839,"comment_status":"closed","ping_status":"closed","template":"","meta":[],"product_brand":[],"product_cat":[14,107,332],"product_tag":[],"class_list":{"0":"post-819","1":"product","2":"type-product","3":"status-publish","4":"has-post-thumbnail","6":"product_cat-internationale-lyrik","7":"product_cat-irische-lyrik","8":"product_cat-lyrik","9":"pa_autor-pearse-patrick","10":"pa_erscheinungsjahr-228","11":"pa_isbn-978-3-942955-55-3","12":"pa_seiten-305","13":"pa_uebersetzer-oeser-hans-christian","15":"first","16":"instock","17":"shipping-taxable","18":"purchasable","19":"product-type-simple"},"_links":{"self":[{"href":"https:\/\/www.edition-rugerup.de\/index.php?rest_route=\/wp\/v2\/product\/819","targetHints":{"allow":["GET"]}}],"collection":[{"href":"https:\/\/www.edition-rugerup.de\/index.php?rest_route=\/wp\/v2\/product"}],"about":[{"href":"https:\/\/www.edition-rugerup.de\/index.php?rest_route=\/wp\/v2\/types\/product"}],"replies":[{"embeddable":true,"href":"https:\/\/www.edition-rugerup.de\/index.php?rest_route=%2Fwp%2Fv2%2Fcomments&post=819"}],"wp:featuredmedia":[{"embeddable":true,"href":"https:\/\/www.edition-rugerup.de\/index.php?rest_route=\/wp\/v2\/media\/839"}],"wp:attachment":[{"href":"https:\/\/www.edition-rugerup.de\/index.php?rest_route=%2Fwp%2Fv2%2Fmedia&parent=819"}],"wp:term":[{"taxonomy":"product_brand","embeddable":true,"href":"https:\/\/www.edition-rugerup.de\/index.php?rest_route=%2Fwp%2Fv2%2Fproduct_brand&post=819"},{"taxonomy":"product_cat","embeddable":true,"href":"https:\/\/www.edition-rugerup.de\/index.php?rest_route=%2Fwp%2Fv2%2Fproduct_cat&post=819"},{"taxonomy":"product_tag","embeddable":true,"href":"https:\/\/www.edition-rugerup.de\/index.php?rest_route=%2Fwp%2Fv2%2Fproduct_tag&post=819"}],"curies":[{"name":"wp","href":"https:\/\/api.w.org\/{rel}","templated":true}]}}