{"id":767,"date":"2016-02-16T22:06:20","date_gmt":"2016-02-16T21:06:20","guid":{"rendered":"http:\/\/www.edition-rugerup.de\/?post_type=product&#038;p=767"},"modified":"2016-02-21T00:32:50","modified_gmt":"2016-02-20T23:32:50","slug":"ein-riss-war-im-netz-da-kam-ich-durch","status":"publish","type":"product","link":"https:\/\/www.edition-rugerup.de\/?product=ein-riss-war-im-netz-da-kam-ich-durch","title":{"rendered":"Ein Riss war im Netz&#8230; da kam ich durch"},"content":{"rendered":"<p style=\"text-align: justify;\">Dina Rajs\u2019 Erinnerungen folgen einem Kind und seiner Mutter durch die Kriegsjahre und erz\u00e4hlen von wiederholter Flucht, provisorischen Verstecken und falschen Papieren mit christlichen Namen, von den Pogromen in Budapest, deren Zeuge sie werden, von den S\u00e4uberungen im Umland, denen sie knapp entkommen, von Verwandten und Freunden, die f\u00fcr immer verschwinden, aber auch von dem Wunder, \u00fcberlebt zu haben. Die sachliche Stimme der Erz\u00e4hlerin und der unschuldige Blick eines Kindes lassen uns diese dunkle Zeit hautnah und unvermittelt erleben.<\/p>\n","protected":false},"excerpt":{"rendered":"<p id=\"price-and-shipping-details\">inkl. MwSt., zzgl. Versandkosten (Inland-Versandkosten = 0,00 \u20ac)<\/p>\n<p id=\"price-and-shipping-details\">Lieferzeit: 3-5 Werktage<\/p>\n<p>Dina Rajs<\/p>\n<p>Erinnerungen, 151 Seiten, Broschiert<\/p>\n","protected":false},"featured_media":766,"comment_status":"closed","ping_status":"closed","template":"","meta":[],"product_brand":[],"product_cat":[179,334],"product_tag":[],"class_list":{"0":"post-767","1":"product","2":"type-product","3":"status-publish","4":"has-post-thumbnail","6":"product_cat-autobiographie","7":"product_cat-prosa","8":"pa_autor-rajs-dina","9":"pa_autorin-dina-rajs-wurde-1938-in-jugoslawien-geboren-waehrend-des-krieges-lebte-sie-mit-ihrer-mutter-in-ungarn-nach-kriegsende-kehrte-sie-in-die-heimat-zurueck-1968-zog-dina-mit-ihrem-mann-jovan-und-ihren-z","10":"pa_erscheinungsjahr-204","11":"pa_isbn-978-3942955546","13":"first","14":"instock","15":"shipping-taxable","16":"purchasable","17":"product-type-simple"},"_links":{"self":[{"href":"https:\/\/www.edition-rugerup.de\/index.php?rest_route=\/wp\/v2\/product\/767","targetHints":{"allow":["GET"]}}],"collection":[{"href":"https:\/\/www.edition-rugerup.de\/index.php?rest_route=\/wp\/v2\/product"}],"about":[{"href":"https:\/\/www.edition-rugerup.de\/index.php?rest_route=\/wp\/v2\/types\/product"}],"replies":[{"embeddable":true,"href":"https:\/\/www.edition-rugerup.de\/index.php?rest_route=%2Fwp%2Fv2%2Fcomments&post=767"}],"wp:featuredmedia":[{"embeddable":true,"href":"https:\/\/www.edition-rugerup.de\/index.php?rest_route=\/wp\/v2\/media\/766"}],"wp:attachment":[{"href":"https:\/\/www.edition-rugerup.de\/index.php?rest_route=%2Fwp%2Fv2%2Fmedia&parent=767"}],"wp:term":[{"taxonomy":"product_brand","embeddable":true,"href":"https:\/\/www.edition-rugerup.de\/index.php?rest_route=%2Fwp%2Fv2%2Fproduct_brand&post=767"},{"taxonomy":"product_cat","embeddable":true,"href":"https:\/\/www.edition-rugerup.de\/index.php?rest_route=%2Fwp%2Fv2%2Fproduct_cat&post=767"},{"taxonomy":"product_tag","embeddable":true,"href":"https:\/\/www.edition-rugerup.de\/index.php?rest_route=%2Fwp%2Fv2%2Fproduct_tag&post=767"}],"curies":[{"name":"wp","href":"https:\/\/api.w.org\/{rel}","templated":true}]}}