{"id":667,"date":"2016-01-20T08:23:47","date_gmt":"2016-01-20T07:23:47","guid":{"rendered":"http:\/\/www.edition-rugerup.de\/?post_type=product&#038;p=667"},"modified":"2016-02-21T00:39:47","modified_gmt":"2016-02-20T23:39:47","slug":"667","status":"publish","type":"product","link":"https:\/\/www.edition-rugerup.de\/?product=667","title":{"rendered":"Holz\u00e4pfel"},"content":{"rendered":"<div style=\"text-align: justify;\">Holz\u00e4pfel werden die herb schmeckenden Urformen der \u00c4pfel genannt, herb sind auch die Gedichte der neuen Sammlung von J\u00fcrgen Br\u00f4can, die in sieben Zyklen immer wieder auf die \u00e4lteren Traditionen der Dichtung verweisen, essayistische Elemente einbeziehen und Reviere des Ruhrgebiets ebenso durchforsten wie Reiseberichte aus S\u00fcdamerika oder Australien. Eine spannende Welterkundung.<\/div>\n","protected":false},"excerpt":{"rendered":"<p id=\"price-and-shipping-details\">inkl. MwSt., zzgl. Versandkosten (Inland-Versandkosten = 0,00 \u20ac)<\/p>\n<p id=\"price-and-shipping-details\">Lieferzeit: 3-5 Werktage<\/p>\n<p>J\u00fcrgen Br\u00f4can<\/p>\n<p>Gedichte, 159 Seiten, Franz\u00f6sische Klappenbroschur<\/p>\n","protected":false},"featured_media":665,"comment_status":"closed","ping_status":"closed","template":"","meta":[],"product_brand":[],"product_cat":[15,332],"product_tag":[],"class_list":{"0":"post-667","1":"product","2":"type-product","3":"status-publish","4":"has-post-thumbnail","6":"product_cat-deutschsprachige-lyrik","7":"product_cat-lyrik","8":"pa_autor-brocan-jurgen","9":"pa_autorin-juergen-brocan-wurde-1965-in-goettingen-geboren-er-studierte-germanistik-und-europaeische-ethnologie-und-arbeitet-als-schriftsteller-literaturkritiker-und-uebersetzer-aus-dem-englischen-und-franzoes","10":"pa_erscheinungsjahr-204","11":"pa_isbn-235","12":"pa_seiten-236","14":"first","15":"instock","16":"shipping-taxable","17":"purchasable","18":"product-type-simple"},"_links":{"self":[{"href":"https:\/\/www.edition-rugerup.de\/index.php?rest_route=\/wp\/v2\/product\/667","targetHints":{"allow":["GET"]}}],"collection":[{"href":"https:\/\/www.edition-rugerup.de\/index.php?rest_route=\/wp\/v2\/product"}],"about":[{"href":"https:\/\/www.edition-rugerup.de\/index.php?rest_route=\/wp\/v2\/types\/product"}],"replies":[{"embeddable":true,"href":"https:\/\/www.edition-rugerup.de\/index.php?rest_route=%2Fwp%2Fv2%2Fcomments&post=667"}],"wp:featuredmedia":[{"embeddable":true,"href":"https:\/\/www.edition-rugerup.de\/index.php?rest_route=\/wp\/v2\/media\/665"}],"wp:attachment":[{"href":"https:\/\/www.edition-rugerup.de\/index.php?rest_route=%2Fwp%2Fv2%2Fmedia&parent=667"}],"wp:term":[{"taxonomy":"product_brand","embeddable":true,"href":"https:\/\/www.edition-rugerup.de\/index.php?rest_route=%2Fwp%2Fv2%2Fproduct_brand&post=667"},{"taxonomy":"product_cat","embeddable":true,"href":"https:\/\/www.edition-rugerup.de\/index.php?rest_route=%2Fwp%2Fv2%2Fproduct_cat&post=667"},{"taxonomy":"product_tag","embeddable":true,"href":"https:\/\/www.edition-rugerup.de\/index.php?rest_route=%2Fwp%2Fv2%2Fproduct_tag&post=667"}],"curies":[{"name":"wp","href":"https:\/\/api.w.org\/{rel}","templated":true}]}}