{"id":664,"date":"2016-01-19T23:18:35","date_gmt":"2016-01-19T22:18:35","guid":{"rendered":"http:\/\/www.edition-rugerup.de\/?post_type=product&#038;p=664"},"modified":"2016-02-26T01:02:12","modified_gmt":"2016-02-26T00:02:12","slug":"664","status":"publish","type":"product","link":"https:\/\/www.edition-rugerup.de\/?product=664","title":{"rendered":"Platon denkt ein Gedicht"},"content":{"rendered":"<p style=\"text-align: justify;\">Ein knappes halbes Jahrzehnt nach &#8222;Bell Island im Eismeer&#8220;, f\u00fcr den Ulrich Schacht 2013 den Eichendorff-Literaturpreis erhielt, legt der Autor nun seinen zweiten Gedichtband in der Edition Rugerup vor. Mit &#8222;Platon denkt ein Gedicht&#8220; schreibt er zum einen konsequent sein Programm einer Naturpoesie fort, die sich am Konkreten und Topografischen ebenso orientiert wie am Erscheinungsbild der Jahreszeiten und ihrer Gestaltfolge, in der sich sinnliches Detail und Atmosph\u00e4risches gleicherma\u00dfen unendlich variabel zeigen. Zum anderen jedoch \u00fcberf\u00fchrt er das poetische Material im Prozess der Verdichtung an die R\u00e4nder einer Metaphysik des Poietischen und konstituiert so ein poetisches Weltverh\u00e4ltnis in seinen Gedichten und durch sie hindurch, das den Vordergrundph\u00e4nomenen eine Art Hintergrundstrahlung abliest, die auf Quellen verweist, derer wir zuletzt ansichtig werden nur wie in Platons H\u00f6hlengleichnis, das die Figur der absoluten Idee hinter den Schatten ihrer Beweglichkeit verbirgt, gleichzeitig aber jenen letzten Grund erahnen l\u00e4sst, aus dem sich alles speist. Dass sich Natur- und Gesellschaftsgeschichte nicht selten dabei vermischen, geh\u00f6rt dabei ebenso zu Schachts Programm wie die Formenvielfalt zwischen klassischem Versma\u00df und dem Spiel freier, ungebundener Verses.<\/p>\n","protected":false},"excerpt":{"rendered":"<p id=\"price-and-shipping-details\">inkl. MwSt., zzgl. Versandkosten (Inland-Versandkosten = 0,00 \u20ac)<\/p>\n<p id=\"price-and-shipping-details\">Lieferzeit: 3-5 Werktage<\/p>\n<p>Ulrich\u00a0Schacht<\/p>\n<p>Gedichte, Franz\u00f6sische Klappenbroschur<\/p>\n","protected":false},"featured_media":663,"comment_status":"closed","ping_status":"closed","template":"","meta":[],"product_brand":[],"product_cat":[15,332],"product_tag":[],"class_list":{"0":"post-664","1":"product","2":"type-product","3":"status-publish","4":"has-post-thumbnail","6":"product_cat-deutschsprachige-lyrik","7":"product_cat-lyrik","8":"pa_autor-schacht-ulrich","9":"pa_autorin-1951-geboren-aufgewachsen-in-der-hansestadt-wismar-grundschule-baeckerlehre-studium-der-evangelischen-theologie-in-rostock-und-erfurt-1973-verhaftung-und-verurteilung-aus-politischen-gruenden-zu","10":"pa_erscheinungsjahr-204","11":"pa_isbn-233","12":"pa_seiten-103","14":"first","15":"instock","16":"shipping-taxable","17":"purchasable","18":"product-type-simple"},"_links":{"self":[{"href":"https:\/\/www.edition-rugerup.de\/index.php?rest_route=\/wp\/v2\/product\/664","targetHints":{"allow":["GET"]}}],"collection":[{"href":"https:\/\/www.edition-rugerup.de\/index.php?rest_route=\/wp\/v2\/product"}],"about":[{"href":"https:\/\/www.edition-rugerup.de\/index.php?rest_route=\/wp\/v2\/types\/product"}],"replies":[{"embeddable":true,"href":"https:\/\/www.edition-rugerup.de\/index.php?rest_route=%2Fwp%2Fv2%2Fcomments&post=664"}],"wp:featuredmedia":[{"embeddable":true,"href":"https:\/\/www.edition-rugerup.de\/index.php?rest_route=\/wp\/v2\/media\/663"}],"wp:attachment":[{"href":"https:\/\/www.edition-rugerup.de\/index.php?rest_route=%2Fwp%2Fv2%2Fmedia&parent=664"}],"wp:term":[{"taxonomy":"product_brand","embeddable":true,"href":"https:\/\/www.edition-rugerup.de\/index.php?rest_route=%2Fwp%2Fv2%2Fproduct_brand&post=664"},{"taxonomy":"product_cat","embeddable":true,"href":"https:\/\/www.edition-rugerup.de\/index.php?rest_route=%2Fwp%2Fv2%2Fproduct_cat&post=664"},{"taxonomy":"product_tag","embeddable":true,"href":"https:\/\/www.edition-rugerup.de\/index.php?rest_route=%2Fwp%2Fv2%2Fproduct_tag&post=664"}],"curies":[{"name":"wp","href":"https:\/\/api.w.org\/{rel}","templated":true}]}}