{"id":583,"date":"2015-03-03T23:11:24","date_gmt":"2015-03-03T22:11:24","guid":{"rendered":"http:\/\/www.edition-rugerup.de\/?post_type=product&#038;p=583"},"modified":"2016-02-26T01:03:52","modified_gmt":"2016-02-26T00:03:52","slug":"ausgetickt-eine-novelle","status":"publish","type":"product","link":"https:\/\/www.edition-rugerup.de\/?product=ausgetickt-eine-novelle","title":{"rendered":"Ausgetickt. Eine Novelle."},"content":{"rendered":"<p style=\"text-align: justify;\">Ein Gedicht von Emily Dickinson verweigert sich dem Verstehen; Ulli bei\u00dft sich daran die Z\u00e4hne aus. Weil er eine deutsche Version braucht, sucht er Hilfe bei seiner alten Freundin Sylvie, die in einem Bauwagen eine abseitige Existenz als Dichterin und G\u00e4rtnerin f\u00fchrt. Was mag es mit dem Bild der sterbenden Uhr auf sich haben? Im Austausch zwischen den beiden er\u00f6ffnet das Gedicht immer neue Dimensionen, \u00fcberraschend und ungeahnt. \u00dcber 150 Jahre hinweg springt die tote Dichterin &#8222;von Herz zu Herz&#8220;, greift in das Leben zweier heutiger Menschen ein, indem sie ihren Blick, und damit sie selbst, ver\u00e4ndert und kl\u00e4rt. So handelt diese Novelle auch vom Abenteuer des Lesens. &#8222;Ein Schritt in eine tiefere Erfahrungsschicht, und alles kehrt sich um, nichts ist wie gedacht.&#8220;<\/p>\n","protected":false},"excerpt":{"rendered":"<p id=\"price-and-shipping-details\">inkl. MwSt., zzgl. Versandkosten (Inland-Versandkosten = 0,00 \u20ac)<\/p>\n<p id=\"price-and-shipping-details\">Lieferzeit: 3-5 Werktage<\/p>\n<p>Hans-Ulrich\u00a0M\u00f6hring<\/p>\n<p>Novelle, 96 Seiten, Taschenbuch<\/p>\n","protected":false},"featured_media":585,"comment_status":"closed","ping_status":"closed","template":"","meta":[],"product_brand":[],"product_cat":[465],"product_tag":[218],"class_list":{"0":"post-583","1":"product","2":"type-product","3":"status-publish","4":"has-post-thumbnail","6":"product_cat-unkategorisiert","7":"product_tag-emily-dickinson","8":"pa_autor-moehring-hans-ulrich","9":"pa_autorin-geboren-1953-schulabbruch-lehre-ausstieg-mit-20-studium-on-the-road-und-in-diversen-einsiedeleien-gelegenheitsarbeiten-landleben-dem-scheitern-frueher-dichterischer-versuche-und-der-familieng","10":"pa_erscheinungsjahr-204","11":"pa_isbn-978-3942955324","12":"pa_seiten-66","14":"first","15":"instock","16":"shipping-taxable","17":"purchasable","18":"product-type-simple"},"_links":{"self":[{"href":"https:\/\/www.edition-rugerup.de\/index.php?rest_route=\/wp\/v2\/product\/583","targetHints":{"allow":["GET"]}}],"collection":[{"href":"https:\/\/www.edition-rugerup.de\/index.php?rest_route=\/wp\/v2\/product"}],"about":[{"href":"https:\/\/www.edition-rugerup.de\/index.php?rest_route=\/wp\/v2\/types\/product"}],"replies":[{"embeddable":true,"href":"https:\/\/www.edition-rugerup.de\/index.php?rest_route=%2Fwp%2Fv2%2Fcomments&post=583"}],"wp:featuredmedia":[{"embeddable":true,"href":"https:\/\/www.edition-rugerup.de\/index.php?rest_route=\/wp\/v2\/media\/585"}],"wp:attachment":[{"href":"https:\/\/www.edition-rugerup.de\/index.php?rest_route=%2Fwp%2Fv2%2Fmedia&parent=583"}],"wp:term":[{"taxonomy":"product_brand","embeddable":true,"href":"https:\/\/www.edition-rugerup.de\/index.php?rest_route=%2Fwp%2Fv2%2Fproduct_brand&post=583"},{"taxonomy":"product_cat","embeddable":true,"href":"https:\/\/www.edition-rugerup.de\/index.php?rest_route=%2Fwp%2Fv2%2Fproduct_cat&post=583"},{"taxonomy":"product_tag","embeddable":true,"href":"https:\/\/www.edition-rugerup.de\/index.php?rest_route=%2Fwp%2Fv2%2Fproduct_tag&post=583"}],"curies":[{"name":"wp","href":"https:\/\/api.w.org\/{rel}","templated":true}]}}