{"id":581,"date":"2015-03-02T15:33:02","date_gmt":"2015-03-02T14:33:02","guid":{"rendered":"http:\/\/www.edition-rugerup.de\/?post_type=product&#038;p=581"},"modified":"2016-02-03T13:14:14","modified_gmt":"2016-02-03T12:14:14","slug":"aus-einem-see-von-strophen","status":"publish","type":"product","link":"https:\/\/www.edition-rugerup.de\/?product=aus-einem-see-von-strophen","title":{"rendered":"Aus einem See von Strophen"},"content":{"rendered":"<p style=\"text-align: justify;\">&#8222;Aus einem See von Strophen&#8220; versammelt hundert Gedichte, die Les Murray f\u00fcr diesen Band aus seinem umfangreichen Werk ausgew\u00e4hlt hat. Alle auf deutsch schon erschienenen Gedichte wurden von der \u00dcbersetzerin gr\u00fcndlich \u00fcberarbeitet, hinzu kommen etwa 25 neue Texte.<\/p>\n","protected":false},"excerpt":{"rendered":"<p id=\"price-and-shipping-details\">inkl. MwSt., zzgl. Versandkosten (Inland-Versandkosten = 0,00 \u20ac)<\/p>\n<p id=\"price-and-shipping-details\">Lieferzeit: 3-5 Werktage<\/p>\n<p>Hundert ausgew\u00e4hlte Gedichte<\/p>\n","protected":false},"featured_media":582,"comment_status":"closed","ping_status":"closed","template":"","meta":[],"product_brand":[],"product_cat":[54,116,14],"product_tag":[345],"class_list":{"0":"post-581","1":"product","2":"type-product","3":"status-publish","4":"has-post-thumbnail","6":"product_cat-angelsachsische-lyrik","7":"product_cat-australische-lyrik","8":"product_cat-internationale-lyrik","9":"product_tag-murray","10":"pa_autor-murray-les","11":"pa_autorin-les-murray-nachkomme-schottischer-einwanderer-wurde-1938-auf-einer-farm-in-bunyah-new-south-wales-geboren-er-studierte-sprachen-in-sydney-arbeitete-in-canberra-als-uebersetzer-und-reiste-ausgieb","12":"pa_bild-autorin-bild","13":"pa_erscheinungsjahr-182","14":"pa_isbn-978-942955-39-3","15":"pa_seiten-215","16":"pa_uebersetzer-lehbert-margitt","18":"first","19":"instock","20":"shipping-taxable","21":"purchasable","22":"product-type-simple"},"_links":{"self":[{"href":"https:\/\/www.edition-rugerup.de\/index.php?rest_route=\/wp\/v2\/product\/581","targetHints":{"allow":["GET"]}}],"collection":[{"href":"https:\/\/www.edition-rugerup.de\/index.php?rest_route=\/wp\/v2\/product"}],"about":[{"href":"https:\/\/www.edition-rugerup.de\/index.php?rest_route=\/wp\/v2\/types\/product"}],"replies":[{"embeddable":true,"href":"https:\/\/www.edition-rugerup.de\/index.php?rest_route=%2Fwp%2Fv2%2Fcomments&post=581"}],"wp:featuredmedia":[{"embeddable":true,"href":"https:\/\/www.edition-rugerup.de\/index.php?rest_route=\/wp\/v2\/media\/582"}],"wp:attachment":[{"href":"https:\/\/www.edition-rugerup.de\/index.php?rest_route=%2Fwp%2Fv2%2Fmedia&parent=581"}],"wp:term":[{"taxonomy":"product_brand","embeddable":true,"href":"https:\/\/www.edition-rugerup.de\/index.php?rest_route=%2Fwp%2Fv2%2Fproduct_brand&post=581"},{"taxonomy":"product_cat","embeddable":true,"href":"https:\/\/www.edition-rugerup.de\/index.php?rest_route=%2Fwp%2Fv2%2Fproduct_cat&post=581"},{"taxonomy":"product_tag","embeddable":true,"href":"https:\/\/www.edition-rugerup.de\/index.php?rest_route=%2Fwp%2Fv2%2Fproduct_tag&post=581"}],"curies":[{"name":"wp","href":"https:\/\/api.w.org\/{rel}","templated":true}]}}