{"id":558,"date":"2015-02-24T15:36:45","date_gmt":"2015-02-24T14:36:45","guid":{"rendered":"http:\/\/www.edition-rugerup.de\/?post_type=product&#038;p=558"},"modified":"2016-02-26T17:52:17","modified_gmt":"2016-02-26T16:52:17","slug":"flucht-vor-der-laternenordnung","status":"publish","type":"product","link":"https:\/\/www.edition-rugerup.de\/?product=flucht-vor-der-laternenordnung","title":{"rendered":"Flucht vor der Laternenordnung"},"content":{"rendered":"<div class=\"einzeltextbox\">\n<p style=\"text-align: justify;\">Wenn Worte geteilte Erinnerungen sind, welche Erinnerungen teilen wir dann nicht? Und was k\u00f6nnen wir noch ahnen? Die ungew\u00f6hnlichen Metaphern Margret Boysens f\u00fchren uns in ein von der Imagination geborgtes Land und hinter unsere Denkbarrieren.\u00a0 \u2028Sie schreibt von den schwierigen Dingen \u2013 Einsamkeit, Liebe, Tod \u2013 als w\u00e4ren es einfache und von den scheinbar einfachen \u2013 Korallen, Tulpen, Schneeflocken \u2013 als w\u00e4ren sie unergr\u00fcndlich. Schwankend zwischen dem Wunsch, unsichtbar zu sein und dem Willen, Farbe zu bekennen, mit der Einsamkeit vertraut, aber geborgen in der Sprache, nimmt uns die Lyrikern mit auf ihre &#8222;Flucht vor der Laternenordnung&#8220;.<\/p>\n<\/div>\n","protected":false},"excerpt":{"rendered":"<p id=\"price-and-shipping-details\">inkl. MwSt., zzgl. Versandkosten (Inland-Versandkosten = 0,00 \u20ac)<\/p>\n<p id=\"price-and-shipping-details\">Lieferzeit: 3-5 Werktage<\/p>\n<p>Boysen, Margret<\/p>\n<p>Gedichte, 90 Seiten<\/p>\n","protected":false},"featured_media":559,"comment_status":"closed","ping_status":"closed","template":"","meta":[],"product_brand":[],"product_cat":[15],"product_tag":[347],"class_list":{"0":"post-558","1":"product","2":"type-product","3":"status-publish","4":"has-post-thumbnail","6":"product_cat-deutschsprachige-lyrik","7":"product_tag-boysen","8":"pa_autor-boysen-margret","9":"pa_autorin-margret-boysen-wurde-1967-in-norddeutschland-geboren-wuchs-in-berlin-auf-und-lebt-heute-mit-ihrem-mann-und-sohn-in-potsdam-sie-studierte-geologie-und-palaeontologie-an-der-freien-universitaet-berlin","10":"pa_erscheinungsjahr-182","11":"pa_isbn-978-942955-46-1","12":"pa_seiten-213","14":"first","15":"instock","16":"shipping-taxable","17":"purchasable","18":"product-type-simple"},"_links":{"self":[{"href":"https:\/\/www.edition-rugerup.de\/index.php?rest_route=\/wp\/v2\/product\/558","targetHints":{"allow":["GET"]}}],"collection":[{"href":"https:\/\/www.edition-rugerup.de\/index.php?rest_route=\/wp\/v2\/product"}],"about":[{"href":"https:\/\/www.edition-rugerup.de\/index.php?rest_route=\/wp\/v2\/types\/product"}],"replies":[{"embeddable":true,"href":"https:\/\/www.edition-rugerup.de\/index.php?rest_route=%2Fwp%2Fv2%2Fcomments&post=558"}],"wp:featuredmedia":[{"embeddable":true,"href":"https:\/\/www.edition-rugerup.de\/index.php?rest_route=\/wp\/v2\/media\/559"}],"wp:attachment":[{"href":"https:\/\/www.edition-rugerup.de\/index.php?rest_route=%2Fwp%2Fv2%2Fmedia&parent=558"}],"wp:term":[{"taxonomy":"product_brand","embeddable":true,"href":"https:\/\/www.edition-rugerup.de\/index.php?rest_route=%2Fwp%2Fv2%2Fproduct_brand&post=558"},{"taxonomy":"product_cat","embeddable":true,"href":"https:\/\/www.edition-rugerup.de\/index.php?rest_route=%2Fwp%2Fv2%2Fproduct_cat&post=558"},{"taxonomy":"product_tag","embeddable":true,"href":"https:\/\/www.edition-rugerup.de\/index.php?rest_route=%2Fwp%2Fv2%2Fproduct_tag&post=558"}],"curies":[{"name":"wp","href":"https:\/\/api.w.org\/{rel}","templated":true}]}}