{"id":404,"date":"2014-04-06T19:46:31","date_gmt":"2014-04-06T17:46:31","guid":{"rendered":"http:\/\/www.edition-rugerup.de\/?post_type=product&#038;p=404"},"modified":"2016-01-27T08:38:11","modified_gmt":"2016-01-27T07:38:11","slug":"zirkulation","status":"publish","type":"product","link":"https:\/\/www.edition-rugerup.de\/?product=zirkulation","title":{"rendered":"Zirkulation"},"content":{"rendered":"<p style=\"text-align: justify;\">K\u00f6stlich beschreibt Florin durch die Augen eines einfachen Mannes, der in den drei\u00dfiger Jahren eine Arbeit in einer schwedischen Bank aufnimmt, die Entwicklung des Bankwesens. Er l\u00e4sst seine Hauptfigur in kurzen Abschnitten \u00fcber das Geld philosophieren, erz\u00e4hlt unter anderem in vergn\u00fcglichen Vignetten vom Absetzen zahlreicher nicht ganz ehrlicher Bankdirektoren, beschreibt die periodische Einf\u00fchrung noch innovativerer Arbeitsweisen und noch progressiverer Maschinen. Zwischen der Hauptfigur und einer Mitarbeiterin entwickelt sich parallel eine schlicht erz\u00e4hlte Liebesgeschichte, mit der das Buch in den sechziger Jahren abschlie\u00dft. \u00dcber den Roman &#8222;Der Garten&#8220; von Florin schrieb die NZZ von &#8222;gro\u00dfer Literatur&#8220;.<\/p>\n","protected":false},"excerpt":{"rendered":"<p id=\"price-and-shipping-details\">inkl. MwSt., zzgl. Versandkosten (Inland-Versandkosten = 0,00 \u20ac)<\/p>\n<p id=\"price-and-shipping-details\">Lieferzeit: 3-5 Werktage<\/p>\n<p>Magnus Florin<\/p>\n<p>Roman, aus dem Schwedischen \u00fcbersetzt von Benedikt Grabinski<\/p>\n<p>128 Seiten<\/p>\n","protected":false},"featured_media":405,"comment_status":"closed","ping_status":"closed","template":"","meta":[],"product_brand":[],"product_cat":[334,35],"product_tag":[337],"class_list":{"0":"post-404","1":"product","2":"type-product","3":"status-publish","4":"has-post-thumbnail","6":"product_cat-prosa","7":"product_cat-romane-prosa","8":"product_tag-magnus-florin","9":"pa_autor-florin-magnus","10":"pa_autorin-magnus-sten-gustaf-florin-3-august-1955-ist-ein-schwedischer-schriftsteller-regisseur-und-dramaturg-florin-debuetierte-als-schriftsteller-im-jahre-1978-mit-bla-blusen-arbetertheater-in-den-3","11":"pa_erscheinungsjahr-182","12":"pa_info-uebersetzer-geboren-in-nuernberg-kulturwissenschaftliches-studium-in-muenchen-reykjavik-und-tuebingen-uebersetzungen-aus-dem-islaendischen-petur-gunnarsson-und-schwedischen-magnus-florin","13":"pa_isbn-978-942955-45-4","14":"pa_seiten-103","15":"pa_uebersetzer-grabinski-benedikt","17":"first","18":"instock","19":"shipping-taxable","20":"purchasable","21":"product-type-simple"},"_links":{"self":[{"href":"https:\/\/www.edition-rugerup.de\/index.php?rest_route=\/wp\/v2\/product\/404","targetHints":{"allow":["GET"]}}],"collection":[{"href":"https:\/\/www.edition-rugerup.de\/index.php?rest_route=\/wp\/v2\/product"}],"about":[{"href":"https:\/\/www.edition-rugerup.de\/index.php?rest_route=\/wp\/v2\/types\/product"}],"replies":[{"embeddable":true,"href":"https:\/\/www.edition-rugerup.de\/index.php?rest_route=%2Fwp%2Fv2%2Fcomments&post=404"}],"wp:featuredmedia":[{"embeddable":true,"href":"https:\/\/www.edition-rugerup.de\/index.php?rest_route=\/wp\/v2\/media\/405"}],"wp:attachment":[{"href":"https:\/\/www.edition-rugerup.de\/index.php?rest_route=%2Fwp%2Fv2%2Fmedia&parent=404"}],"wp:term":[{"taxonomy":"product_brand","embeddable":true,"href":"https:\/\/www.edition-rugerup.de\/index.php?rest_route=%2Fwp%2Fv2%2Fproduct_brand&post=404"},{"taxonomy":"product_cat","embeddable":true,"href":"https:\/\/www.edition-rugerup.de\/index.php?rest_route=%2Fwp%2Fv2%2Fproduct_cat&post=404"},{"taxonomy":"product_tag","embeddable":true,"href":"https:\/\/www.edition-rugerup.de\/index.php?rest_route=%2Fwp%2Fv2%2Fproduct_tag&post=404"}],"curies":[{"name":"wp","href":"https:\/\/api.w.org\/{rel}","templated":true}]}}