{"id":37,"date":"2013-03-11T17:55:31","date_gmt":"2013-03-11T16:55:31","guid":{"rendered":"http:\/\/www.edition-rugerup.de\/?post_type=product&#038;p=37"},"modified":"2020-11-21T02:11:03","modified_gmt":"2020-11-21T01:11:03","slug":"legende-von-schatten","status":"publish","type":"product","link":"https:\/\/www.edition-rugerup.de\/?product=legende-von-schatten","title":{"rendered":"Legende von Schatten"},"content":{"rendered":"<p>Ein r\u00e4tselhafter Baumeister st\u00fcrzt Ende des 17. Jahrhunderts mit seinem Bergbauprojekt eine ganze Anden\u00adprovinz ins Chaos und bringt Tod und Verderben \u00fcber die Indio-Bev\u00f6lkerung der Region. W\u00e4hrend eine milit\u00e4rische Expedition nach vielen Fehlschl\u00e4gen dem Treiben endlich ein Ende bereitet, bringt ein indianischer Kundschafter, der die Herkunft des Baumeisters erforschen soll, ein dunkles Geheimnis ans Licht.<\/p>\n<p>\u00bbEin Pageturner!\u00ab Lore Kleinert in\u00a0\u00bbLiteraturzeit\u00ab, Nordwestradio (Radio Bremen \/ NDR). Sa. 6.7.2013<\/p>\n<p><a href=\"http:\/\/www.legende-von-schatten.de\/fileadmin\/media_files\/legende-wehlim-radio-bremen-7-juli-2013.mp3\" target=\"_blank\" rel=\"noopener noreferrer\">Link zur Besprechung in Mediathek Radio Bremen &#8230;<\/a><\/p>\n<p>&nbsp;<\/p>\n","protected":false},"excerpt":{"rendered":"<p id=\"price-and-shipping-details\">inkl. MwSt., zzgl. Versandkosten (Inland-Versandkosten = 0,00 \u20ac)<\/p>\n<p id=\"price-and-shipping-details\">Lieferzeit: 3-5 Werktage<\/p>\n<p>Thomas Josef Wehlim<\/p>\n<p>Roman<\/p>\n<p>165 Seiten<br \/>\nHardcover<\/p>\n","protected":false},"featured_media":127,"comment_status":"closed","ping_status":"closed","template":"","meta":[],"product_brand":[],"product_cat":[334,35],"product_tag":[34,33,335],"class_list":{"0":"post-37","1":"product","2":"type-product","3":"status-publish","4":"has-post-thumbnail","6":"product_cat-prosa","7":"product_cat-romane-prosa","8":"product_tag-historischer-roman","9":"product_tag-sudamerika","10":"product_tag-wehlim","11":"pa_autor-wehlim-thomas-josef","12":"pa_erscheinungsjahr-60","13":"pa_isbn-978-3-942955-36-2","14":"pa_webseite-httpwww-legende-von-schatten-de","16":"first","17":"instock","18":"shipping-taxable","19":"purchasable","20":"product-type-simple"},"_links":{"self":[{"href":"https:\/\/www.edition-rugerup.de\/index.php?rest_route=\/wp\/v2\/product\/37","targetHints":{"allow":["GET"]}}],"collection":[{"href":"https:\/\/www.edition-rugerup.de\/index.php?rest_route=\/wp\/v2\/product"}],"about":[{"href":"https:\/\/www.edition-rugerup.de\/index.php?rest_route=\/wp\/v2\/types\/product"}],"replies":[{"embeddable":true,"href":"https:\/\/www.edition-rugerup.de\/index.php?rest_route=%2Fwp%2Fv2%2Fcomments&post=37"}],"wp:featuredmedia":[{"embeddable":true,"href":"https:\/\/www.edition-rugerup.de\/index.php?rest_route=\/wp\/v2\/media\/127"}],"wp:attachment":[{"href":"https:\/\/www.edition-rugerup.de\/index.php?rest_route=%2Fwp%2Fv2%2Fmedia&parent=37"}],"wp:term":[{"taxonomy":"product_brand","embeddable":true,"href":"https:\/\/www.edition-rugerup.de\/index.php?rest_route=%2Fwp%2Fv2%2Fproduct_brand&post=37"},{"taxonomy":"product_cat","embeddable":true,"href":"https:\/\/www.edition-rugerup.de\/index.php?rest_route=%2Fwp%2Fv2%2Fproduct_cat&post=37"},{"taxonomy":"product_tag","embeddable":true,"href":"https:\/\/www.edition-rugerup.de\/index.php?rest_route=%2Fwp%2Fv2%2Fproduct_tag&post=37"}],"curies":[{"name":"wp","href":"https:\/\/api.w.org\/{rel}","templated":true}]}}