{"id":34,"date":"2013-05-08T09:47:07","date_gmt":"2013-05-08T07:47:07","guid":{"rendered":"http:\/\/www.edition-rugerup.de\/?post_type=product&#038;p=34"},"modified":"2016-11-26T17:10:26","modified_gmt":"2016-11-26T16:10:26","slug":"kalifat","status":"publish","type":"product","link":"https:\/\/www.edition-rugerup.de\/?product=kalifat","title":{"rendered":"Die Tage des Kalifats"},"content":{"rendered":"<p style=\"text-align: justify;\">Die Deutsch-Afghanin Sarina bricht im Oktober 2001 in das pakistanische Grenzland auf, um ihren Sohn zu suchen, der kurz nach den Anschl\u00e4gen vom 11. September an der af\u00adghanischen Grenze ver\u00adschwunden ist. Begleitet nur von einer r\u00e4tselhaften Zirkustruppe, ger\u00e4t sie in die m\u00f6rderischen Abschluss\u00adk\u00e4mpfe zwischen Ameri\u00adkanern und Taliban.<br \/>\nHierbei verkn\u00fcpft der Roman in k\u00fchler, pr\u00e4ziser und doch poetischer Sprache kunstvoll die Erlebnisse der weiblichen Hauptfigur mit dem Schicksal einer US-Einheit und eines Leibw\u00e4chters des im Mai 2011 get\u00f6teten Osama bin Laden.<\/p>\n","protected":false},"excerpt":{"rendered":"<p id=\"price-and-shipping-details\">inkl. MwSt., zzgl. Versandkosten (Inland-Versandkosten = 0,00 \u20ac)<\/p>\n<p id=\"price-and-shipping-details\">Lieferzeit: 3-5 Werktage<\/p>\n<p>Thomas Josef Wehlim<\/p>\n<p>Roman<\/p>\n<p>235 Seiten<br \/>\nHardcover<\/p>\n","protected":false},"featured_media":128,"comment_status":"closed","ping_status":"closed","template":"","meta":[],"product_brand":[],"product_cat":[334,35],"product_tag":[36,37,38,335],"class_list":{"0":"post-34","1":"product","2":"type-product","3":"status-publish","4":"has-post-thumbnail","6":"product_cat-prosa","7":"product_cat-romane-prosa","8":"product_tag-36","9":"product_tag-afghanistan","10":"product_tag-pakistan","11":"product_tag-wehlim","12":"pa_autor-wehlim-thomas-josef","13":"pa_erscheinungsjahr-57","14":"pa_isbn-978-3-942955-08-9","16":"first","17":"instock","18":"shipping-taxable","19":"purchasable","20":"product-type-simple"},"_links":{"self":[{"href":"https:\/\/www.edition-rugerup.de\/index.php?rest_route=\/wp\/v2\/product\/34","targetHints":{"allow":["GET"]}}],"collection":[{"href":"https:\/\/www.edition-rugerup.de\/index.php?rest_route=\/wp\/v2\/product"}],"about":[{"href":"https:\/\/www.edition-rugerup.de\/index.php?rest_route=\/wp\/v2\/types\/product"}],"replies":[{"embeddable":true,"href":"https:\/\/www.edition-rugerup.de\/index.php?rest_route=%2Fwp%2Fv2%2Fcomments&post=34"}],"wp:featuredmedia":[{"embeddable":true,"href":"https:\/\/www.edition-rugerup.de\/index.php?rest_route=\/wp\/v2\/media\/128"}],"wp:attachment":[{"href":"https:\/\/www.edition-rugerup.de\/index.php?rest_route=%2Fwp%2Fv2%2Fmedia&parent=34"}],"wp:term":[{"taxonomy":"product_brand","embeddable":true,"href":"https:\/\/www.edition-rugerup.de\/index.php?rest_route=%2Fwp%2Fv2%2Fproduct_brand&post=34"},{"taxonomy":"product_cat","embeddable":true,"href":"https:\/\/www.edition-rugerup.de\/index.php?rest_route=%2Fwp%2Fv2%2Fproduct_cat&post=34"},{"taxonomy":"product_tag","embeddable":true,"href":"https:\/\/www.edition-rugerup.de\/index.php?rest_route=%2Fwp%2Fv2%2Fproduct_tag&post=34"}],"curies":[{"name":"wp","href":"https:\/\/api.w.org\/{rel}","templated":true}]}}