{"id":289,"date":"2013-09-03T14:27:18","date_gmt":"2013-09-03T12:27:18","guid":{"rendered":"http:\/\/www.edition-rugerup.de\/?post_type=product&#038;p=289"},"modified":"2016-11-27T00:59:44","modified_gmt":"2016-11-26T23:59:44","slug":"zeigerloser-weg","status":"publish","type":"product","link":"https:\/\/www.edition-rugerup.de\/?product=zeigerloser-weg","title":{"rendered":"Zeigerloser Weg"},"content":{"rendered":"<p>Das Leben von 61 Frauen stellt die Dichterin in Haiku vor, die unerwartet viel \u00fcber das Leben der K\u00fcnstlerinnen, Schriftstellerinnen, Musikerinnen aussagen. Kurze Biographien rufen das Leben dieser ber\u00fchmten Frauen ins Ged\u00e4chtnis, ausdrucksstarke Tuschzeichnungen der jungen K\u00fcnstlerin Yun Nam illustrieren das Buch.<\/p>\n","protected":false},"excerpt":{"rendered":"<p id=\"price-and-shipping-details\">inkl. MwSt., zzgl. Versandkosten (Inland-Versandkosten = 0,00 \u20ac)<\/p>\n<p id=\"price-and-shipping-details\">Lieferzeit: 3-5 Werktage<\/p>\n<p>Dagmar Tollwerth<\/p>\n<p>61 Haiku \u00fcber Frauen<br \/>\nmit Tuschzeichnungen von Yun Nam<\/p>\n<p>160 Seiten<br \/>\nHardcover<\/p>\n","protected":false},"featured_media":290,"comment_status":"closed","ping_status":"closed","template":"","meta":[],"product_brand":[],"product_cat":[15,332],"product_tag":[],"class_list":{"0":"post-289","1":"product","2":"type-product","3":"status-publish","4":"has-post-thumbnail","6":"product_cat-deutschsprachige-lyrik","7":"product_cat-lyrik","8":"pa_autor-tollwerth-dagmar","9":"pa_erscheinungsjahr-60","10":"pa_isbn-978-3-942955-33-1","12":"first","13":"instock","14":"shipping-taxable","15":"purchasable","16":"product-type-simple"},"_links":{"self":[{"href":"https:\/\/www.edition-rugerup.de\/index.php?rest_route=\/wp\/v2\/product\/289","targetHints":{"allow":["GET"]}}],"collection":[{"href":"https:\/\/www.edition-rugerup.de\/index.php?rest_route=\/wp\/v2\/product"}],"about":[{"href":"https:\/\/www.edition-rugerup.de\/index.php?rest_route=\/wp\/v2\/types\/product"}],"replies":[{"embeddable":true,"href":"https:\/\/www.edition-rugerup.de\/index.php?rest_route=%2Fwp%2Fv2%2Fcomments&post=289"}],"wp:featuredmedia":[{"embeddable":true,"href":"https:\/\/www.edition-rugerup.de\/index.php?rest_route=\/wp\/v2\/media\/290"}],"wp:attachment":[{"href":"https:\/\/www.edition-rugerup.de\/index.php?rest_route=%2Fwp%2Fv2%2Fmedia&parent=289"}],"wp:term":[{"taxonomy":"product_brand","embeddable":true,"href":"https:\/\/www.edition-rugerup.de\/index.php?rest_route=%2Fwp%2Fv2%2Fproduct_brand&post=289"},{"taxonomy":"product_cat","embeddable":true,"href":"https:\/\/www.edition-rugerup.de\/index.php?rest_route=%2Fwp%2Fv2%2Fproduct_cat&post=289"},{"taxonomy":"product_tag","embeddable":true,"href":"https:\/\/www.edition-rugerup.de\/index.php?rest_route=%2Fwp%2Fv2%2Fproduct_tag&post=289"}],"curies":[{"name":"wp","href":"https:\/\/api.w.org\/{rel}","templated":true}]}}