{"id":285,"date":"2013-09-03T14:12:55","date_gmt":"2013-09-03T12:12:55","guid":{"rendered":"http:\/\/www.edition-rugerup.de\/?post_type=product&#038;p=285"},"modified":"2016-02-08T13:24:37","modified_gmt":"2016-02-08T12:24:37","slug":"segel-aus-salz","status":"publish","type":"product","link":"https:\/\/www.edition-rugerup.de\/?product=segel-aus-salz","title":{"rendered":"Segel aus Salz"},"content":{"rendered":"<p style=\"text-align: justify;\">Als Lyriker geh\u00f6rte Iain Crichton Smith mit Norman MacCaig, Edwin Morgan und Sorley MacLean zu dem gro\u00dfen schottischen Viergestein der Nachkriegszeit. \u00c4hnlich wie diese geht er mit seinen Dichtungen weit \u00fcber die schottischen Thematiken hinaus. Die Weltgeschichte macht sich auch in den kleinesten H\u00fctten, bei den crofters, den K\u00f6ttern, H\u00e4uslern oder Kleinp\u00e4chtern, und am fernsten Strand noch bemerkbar, ob als Weltkrieg, Shoah oder Atombombe. Smiths Dichtung ist ohnehin stark von der Geschichte gepr\u00e4gt. In seinem Roman &#8222;Consider the Lilies&#8220; (1968) hat er am Schicksal einer alten Frau die zum Teil f\u00fcrchterlichen Auswirkungen der schottischen \u201eClearances\u201c erz\u00e4hlt, jener Vertreibung der Hochland-Bewohner, die f\u00fcr die wachsende Schafzucht ihre Heimat r\u00e4umen mu\u00dften. Elend und Emigration hie\u00dfen die Konsequenzen, und so hat Smith in vielen Gedichten die ins Unbekannte fahrenden Emigranten und \u00fcberhaupt das Exil beschrieben.<br \/>\n&#8222;Den Vertriebenen und Auswanderern und den gebliebenen Alten, die die g\u00e4lische Sprache und ihre Kultur zu bewahren suchen, hat der Schotte seine Gedichte gewidmet. In ihnen beschw\u00f6rt er die Sch\u00f6nheit und den Glanz des Alten. Den Exilanten aber halten Hoffnung und Erinnerung am Leben. Smith umrei\u00dft dessen Elend in Hunger und Alkohol. Seine Verse sp\u00fcren den Ver\u00e4nderungen nach, die Vertreibung und Emigration bei Menschen bewirken&#8220;, so hat es Dorothea von T\u00f6rne in ihrer Rezension zu &#8222;Segel aus Salz&#8220; in der Welt beschrieben.<br \/>\nElmar Schenkel hat nun eine eine breite Auswahl aus dem Werk dieses gro\u00dfen Lyrikers \u00fcbersetzt und zudem ein Nachwort geschrieben, um den gro\u00dfen Schotten deutschen Lesern zug\u00e4nglich zu machen.<\/p>\n","protected":false},"excerpt":{"rendered":"<p id=\"price-and-shipping-details\">inkl. MwSt., zzgl. Versandkosten (Inland-Versandkosten = 0,00 \u20ac)<\/p>\n<p id=\"price-and-shipping-details\">Lieferzeit: 3-5 Werktage<\/p>\n<p style=\"text-align: left;\">Iain Chrichton Smith<\/p>\n<p style=\"text-align: left;\">Ausgew\u00e4hlte Gedichte (zweisprachig), \u00fcbersetzt und mit Nachwort von Elmar Schenkel<\/p>\n<p style=\"text-align: left;\">160 Seiten<br \/>\nEnglische Klappenbroschur<\/p>\n","protected":false},"featured_media":286,"comment_status":"closed","ping_status":"closed","template":"","meta":[],"product_brand":[],"product_cat":[54,15,14,72],"product_tag":[],"class_list":{"0":"post-285","1":"product","2":"type-product","3":"status-publish","4":"has-post-thumbnail","6":"product_cat-angelsachsische-lyrik","7":"product_cat-deutschsprachige-lyrik","8":"product_cat-internationale-lyrik","9":"product_cat-schottische-lyrik","10":"pa_autor-smith-iain-chrichton","11":"pa_erscheinungsjahr-158","12":"pa_info-uebersetzer-elmar-schenkel-geboren-1953-bei-soest-westf-lebt-seit-1993-in-leipzig-als-anglist-schriftsteller-und-uebersetzer-er-hat-arbeiten-zu-john-cowper-powys-hugo-kuekelhaus-zur-modernen-lyrik-reise","13":"pa_isbn-978-3-942955-14-0","14":"pa_uebersetzer-schenkel-elmar","16":"first","17":"instock","18":"downloadable","19":"virtual","20":"purchasable","21":"product-type-simple"},"_links":{"self":[{"href":"https:\/\/www.edition-rugerup.de\/index.php?rest_route=\/wp\/v2\/product\/285","targetHints":{"allow":["GET"]}}],"collection":[{"href":"https:\/\/www.edition-rugerup.de\/index.php?rest_route=\/wp\/v2\/product"}],"about":[{"href":"https:\/\/www.edition-rugerup.de\/index.php?rest_route=\/wp\/v2\/types\/product"}],"replies":[{"embeddable":true,"href":"https:\/\/www.edition-rugerup.de\/index.php?rest_route=%2Fwp%2Fv2%2Fcomments&post=285"}],"wp:featuredmedia":[{"embeddable":true,"href":"https:\/\/www.edition-rugerup.de\/index.php?rest_route=\/wp\/v2\/media\/286"}],"wp:attachment":[{"href":"https:\/\/www.edition-rugerup.de\/index.php?rest_route=%2Fwp%2Fv2%2Fmedia&parent=285"}],"wp:term":[{"taxonomy":"product_brand","embeddable":true,"href":"https:\/\/www.edition-rugerup.de\/index.php?rest_route=%2Fwp%2Fv2%2Fproduct_brand&post=285"},{"taxonomy":"product_cat","embeddable":true,"href":"https:\/\/www.edition-rugerup.de\/index.php?rest_route=%2Fwp%2Fv2%2Fproduct_cat&post=285"},{"taxonomy":"product_tag","embeddable":true,"href":"https:\/\/www.edition-rugerup.de\/index.php?rest_route=%2Fwp%2Fv2%2Fproduct_tag&post=285"}],"curies":[{"name":"wp","href":"https:\/\/api.w.org\/{rel}","templated":true}]}}