{"id":283,"date":"2013-09-03T14:07:51","date_gmt":"2013-09-03T12:07:51","guid":{"rendered":"http:\/\/www.edition-rugerup.de\/?post_type=product&#038;p=283"},"modified":"2016-01-19T23:27:36","modified_gmt":"2016-01-19T22:27:36","slug":"kleine-paradiese","status":"publish","type":"product","link":"https:\/\/www.edition-rugerup.de\/?product=kleine-paradiese","title":{"rendered":"Kleine Paradiese"},"content":{"rendered":"<p>Das l\u00e4ndliche Schweden, die St\u00e4dte Venedig, Moskau, Paris: Es sind idyllische und legend\u00e4re Orte, in denen das Personal von Ulrich Schachts Erz\u00e4hlungen versucht, das Gl\u00fcck zu finden. Mit Selbstbewu\u00dftsein und Reflexionsf\u00e4higkeit sind die Menschen seiner Geschichten begabt, mit vielen M\u00f6glichkeiten des Gelingens vertraut. Immer wieder ersch\u00fcttern zwischenmenschliche Dramen die beruhigten Fassaden und natursch\u00f6nen Szenerien, und Schmerz und historisches Leid zeigen sich als Lebensmuster, denen niemand zu entkommen scheint. Und dennoch dominiert am Ende nicht reine Sinnlosigkeit, weil in den R\u00e4umen dazwischen immer wieder aufscheint, ws wir, verhalten genug, das Gl\u00fcck zu nennen bereit sind.<\/p>\n","protected":false},"excerpt":{"rendered":"<p id=\"price-and-shipping-details\">inkl. MwSt., zzgl. Versandkosten (Inland-Versandkosten = 0,00 \u20ac)<\/p>\n<p id=\"price-and-shipping-details\">Lieferzeit: 3-5 Werktage<\/p>\n<p>Ulrich Schacht<\/p>\n<p>Erz\u00e4hlungen<\/p>\n<p>184 Seiten<br \/>\nHardcover<\/p>\n","protected":false},"featured_media":284,"comment_status":"closed","ping_status":"closed","template":"","meta":[],"product_brand":[],"product_cat":[178,172,334],"product_tag":[],"class_list":{"0":"post-283","1":"product","2":"type-product","3":"status-publish","4":"has-post-thumbnail","6":"product_cat-erzahlungen","7":"product_cat-kurzprosa","8":"product_cat-prosa","9":"pa_autor-schacht-ulrich","10":"pa_autorin-1951-geboren-aufgewachsen-in-der-hansestadt-wismar-grundschule-baeckerlehre-studium-der-evangelischen-theologie-in-rostock-und-erfurt-1973-verhaftung-und-verurteilung-aus-politischen-gruenden-zu","11":"pa_erscheinungsjahr-60","12":"pa_isbn-978-3-942955-37-9","14":"first","15":"instock","16":"shipping-taxable","17":"purchasable","18":"product-type-simple"},"_links":{"self":[{"href":"https:\/\/www.edition-rugerup.de\/index.php?rest_route=\/wp\/v2\/product\/283","targetHints":{"allow":["GET"]}}],"collection":[{"href":"https:\/\/www.edition-rugerup.de\/index.php?rest_route=\/wp\/v2\/product"}],"about":[{"href":"https:\/\/www.edition-rugerup.de\/index.php?rest_route=\/wp\/v2\/types\/product"}],"replies":[{"embeddable":true,"href":"https:\/\/www.edition-rugerup.de\/index.php?rest_route=%2Fwp%2Fv2%2Fcomments&post=283"}],"wp:featuredmedia":[{"embeddable":true,"href":"https:\/\/www.edition-rugerup.de\/index.php?rest_route=\/wp\/v2\/media\/284"}],"wp:attachment":[{"href":"https:\/\/www.edition-rugerup.de\/index.php?rest_route=%2Fwp%2Fv2%2Fmedia&parent=283"}],"wp:term":[{"taxonomy":"product_brand","embeddable":true,"href":"https:\/\/www.edition-rugerup.de\/index.php?rest_route=%2Fwp%2Fv2%2Fproduct_brand&post=283"},{"taxonomy":"product_cat","embeddable":true,"href":"https:\/\/www.edition-rugerup.de\/index.php?rest_route=%2Fwp%2Fv2%2Fproduct_cat&post=283"},{"taxonomy":"product_tag","embeddable":true,"href":"https:\/\/www.edition-rugerup.de\/index.php?rest_route=%2Fwp%2Fv2%2Fproduct_tag&post=283"}],"curies":[{"name":"wp","href":"https:\/\/api.w.org\/{rel}","templated":true}]}}