{"id":278,"date":"2013-09-03T13:51:00","date_gmt":"2013-09-03T11:51:00","guid":{"rendered":"http:\/\/www.edition-rugerup.de\/?post_type=product&#038;p=278"},"modified":"2017-02-24T14:18:50","modified_gmt":"2017-02-24T13:18:50","slug":"tagebuch-abendwolken","status":"publish","type":"product","link":"https:\/\/www.edition-rugerup.de\/?product=tagebuch-abendwolken","title":{"rendered":"Tagebuch, Abendwolken"},"content":{"rendered":"<p>H\u00e5kan Sandell geht mit seinen Gedichten eigene Wege. Bereits in seiner Jugend war er Gr\u00fcndungsmitglied einer lokalen Bewegung in Malm\u00f6, die sich \u201eMalm\u00f6ligan\u201c nannte und eine Erneuerung der Kunst propagierte, deren \u00c4sthetik sie \u201eRetrogardismus\u201c nannten. Stilmittel und Handwerk vergangener Epochen, im Laufe des 20. Jahrhunderts oft verdr\u00e4ngt und vergessen, sollten zu einer modernen Lyrik und Malerei f\u00fchren, die auf alte Traditionen und Topoi aufbaut, statt mit ihnen zu brechen, und die sich intensiv dem zeitgen\u00f6ssischen Leben widmen. Diese Richtung verfolgt H\u00e5kan Sanell seitdem f\u00fcr sich weiter, sein neuester Band \u201eGyllene Dagar\u201c (Goldene Tage, 2009) ist der vorl\u00e4ufige H\u00f6hepunkt seiner Arbeit. Insgesamt hat Sandell an die 20 B\u00fccher ver\u00f6ffentlicht, sein unkonventionelles Werk wird von der Kritik hoch gelobt. \u201eH\u00e5kan Sandell steht mitten in seiner Zeit, wie es schon andere lyrische Traditionalisten von Rang taten. Spontan fallen mir Mi\u0142osz, Auden, Brodsky und Walcott ein \u2026\u201c schrieb Tommy Olofsson, Svenska Dagbladet. \u201eTagebuch, Abendwolken\u201c soll einen \u00dcberblick \u00fcber das bisherige Werk Sandells geben, der Schwerpunkt liegt dabei auf den neueren Texten.<\/p>\n","protected":false},"excerpt":{"rendered":"<p id=\"price-and-shipping-details\">inkl. MwSt., zzgl. Versandkosten (Inland-Versandkosten = 0,00 \u20ac)<\/p>\n<p id=\"price-and-shipping-details\">Lieferzeit: 3-5 Werktage<\/p>\n<p>H\u00e5kan Sandell<\/p>\n<p>Ausgew\u00e4hlte Gedichte<br \/>\nzweisprachig<br \/>\nAus dem Schwedischen von Margitt Lehbert<\/p>\n<p>160 Seiten<br \/>\nEnglische Klappenbroschur<\/p>\n","protected":false},"featured_media":279,"comment_status":"closed","ping_status":"closed","template":"","meta":[],"product_brand":[],"product_cat":[14,332,130,53],"product_tag":[],"class_list":{"0":"post-278","1":"product","2":"type-product","3":"status-publish","4":"has-post-thumbnail","6":"product_cat-internationale-lyrik","7":"product_cat-lyrik","8":"product_cat-schwedische-lyrik","9":"product_cat-skandinavische-lyrik","10":"pa_autor-sandell-hakan","11":"pa_autorin-hakan-sandell-wurde-1962-in-malmoe-schweden-geboren-und-debuetierte-schon-1981-mit-einer-ersten-kleinen-gedichtsammlung","12":"pa_erscheinungsjahr-160","13":"pa_isbn-978-3-942955-21-8","14":"pa_uebersetzer-lehbert-margitt","16":"first","17":"instock","18":"shipping-taxable","19":"purchasable","20":"product-type-simple"},"_links":{"self":[{"href":"https:\/\/www.edition-rugerup.de\/index.php?rest_route=\/wp\/v2\/product\/278","targetHints":{"allow":["GET"]}}],"collection":[{"href":"https:\/\/www.edition-rugerup.de\/index.php?rest_route=\/wp\/v2\/product"}],"about":[{"href":"https:\/\/www.edition-rugerup.de\/index.php?rest_route=\/wp\/v2\/types\/product"}],"replies":[{"embeddable":true,"href":"https:\/\/www.edition-rugerup.de\/index.php?rest_route=%2Fwp%2Fv2%2Fcomments&post=278"}],"wp:featuredmedia":[{"embeddable":true,"href":"https:\/\/www.edition-rugerup.de\/index.php?rest_route=\/wp\/v2\/media\/279"}],"wp:attachment":[{"href":"https:\/\/www.edition-rugerup.de\/index.php?rest_route=%2Fwp%2Fv2%2Fmedia&parent=278"}],"wp:term":[{"taxonomy":"product_brand","embeddable":true,"href":"https:\/\/www.edition-rugerup.de\/index.php?rest_route=%2Fwp%2Fv2%2Fproduct_brand&post=278"},{"taxonomy":"product_cat","embeddable":true,"href":"https:\/\/www.edition-rugerup.de\/index.php?rest_route=%2Fwp%2Fv2%2Fproduct_cat&post=278"},{"taxonomy":"product_tag","embeddable":true,"href":"https:\/\/www.edition-rugerup.de\/index.php?rest_route=%2Fwp%2Fv2%2Fproduct_tag&post=278"}],"curies":[{"name":"wp","href":"https:\/\/api.w.org\/{rel}","templated":true}]}}