{"id":276,"date":"2013-09-03T13:46:19","date_gmt":"2013-09-03T11:46:19","guid":{"rendered":"http:\/\/www.edition-rugerup.de\/?post_type=product&#038;p=276"},"modified":"2016-02-07T19:16:33","modified_gmt":"2016-02-07T18:16:33","slug":"ein-archivar-groser-taten","status":"publish","type":"product","link":"https:\/\/www.edition-rugerup.de\/?product=ein-archivar-groser-taten","title":{"rendered":"Ein Archivar gro\u00dfer Taten"},"content":{"rendered":"<p>&#8222;Von Heinrich Heine hat er die Spitzz\u00fcngigkeit und Sch\u00e4rfe, von Wilhelm Busch den boshaften Humor, von Shakespeares Limericks den Weltverstand&#8230;&#8220;, Dorothea von T\u00f6rne, Die Welt.<\/p>\n<p style=\"text-align: justify;\">Gabriel Rosenstock schreibt auf irisch, einer Sprache, die als l\u00e4ndlich und altmodisch galt, und gewann dieser Sprache eine Poesie ab, die selbst deren Sprecher erstaunte. Aber noch verwunderlicher sind seine Themen, seine Interessen, die oft \u00fcber das \u00d6rtliche hinaus bis zu den Traditionen des Orients reichen, zu Rumi, zu den Adaptionen Ezra Pounds aus dem Chinesischen, zu der reichen Mystik Indiens. Aus diesen diversen Einfl\u00fcssen formt Rosenstock seine unerwartete und oft ber\u00fchrende Lyrik.<\/p>\n","protected":false},"excerpt":{"rendered":"<p id=\"price-and-shipping-details\">inkl. MwSt., zzgl. Versandkosten (Inland-Versandkosten = 0,00 \u20ac)<\/p>\n<p id=\"price-and-shipping-details\">Lieferzeit: 3-5 Werktage<\/p>\n<p>Gabriel Rosenstock<\/p>\n<p>Ausgew\u00e4hlte Gedichte<br \/>\nAus dem G\u00e4lischen von Hans-Christian Oeser<\/p>\n<p>128 Seiten<br \/>\nEnglische Klappenbroschur<\/p>\n","protected":false},"featured_media":277,"comment_status":"closed","ping_status":"closed","template":"","meta":[],"product_brand":[],"product_cat":[54,14,107,332],"product_tag":[],"class_list":{"0":"post-276","1":"product","2":"type-product","3":"status-publish","4":"has-post-thumbnail","6":"product_cat-angelsachsische-lyrik","7":"product_cat-internationale-lyrik","8":"product_cat-irische-lyrik","9":"product_cat-lyrik","10":"pa_autor-rosenstock-gabriel","11":"pa_autorin-gabriel-rosenstock-1949-als-sohn-eines-deutschen-vaters-und-einer-irischen-mutter-in-kilfinane-co-limerick-geboren-ist-einer-der-angesehensten-und-vielseitigsten-lyriker-irischer-sprache-seine-g","12":"pa_erscheinungsjahr-40","13":"pa_isbn-978-3-942955-24-9","14":"pa_uebersetzer-oeser-hans-christian","16":"first","17":"instock","18":"shipping-taxable","19":"purchasable","20":"product-type-simple"},"_links":{"self":[{"href":"https:\/\/www.edition-rugerup.de\/index.php?rest_route=\/wp\/v2\/product\/276","targetHints":{"allow":["GET"]}}],"collection":[{"href":"https:\/\/www.edition-rugerup.de\/index.php?rest_route=\/wp\/v2\/product"}],"about":[{"href":"https:\/\/www.edition-rugerup.de\/index.php?rest_route=\/wp\/v2\/types\/product"}],"replies":[{"embeddable":true,"href":"https:\/\/www.edition-rugerup.de\/index.php?rest_route=%2Fwp%2Fv2%2Fcomments&post=276"}],"wp:featuredmedia":[{"embeddable":true,"href":"https:\/\/www.edition-rugerup.de\/index.php?rest_route=\/wp\/v2\/media\/277"}],"wp:attachment":[{"href":"https:\/\/www.edition-rugerup.de\/index.php?rest_route=%2Fwp%2Fv2%2Fmedia&parent=276"}],"wp:term":[{"taxonomy":"product_brand","embeddable":true,"href":"https:\/\/www.edition-rugerup.de\/index.php?rest_route=%2Fwp%2Fv2%2Fproduct_brand&post=276"},{"taxonomy":"product_cat","embeddable":true,"href":"https:\/\/www.edition-rugerup.de\/index.php?rest_route=%2Fwp%2Fv2%2Fproduct_cat&post=276"},{"taxonomy":"product_tag","embeddable":true,"href":"https:\/\/www.edition-rugerup.de\/index.php?rest_route=%2Fwp%2Fv2%2Fproduct_tag&post=276"}],"curies":[{"name":"wp","href":"https:\/\/api.w.org\/{rel}","templated":true}]}}