{"id":272,"date":"2013-09-03T11:58:57","date_gmt":"2013-09-03T09:58:57","guid":{"rendered":"http:\/\/www.edition-rugerup.de\/?post_type=product&#038;p=272"},"modified":"2016-02-05T16:35:02","modified_gmt":"2016-02-05T15:35:02","slug":"herbarium","status":"publish","type":"product","link":"https:\/\/www.edition-rugerup.de\/?product=herbarium","title":{"rendered":"Herbarium"},"content":{"rendered":"<p style=\"text-align: justify;\">In &#8222;Herbarium&#8220; lotet \u00d8yvind Rimbereid ein poetisches Genre aus, das in der Literaturgeschichte eine lange Tradition hat: das Blumengedicht. Doch geht Rimbereid in seinen Gedichten weit \u00fcber den traditionellen botanischen, symbolischen und kulturhistorischen Rahmen von Blumengedichten hinaus. Es sind Gedichte \u00fcber Giordano Bruno und Franz Kafkas Sterben, \u00fcber K\u00f6nigin Sonja und den Konflikt am Sinai, um Tibet und Vernichtungslager, Gedichte um Liebe und Vergessen und Trauer und ein gewaltiges Gedicht um die Geschichte der Finanzspekulation und B\u00f6rsenkr\u00e4che seit dem Tulpenwahn. Gedichte sowohl in gebundener Form als auch in freien Versen, lange rhapsodische und kurze poetische Funken.<\/p>\n<p style=\"text-align: justify;\">Das Buch wurde in Norwegen mit verschiedenen Preisen ausgezeichnet und schon in drei Auflagen gedruckt. Klaus Anders \u00fcbersetzt den Band und stellt in einem Nachwort den Lyriker und sein Werk vor.<\/p>\n","protected":false},"excerpt":{"rendered":"<p id=\"price-and-shipping-details\">inkl. MwSt., zzgl. Versandkosten (Inland-Versandkosten = 0,00 \u20ac)<\/p>\n<p id=\"price-and-shipping-details\">Lieferzeit: 3-5 Werktage<\/p>\n<p>\u00d8yvind Rimbereid<\/p>\n<p>Gedichte<br \/>\n\u00dcbersetzung und Nachwort von Klaus Anders<\/p>\n<p>86 Seiten<br \/>\nEnglische Klappenbroschur<\/p>\n","protected":false},"featured_media":273,"comment_status":"closed","ping_status":"closed","template":"","meta":[],"product_brand":[],"product_cat":[14,332,56,53],"product_tag":[],"class_list":{"0":"post-272","1":"product","2":"type-product","3":"status-publish","4":"has-post-thumbnail","6":"product_cat-internationale-lyrik","7":"product_cat-lyrik","8":"product_cat-norwegische-lyrik","9":"product_cat-skandinavische-lyrik","10":"pa_autor-rimbereid-oyvind","11":"pa_autorin-der-norwegische-autor-oyvind-rimbereid-1966-in-stavanger-geboren-er-erhielt-den-norwegischen-kritikerpreis-fuer-solaris-korrigert-und-den-renommierten-brage-preis-fuer-herbarium-letzterer-gedich","12":"pa_erscheinungsjahr-57","13":"pa_info-uebersetzer-klaus-anders-wurde-1952-in-wissen-an-der-sieg-westerwald-geboren-nach-widerwillig-absolviertem-schulbesuch-gaertnerlehre-dann-gartenbaustudium-arbeitete-eine-reihe-von-jahren-als-gaertner-textil","14":"pa_isbn-978-3-942955-10-2","15":"pa_uebersetzer-anders-klaus","17":"first","18":"instock","19":"shipping-taxable","20":"purchasable","21":"product-type-simple"},"_links":{"self":[{"href":"https:\/\/www.edition-rugerup.de\/index.php?rest_route=\/wp\/v2\/product\/272","targetHints":{"allow":["GET"]}}],"collection":[{"href":"https:\/\/www.edition-rugerup.de\/index.php?rest_route=\/wp\/v2\/product"}],"about":[{"href":"https:\/\/www.edition-rugerup.de\/index.php?rest_route=\/wp\/v2\/types\/product"}],"replies":[{"embeddable":true,"href":"https:\/\/www.edition-rugerup.de\/index.php?rest_route=%2Fwp%2Fv2%2Fcomments&post=272"}],"wp:featuredmedia":[{"embeddable":true,"href":"https:\/\/www.edition-rugerup.de\/index.php?rest_route=\/wp\/v2\/media\/273"}],"wp:attachment":[{"href":"https:\/\/www.edition-rugerup.de\/index.php?rest_route=%2Fwp%2Fv2%2Fmedia&parent=272"}],"wp:term":[{"taxonomy":"product_brand","embeddable":true,"href":"https:\/\/www.edition-rugerup.de\/index.php?rest_route=%2Fwp%2Fv2%2Fproduct_brand&post=272"},{"taxonomy":"product_cat","embeddable":true,"href":"https:\/\/www.edition-rugerup.de\/index.php?rest_route=%2Fwp%2Fv2%2Fproduct_cat&post=272"},{"taxonomy":"product_tag","embeddable":true,"href":"https:\/\/www.edition-rugerup.de\/index.php?rest_route=%2Fwp%2Fv2%2Fproduct_tag&post=272"}],"curies":[{"name":"wp","href":"https:\/\/api.w.org\/{rel}","templated":true}]}}