{"id":264,"date":"2013-09-03T11:37:33","date_gmt":"2013-09-03T09:37:33","guid":{"rendered":"http:\/\/www.edition-rugerup.de\/?post_type=product&#038;p=264"},"modified":"2013-09-06T15:51:23","modified_gmt":"2013-09-06T13:51:23","slug":"translations-from-nature-cd","status":"publish","type":"product","link":"https:\/\/www.edition-rugerup.de\/?product=translations-from-nature-cd","title":{"rendered":"Translations from Nature (CD)"},"content":{"rendered":"<p>Hier liest Les Murray in einer Studioaufnahme s\u00e4mtliche Gedichte aus dem Band &#8222;\u00dcbersetzungen aus der Natur&#8220; im Original vor. Knapp vierzig Minuten lang bezaubert uns der Dichter und l\u00e4\u00dft die Kreaturen der Welt sich mit eigener Stimme ins Leben singen. Das Buch &#8222;\u00dcbersetzungen aus der Natur&#8220; und die CD &#8222;Translations from Nature&#8220; kosten zusammen nur \u20ac 29,90. Dazu bitte aus dem Sortiment das Kombi-Paket bestellen!<\/p>\n","protected":false},"excerpt":{"rendered":"<p id=\"price-and-shipping-details\">inkl. MwSt., zzgl. Versandkosten (Inland-Versandkosten = 0,00 \u20ac)<\/p>\n<p id=\"price-and-shipping-details\">Lieferzeit: 3-5 Werktage<\/p>\n<p>Les Murray<\/p>\n<p>H\u00f6rbuch<br \/>\nIm Original gelesen von Les Murray<br \/>\n40 Minuten<\/p>\n","protected":false},"featured_media":302,"comment_status":"closed","ping_status":"closed","template":"","meta":[],"product_brand":[],"product_cat":[54,116,77,14,332],"product_tag":[],"class_list":{"0":"post-264","1":"product","2":"type-product","3":"status-publish","4":"has-post-thumbnail","6":"product_cat-angelsachsische-lyrik","7":"product_cat-australische-lyrik","8":"product_cat-cd","9":"product_cat-internationale-lyrik","10":"product_cat-lyrik","11":"pa_autor-murray-les","12":"pa_erscheinungsjahr-40","13":"pa_isbn-978-3-942955-26-3","15":"first","16":"instock","17":"shipping-taxable","18":"purchasable","19":"product-type-simple"},"_links":{"self":[{"href":"https:\/\/www.edition-rugerup.de\/index.php?rest_route=\/wp\/v2\/product\/264","targetHints":{"allow":["GET"]}}],"collection":[{"href":"https:\/\/www.edition-rugerup.de\/index.php?rest_route=\/wp\/v2\/product"}],"about":[{"href":"https:\/\/www.edition-rugerup.de\/index.php?rest_route=\/wp\/v2\/types\/product"}],"replies":[{"embeddable":true,"href":"https:\/\/www.edition-rugerup.de\/index.php?rest_route=%2Fwp%2Fv2%2Fcomments&post=264"}],"wp:featuredmedia":[{"embeddable":true,"href":"https:\/\/www.edition-rugerup.de\/index.php?rest_route=\/wp\/v2\/media\/302"}],"wp:attachment":[{"href":"https:\/\/www.edition-rugerup.de\/index.php?rest_route=%2Fwp%2Fv2%2Fmedia&parent=264"}],"wp:term":[{"taxonomy":"product_brand","embeddable":true,"href":"https:\/\/www.edition-rugerup.de\/index.php?rest_route=%2Fwp%2Fv2%2Fproduct_brand&post=264"},{"taxonomy":"product_cat","embeddable":true,"href":"https:\/\/www.edition-rugerup.de\/index.php?rest_route=%2Fwp%2Fv2%2Fproduct_cat&post=264"},{"taxonomy":"product_tag","embeddable":true,"href":"https:\/\/www.edition-rugerup.de\/index.php?rest_route=%2Fwp%2Fv2%2Fproduct_tag&post=264"}],"curies":[{"name":"wp","href":"https:\/\/api.w.org\/{rel}","templated":true}]}}