{"id":259,"date":"2013-09-03T11:23:14","date_gmt":"2013-09-03T09:23:14","guid":{"rendered":"http:\/\/www.edition-rugerup.de\/?post_type=product&#038;p=259"},"modified":"2015-05-08T14:39:01","modified_gmt":"2015-05-08T12:39:01","slug":"groser-im-liegen","status":"publish","type":"product","link":"https:\/\/www.edition-rugerup.de\/?product=groser-im-liegen","title":{"rendered":"Gr\u00f6\u00dfer im Liegen"},"content":{"rendered":"<p>Zusammen mit dem Dichter hat die \u00dcbersetzerin Margitt Lehbert aus den zwei neuesten B\u00e4nden des gro\u00dfen Australiers Les Murray die sch\u00f6nsten Texte ausgew\u00e4hlt. Zweisprachig pr\u00e4sentiert zeigen sie einmal mehr, warum dieser sprachgewaltige Mann nun schon seit fast 15 Jahren auf der Kurzliste f\u00fcr den Nobelpreis steht.<\/p>\n","protected":false},"excerpt":{"rendered":"<p id=\"price-and-shipping-details\">inkl. MwSt., zzgl. Versandkosten (Inland-Versandkosten = 0,00 \u20ac)<\/p>\n<p id=\"price-and-shipping-details\">Lieferzeit: 3-5 Werktage<\/p>\n<p>Les Murray<\/p>\n<p>Gedichte<br \/>\nzweisprachig<br \/>\nAus dem Englischen von Margitt Lehbert<\/p>\n<p>160 Seiten<br \/>\nEnglische Klappenbroschur<\/p>\n","protected":false},"featured_media":260,"comment_status":"closed","ping_status":"closed","template":"","meta":[],"product_brand":[],"product_cat":[54,116,14,332],"product_tag":[],"class_list":{"0":"post-259","1":"product","2":"type-product","3":"status-publish","4":"has-post-thumbnail","6":"product_cat-angelsachsische-lyrik","7":"product_cat-australische-lyrik","8":"product_cat-internationale-lyrik","9":"product_cat-lyrik","10":"pa_autor-murray-les","11":"pa_erscheinungsjahr-57","12":"pa_isbn-978-3-942955-04-1","13":"pa_uebersetzer-lehbert-margitt","15":"first","16":"instock","17":"shipping-taxable","18":"purchasable","19":"product-type-simple"},"_links":{"self":[{"href":"https:\/\/www.edition-rugerup.de\/index.php?rest_route=\/wp\/v2\/product\/259","targetHints":{"allow":["GET"]}}],"collection":[{"href":"https:\/\/www.edition-rugerup.de\/index.php?rest_route=\/wp\/v2\/product"}],"about":[{"href":"https:\/\/www.edition-rugerup.de\/index.php?rest_route=\/wp\/v2\/types\/product"}],"replies":[{"embeddable":true,"href":"https:\/\/www.edition-rugerup.de\/index.php?rest_route=%2Fwp%2Fv2%2Fcomments&post=259"}],"wp:featuredmedia":[{"embeddable":true,"href":"https:\/\/www.edition-rugerup.de\/index.php?rest_route=\/wp\/v2\/media\/260"}],"wp:attachment":[{"href":"https:\/\/www.edition-rugerup.de\/index.php?rest_route=%2Fwp%2Fv2%2Fmedia&parent=259"}],"wp:term":[{"taxonomy":"product_brand","embeddable":true,"href":"https:\/\/www.edition-rugerup.de\/index.php?rest_route=%2Fwp%2Fv2%2Fproduct_brand&post=259"},{"taxonomy":"product_cat","embeddable":true,"href":"https:\/\/www.edition-rugerup.de\/index.php?rest_route=%2Fwp%2Fv2%2Fproduct_cat&post=259"},{"taxonomy":"product_tag","embeddable":true,"href":"https:\/\/www.edition-rugerup.de\/index.php?rest_route=%2Fwp%2Fv2%2Fproduct_tag&post=259"}],"curies":[{"name":"wp","href":"https:\/\/api.w.org\/{rel}","templated":true}]}}