{"id":254,"date":"2013-09-03T11:11:26","date_gmt":"2013-09-03T09:11:26","guid":{"rendered":"http:\/\/www.edition-rugerup.de\/?post_type=product&#038;p=254"},"modified":"2017-07-10T00:13:39","modified_gmt":"2017-07-09T22:13:39","slug":"der-schwarze-hund","status":"publish","type":"product","link":"https:\/\/www.edition-rugerup.de\/?product=der-schwarze-hund","title":{"rendered":"Der schwarze Hund"},"content":{"rendered":"<p>\u00dcber viele lange Jahre litt Les Murray an zum Teil schweren Depressionen. Auch ein guter Teil seiner Dichtung ist aus der Auseinandersetzung mit diesem Leiden entstanden. Dieses Buch, das in Australien ein Bestseller wurde und viele Auflagen erlebte, beginnt mit einem langen autobiographischen Essay \u00fcber diese Krankheit, ihre Ursachen und der Kampf gegen sie. Die zweite H\u00e4lfte tr\u00e4gt Gedichte aus dem Werk zusammen, die in einer engen Beziehung zu seinem Thema stehen: mal beschreibend, mal nachdenkend, mal ausweichend.<\/p>\n","protected":false},"excerpt":{"rendered":"<p id=\"price-and-shipping-details\">inkl. MwSt., zzgl. Versandkosten (Inland-Versandkosten = 0,00 \u20ac)<\/p>\n<p id=\"price-and-shipping-details\">Derzeit \u00a0leider vergriffen.<\/p>\n<p>Les Murray<\/p>\n<p>Eine Denkschrift \u00fcber die Depression<br \/>\nAus dem Englischen von Margitt Lehbert<\/p>\n<p>96 Seiten<br \/>\nEnglische Klappenbroschur<\/p>\n","protected":false},"featured_media":256,"comment_status":"closed","ping_status":"closed","template":"","meta":[],"product_brand":[],"product_cat":[54,116,14,332],"product_tag":[],"class_list":{"0":"post-254","1":"product","2":"type-product","3":"status-publish","4":"has-post-thumbnail","6":"product_cat-angelsachsische-lyrik","7":"product_cat-australische-lyrik","8":"product_cat-internationale-lyrik","9":"product_cat-lyrik","10":"pa_autor-murray-les","11":"pa_erscheinungsjahr-63","12":"pa_isbn-978-3-942955-13-3","13":"pa_uebersetzer-lehbert-margitt","15":"first","16":"outofstock","17":"shipping-taxable","18":"purchasable","19":"product-type-simple"},"_links":{"self":[{"href":"https:\/\/www.edition-rugerup.de\/index.php?rest_route=\/wp\/v2\/product\/254","targetHints":{"allow":["GET"]}}],"collection":[{"href":"https:\/\/www.edition-rugerup.de\/index.php?rest_route=\/wp\/v2\/product"}],"about":[{"href":"https:\/\/www.edition-rugerup.de\/index.php?rest_route=\/wp\/v2\/types\/product"}],"replies":[{"embeddable":true,"href":"https:\/\/www.edition-rugerup.de\/index.php?rest_route=%2Fwp%2Fv2%2Fcomments&post=254"}],"wp:featuredmedia":[{"embeddable":true,"href":"https:\/\/www.edition-rugerup.de\/index.php?rest_route=\/wp\/v2\/media\/256"}],"wp:attachment":[{"href":"https:\/\/www.edition-rugerup.de\/index.php?rest_route=%2Fwp%2Fv2%2Fmedia&parent=254"}],"wp:term":[{"taxonomy":"product_brand","embeddable":true,"href":"https:\/\/www.edition-rugerup.de\/index.php?rest_route=%2Fwp%2Fv2%2Fproduct_brand&post=254"},{"taxonomy":"product_cat","embeddable":true,"href":"https:\/\/www.edition-rugerup.de\/index.php?rest_route=%2Fwp%2Fv2%2Fproduct_cat&post=254"},{"taxonomy":"product_tag","embeddable":true,"href":"https:\/\/www.edition-rugerup.de\/index.php?rest_route=%2Fwp%2Fv2%2Fproduct_tag&post=254"}],"curies":[{"name":"wp","href":"https:\/\/api.w.org\/{rel}","templated":true}]}}