{"id":251,"date":"2013-09-03T11:03:18","date_gmt":"2013-09-03T09:03:18","guid":{"rendered":"http:\/\/www.edition-rugerup.de\/?post_type=product&#038;p=251"},"modified":"2016-02-02T22:53:19","modified_gmt":"2016-02-02T21:53:19","slug":"erste-landschaft-erster-tord","status":"publish","type":"product","link":"https:\/\/www.edition-rugerup.de\/?product=erste-landschaft-erster-tord","title":{"rendered":"Erste Landschaft, erster Tod"},"content":{"rendered":"<p>\u00bbDer beste irische Dichter seiner Generation\u00ab (Derek Mahon)<\/p>\n<p style=\"text-align: justify;\">John Montague wurde 1929 als Sohn irischer Auswanderer in Brooklyn, New York geboren und wuchs in der nordirischen Grafschaft Tyrone auf. Sp\u00e4ter studierte er in Irland und den USA und lehrte in Irland, Kanada und den USA. Er ist unter anderem Autor von zehn Gedichtb\u00e4nden und gilt als einer der f\u00fchrenden irischen Lyriker der Gegenwart, der die Br\u00fccke von der \u00e4lteren Generation Patrick Kavanaghs zu den j\u00fcngeren Zeitgenossen schlug. Montague, seit 1969 Mitglied der Irish Academy of Letters, ist Empf\u00e4nger zahlreicher Aus-zeichnungen und Preise (darunter der America Irland Fund Literary Award und der Hughes Award for Irish Fiction) und wurde 1998 erster Ireland Professor of Poetry. Vor kurzem wurde er auch f\u00fcr den renommierten &#8222;Preis der Stadt M\u00fcnster f\u00fcr Europ\u00e4ische Poesie&#8220; (2009) nominiert. &#8222;Erste Landschaft, erster Tod&#8220; pr\u00e4sentiert eine umfangreiche zweisprachige Auswahl aus dem lyrischen Werk. John Montague lebt heute in der irischen Grafschaft Cork und in Nizza. Margitt Lehbert und Hans-Christian Oeser \u00fcbersetzten die Gedichte gemeinsam.<\/p>\n","protected":false},"excerpt":{"rendered":"<p id=\"price-and-shipping-details\">inkl. MwSt., zzgl. Versandkosten (Inland-Versandkosten = 0,00 \u20ac)<\/p>\n<p id=\"price-and-shipping-details\">Lieferzeit: 3-5 Werktage<\/p>\n<p>John Montague<\/p>\n<p>Ausgew\u00e4hlte Gedichte<br \/>\nzweisprachig<br \/>\nAus dem Englischen von Hans-Christian Oeser und Margitt Lehbert<\/p>\n<p>160 Seiten<br \/>\nEnglische Klappenbroschur<\/p>\n","protected":false},"featured_media":361,"comment_status":"closed","ping_status":"closed","template":"","meta":[],"product_brand":[],"product_cat":[54,14,107,332],"product_tag":[],"class_list":{"0":"post-251","1":"product","2":"type-product","3":"status-publish","4":"has-post-thumbnail","6":"product_cat-angelsachsische-lyrik","7":"product_cat-internationale-lyrik","8":"product_cat-irische-lyrik","9":"product_cat-lyrik","10":"pa_autor-montague-john","11":"pa_autorin-john-patrick-montague-wurde-1929-in-brooklyn-new-york-als-sohn-irischer-auswanderer-geboren-seine-kindheit-verbrachte-er-auf-einem-bauernhof-in-der-nordirischen-grafschaft-tyrone-nach-dem-besuc","12":"pa_erscheinungsjahr-158","13":"pa_isbn-978-3-942955-25-6","14":"pa_uebersetzer-lehbert-margitt","15":"pa_uebersetzer-oeser-hans-christian","17":"first","18":"instock","19":"shipping-taxable","20":"purchasable","21":"product-type-simple"},"_links":{"self":[{"href":"https:\/\/www.edition-rugerup.de\/index.php?rest_route=\/wp\/v2\/product\/251","targetHints":{"allow":["GET"]}}],"collection":[{"href":"https:\/\/www.edition-rugerup.de\/index.php?rest_route=\/wp\/v2\/product"}],"about":[{"href":"https:\/\/www.edition-rugerup.de\/index.php?rest_route=\/wp\/v2\/types\/product"}],"replies":[{"embeddable":true,"href":"https:\/\/www.edition-rugerup.de\/index.php?rest_route=%2Fwp%2Fv2%2Fcomments&post=251"}],"wp:featuredmedia":[{"embeddable":true,"href":"https:\/\/www.edition-rugerup.de\/index.php?rest_route=\/wp\/v2\/media\/361"}],"wp:attachment":[{"href":"https:\/\/www.edition-rugerup.de\/index.php?rest_route=%2Fwp%2Fv2%2Fmedia&parent=251"}],"wp:term":[{"taxonomy":"product_brand","embeddable":true,"href":"https:\/\/www.edition-rugerup.de\/index.php?rest_route=%2Fwp%2Fv2%2Fproduct_brand&post=251"},{"taxonomy":"product_cat","embeddable":true,"href":"https:\/\/www.edition-rugerup.de\/index.php?rest_route=%2Fwp%2Fv2%2Fproduct_cat&post=251"},{"taxonomy":"product_tag","embeddable":true,"href":"https:\/\/www.edition-rugerup.de\/index.php?rest_route=%2Fwp%2Fv2%2Fproduct_tag&post=251"}],"curies":[{"name":"wp","href":"https:\/\/api.w.org\/{rel}","templated":true}]}}