{"id":246,"date":"2013-09-03T10:46:23","date_gmt":"2013-09-03T08:46:23","guid":{"rendered":"http:\/\/www.edition-rugerup.de\/?post_type=product&#038;p=246"},"modified":"2016-02-01T09:02:58","modified_gmt":"2016-02-01T08:02:58","slug":"die-t-e-lawrence-gedichte","status":"publish","type":"product","link":"https:\/\/www.edition-rugerup.de\/?product=die-t-e-lawrence-gedichte","title":{"rendered":"Die T. E. Lawrence Gedichte"},"content":{"rendered":"<p style=\"text-align: justify;\">Gwendolyn MacEwen (1941 &#8211; 1987) war eine der begabtesten und ungew\u00f6hnlichsten Dichterinnen Kanadas. Als Person selbst zierlich, exotisch und verletzbar, hat sie sich f\u00fcr den Zyklus &#8222;Die T.E. Lawrence Gedichte&#8220; in die Rolle des Lawrence von Arabien versetzt, der als Schl\u00fcsselfigur im arabischen Freiheitskampf ber\u00fchmt wurde. Sie hat aus seiner Perspektive heraus ein Leben, einen Krieg beschrieben, die Liebe zum Kampf, seinen Respekt vor der arabischen Kultur \u2013 den man auch heute im westlichen Diskurs \u00fcber diese Region oft schmerzlich vermi\u00dft \u2013 und die verzehrende Lehre, die ihn immer wieder heimsuchte.<\/p>\n","protected":false},"excerpt":{"rendered":"<p id=\"price-and-shipping-details\">inkl. MwSt., zzgl. Versandkosten (Inland-Versandkosten = 0,00 \u20ac)<\/p>\n<p id=\"price-and-shipping-details\">Lieferzeit: 3-5 Werktage<\/p>\n<p>Gwendolyn MacEwen<\/p>\n<p>zweisprachig<br \/>\naus dem Englischen von Christine Koschel<\/p>\n<p>160 Seiten<br \/>\nEnglische Klappenbroschur<\/p>\n","protected":false},"featured_media":247,"comment_status":"closed","ping_status":"closed","template":"","meta":[],"product_brand":[],"product_cat":[54,14,55,332],"product_tag":[],"class_list":{"0":"post-246","1":"product","2":"type-product","3":"status-publish","4":"has-post-thumbnail","6":"product_cat-angelsachsische-lyrik","7":"product_cat-internationale-lyrik","8":"product_cat-kanadische-lyrik","9":"product_cat-lyrik","10":"pa_autor-macewen-gwendolyn","11":"pa_autorin-gwendolyn-macewen-1941-1987-war-eine-der-begabtesten-und-ungewoehnlichsten-dichterinnen-kanadas-als-person-zierlich-exotisch-und-verletzbar-konnte-sie-beim-schreiben-in-andere-rollen-schluepfen","12":"pa_erscheinungsjahr-49","13":"pa_isbn-978-3-942955-18-8","14":"pa_uebersetzer-koschel-christine","16":"first","17":"instock","18":"shipping-taxable","19":"purchasable","20":"product-type-simple"},"_links":{"self":[{"href":"https:\/\/www.edition-rugerup.de\/index.php?rest_route=\/wp\/v2\/product\/246","targetHints":{"allow":["GET"]}}],"collection":[{"href":"https:\/\/www.edition-rugerup.de\/index.php?rest_route=\/wp\/v2\/product"}],"about":[{"href":"https:\/\/www.edition-rugerup.de\/index.php?rest_route=\/wp\/v2\/types\/product"}],"replies":[{"embeddable":true,"href":"https:\/\/www.edition-rugerup.de\/index.php?rest_route=%2Fwp%2Fv2%2Fcomments&post=246"}],"wp:featuredmedia":[{"embeddable":true,"href":"https:\/\/www.edition-rugerup.de\/index.php?rest_route=\/wp\/v2\/media\/247"}],"wp:attachment":[{"href":"https:\/\/www.edition-rugerup.de\/index.php?rest_route=%2Fwp%2Fv2%2Fmedia&parent=246"}],"wp:term":[{"taxonomy":"product_brand","embeddable":true,"href":"https:\/\/www.edition-rugerup.de\/index.php?rest_route=%2Fwp%2Fv2%2Fproduct_brand&post=246"},{"taxonomy":"product_cat","embeddable":true,"href":"https:\/\/www.edition-rugerup.de\/index.php?rest_route=%2Fwp%2Fv2%2Fproduct_cat&post=246"},{"taxonomy":"product_tag","embeddable":true,"href":"https:\/\/www.edition-rugerup.de\/index.php?rest_route=%2Fwp%2Fv2%2Fproduct_tag&post=246"}],"curies":[{"name":"wp","href":"https:\/\/api.w.org\/{rel}","templated":true}]}}