{"id":235,"date":"2013-09-02T13:09:13","date_gmt":"2013-09-02T11:09:13","guid":{"rendered":"http:\/\/www.edition-rugerup.de\/?post_type=product&#038;p=235"},"modified":"2016-01-31T20:08:18","modified_gmt":"2016-01-31T19:08:18","slug":"legende-vom-abholen","status":"publish","type":"product","link":"https:\/\/www.edition-rugerup.de\/?product=legende-vom-abholen","title":{"rendered":"Legende vom Abholen"},"content":{"rendered":"<p>Geschichten von Liebe, Ern\u00fcchterung und der Hartn\u00e4ckigkeit von Illusionen in hinrei\u00dfenden Gedichten.<\/p>\n","protected":false},"excerpt":{"rendered":"<p id=\"price-and-shipping-details\">inkl. MwSt., zzgl. Versandkosten (Inland-Versandkosten = 0,00 \u20ac)<\/p>\n<p id=\"price-and-shipping-details\">Lieferzeit: 3-5 Werktage<\/p>\n<p>Thomas Kunst<\/p>\n<p>Gedichte<\/p>\n<p>109 Seiten<br \/>\nEnglische Klappenbroschure<\/p>\n","protected":false},"featured_media":236,"comment_status":"closed","ping_status":"closed","template":"","meta":[],"product_brand":[],"product_cat":[15,332],"product_tag":[],"class_list":{"0":"post-235","1":"product","2":"type-product","3":"status-publish","4":"has-post-thumbnail","6":"product_cat-deutschsprachige-lyrik","7":"product_cat-lyrik","8":"pa_autor-kunst-thomas","9":"pa_autorin-thomas-kunst-wurde-1965-in-stralsund-geboren-und-ging-1987-nach-leipzig-um-paedagogik-zu-studieren-neben-vielen-anderen-auszeichnungen-erhielt-er-2004-fuer-sein-lyrisches-schaffen-den-f-c-weiskopf","10":"pa_erscheinungsjahr-49","11":"pa_isbn-978-3-942955-02-7","13":"first","14":"instock","15":"shipping-taxable","16":"purchasable","17":"product-type-simple"},"_links":{"self":[{"href":"https:\/\/www.edition-rugerup.de\/index.php?rest_route=\/wp\/v2\/product\/235","targetHints":{"allow":["GET"]}}],"collection":[{"href":"https:\/\/www.edition-rugerup.de\/index.php?rest_route=\/wp\/v2\/product"}],"about":[{"href":"https:\/\/www.edition-rugerup.de\/index.php?rest_route=\/wp\/v2\/types\/product"}],"replies":[{"embeddable":true,"href":"https:\/\/www.edition-rugerup.de\/index.php?rest_route=%2Fwp%2Fv2%2Fcomments&post=235"}],"wp:featuredmedia":[{"embeddable":true,"href":"https:\/\/www.edition-rugerup.de\/index.php?rest_route=\/wp\/v2\/media\/236"}],"wp:attachment":[{"href":"https:\/\/www.edition-rugerup.de\/index.php?rest_route=%2Fwp%2Fv2%2Fmedia&parent=235"}],"wp:term":[{"taxonomy":"product_brand","embeddable":true,"href":"https:\/\/www.edition-rugerup.de\/index.php?rest_route=%2Fwp%2Fv2%2Fproduct_brand&post=235"},{"taxonomy":"product_cat","embeddable":true,"href":"https:\/\/www.edition-rugerup.de\/index.php?rest_route=%2Fwp%2Fv2%2Fproduct_cat&post=235"},{"taxonomy":"product_tag","embeddable":true,"href":"https:\/\/www.edition-rugerup.de\/index.php?rest_route=%2Fwp%2Fv2%2Fproduct_tag&post=235"}],"curies":[{"name":"wp","href":"https:\/\/api.w.org\/{rel}","templated":true}]}}