{"id":233,"date":"2013-09-02T13:05:24","date_gmt":"2013-09-02T11:05:24","guid":{"rendered":"http:\/\/www.edition-rugerup.de\/?post_type=product&#038;p=233"},"modified":"2016-01-31T20:18:01","modified_gmt":"2016-01-31T19:18:01","slug":"estemaga","status":"publish","type":"product","link":"https:\/\/www.edition-rugerup.de\/?product=estemaga","title":{"rendered":"Estemaga"},"content":{"rendered":"<p>&#8222;Spannend, anr\u00fchrend, abenteuerlich.&#8220; Steffen Georgi, LVZ<\/p>\n<p style=\"text-align: justify;\">Leidenschaft f\u00fcr Frauen, Musik und Erfrischungsgetr\u00e4nke: wie Thomas Kunst die Sprache in der traditionellen Form der Sonette zum Singen bringt, ist eine seltene Lust. Aus jeder Zeile und jeder Strophe spricht seine besessene Liebe f\u00fcr die Poesie und die Wut \u00fcber die verkalkten und verblendeten Gedichte, die weder dem Leben noch der Poesie gerecht werden k\u00f6nnen.<\/p>\n","protected":false},"excerpt":{"rendered":"<p id=\"price-and-shipping-details\">inkl. MwSt., zzgl. Versandkosten (Inland-Versandkosten = 0,00 \u20ac)<\/p>\n<p id=\"price-and-shipping-details\">Lieferzeit: 3-5 Werktage<\/p>\n<p>Kunst, Thomas<\/p>\n<p>Sonette<\/p>\n<p>96 Seiten<br \/>\nEnglische Klappenbroschure<\/p>\n","protected":false},"featured_media":234,"comment_status":"closed","ping_status":"closed","template":"","meta":[],"product_brand":[],"product_cat":[15,332],"product_tag":[],"class_list":{"0":"post-233","1":"product","2":"type-product","3":"status-publish","4":"has-post-thumbnail","6":"product_cat-deutschsprachige-lyrik","7":"product_cat-lyrik","8":"pa_autor-kunst-thomas","9":"pa_autorin-thomas-kunst-wurde-1965-in-stralsund-geboren-und-ging-1987-nach-leipzig-um-paedagogik-zu-studieren-neben-vielen-anderen-auszeichnungen-erhielt-er-2004-fuer-sein-lyrisches-schaffen-den-f-c-weiskopf","10":"pa_erscheinungsjahr-158","11":"pa_isbn-978-3-942955-20-1","13":"first","14":"instock","15":"shipping-taxable","16":"purchasable","17":"product-type-simple"},"_links":{"self":[{"href":"https:\/\/www.edition-rugerup.de\/index.php?rest_route=\/wp\/v2\/product\/233","targetHints":{"allow":["GET"]}}],"collection":[{"href":"https:\/\/www.edition-rugerup.de\/index.php?rest_route=\/wp\/v2\/product"}],"about":[{"href":"https:\/\/www.edition-rugerup.de\/index.php?rest_route=\/wp\/v2\/types\/product"}],"replies":[{"embeddable":true,"href":"https:\/\/www.edition-rugerup.de\/index.php?rest_route=%2Fwp%2Fv2%2Fcomments&post=233"}],"wp:featuredmedia":[{"embeddable":true,"href":"https:\/\/www.edition-rugerup.de\/index.php?rest_route=\/wp\/v2\/media\/234"}],"wp:attachment":[{"href":"https:\/\/www.edition-rugerup.de\/index.php?rest_route=%2Fwp%2Fv2%2Fmedia&parent=233"}],"wp:term":[{"taxonomy":"product_brand","embeddable":true,"href":"https:\/\/www.edition-rugerup.de\/index.php?rest_route=%2Fwp%2Fv2%2Fproduct_brand&post=233"},{"taxonomy":"product_cat","embeddable":true,"href":"https:\/\/www.edition-rugerup.de\/index.php?rest_route=%2Fwp%2Fv2%2Fproduct_cat&post=233"},{"taxonomy":"product_tag","embeddable":true,"href":"https:\/\/www.edition-rugerup.de\/index.php?rest_route=%2Fwp%2Fv2%2Fproduct_tag&post=233"}],"curies":[{"name":"wp","href":"https:\/\/api.w.org\/{rel}","templated":true}]}}