{"id":229,"date":"2013-09-02T12:45:50","date_gmt":"2013-09-02T10:45:50","guid":{"rendered":"http:\/\/www.edition-rugerup.de\/?post_type=product&#038;p=229"},"modified":"2016-01-26T22:47:26","modified_gmt":"2016-01-26T21:47:26","slug":"das-schachspiel","status":"publish","type":"product","link":"https:\/\/www.edition-rugerup.de\/?product=das-schachspiel","title":{"rendered":"Das Schachspiel"},"content":{"rendered":"<p style=\"text-align: justify;\">Jan Kochanowski (1530 &#8211; 1584) war der wichtigste polnische Dichter der Renaissance. Er entstammte einem Adelsgeschlecht, studierte ab 1544 an der Krakower Akademie und reiste unter anderem nach Padua, wo er l\u00e4ngere Zeit verbrachte und die Ideale der italienischen Renaissance aufnahm. In Deutschland und Frankreich \u2013 wo er unter anderem Pierre Ronsard traf \u2013 rundete er seine Bildung ab. 1559 kehrte er nach Polen zur\u00fcck und trat in den Dienst verschiedener Adliger. 1563 wurde er vom k\u00f6niglichen Hof angestellt und reiste mit dem Herrscher unter anderem an die Front in Lithauen. Sechs T\u00f6chter gebar ihm seine Frau, ein Sohn wurde nach seinem Tod geboren.<\/p>\n<p style=\"text-align: justify;\">Den gr\u00f6\u00dften Teil seiner Arbeit schrieb Kochanowski auf polnisch, was damals revolution\u00e4r war. Sein Zyklus &#8222;Tr\u00e4nen&#8220;, den er f\u00fcr seine jung verstorbene Tochter dichtete, war wegweisend; Elegien wurden damals nur auf hohe Pers\u00f6nlichkeiten geschrieben.<\/p>\n<p style=\"text-align: justify;\">&#8222;Das Schachspiel&#8220; hat Thomas Daiber geistreich \u00fcbersetzt, sein umfangreiches Nachwort beschreibt sowohl den Dichter und seine Zeit als auch die Tiefen dieses spielerisch scheinenden Textes, der wie nebenbei auch die Geschichte des Schachspiels illustriert. Selbstverst\u00e4ndlich ist das Buch zweisprachig.<\/p>\n","protected":false},"excerpt":{"rendered":"<p id=\"price-and-shipping-details\">inkl. MwSt., zzgl. Versandkosten (Inland-Versandkosten = 0,00 \u20ac)<\/p>\n<p id=\"price-and-shipping-details\">Lieferzeit: 3-5 Werktage<\/p>\n<p>Kochanowski, Jan<\/p>\n<p>Zweisprachig<br \/>\n\u00dcbersetzt und kommentiert<br \/>\nvon Thomas Daiber<\/p>\n<p>96 Seiten<br \/>\nEnglische Klappenbroschure<\/p>\n","protected":false},"featured_media":230,"comment_status":"closed","ping_status":"closed","template":"","meta":[],"product_brand":[],"product_cat":[14,332,90,91],"product_tag":[],"class_list":{"0":"post-229","1":"product","2":"type-product","3":"status-publish","4":"has-post-thumbnail","6":"product_cat-internationale-lyrik","7":"product_cat-lyrik","8":"product_cat-osteuropaische-lyrik","9":"product_cat-polnische-lyrik-osteuropaische-lyrik","10":"pa_autor-kochanoswki-jan","11":"pa_autorin-kochanowski-gehoert-zur-ersten-generation-polnischer-dichter-die-sich-nach-lateinischen-anfaengen-konsequent-ihrer-muttersprache-bedienten-er-erschloss-der-polnischen-sprache-auch-die-kunstvollsten","12":"pa_erscheinungsjahr-57","13":"pa_info-uebersetzer-thomas-daiber-ist-professor-fuer-slawische-sprach-und-kulturwissenschaft-an-der-justus-liebig-universitaet-giessen-er-beschaeftigt-sich-insbesondere-mit-dem-zusammenhang-von-sprachentwicklung-und-sp","14":"pa_isbn-978-3-942955-03-4","15":"pa_uebersetzer-daiber-thomas","17":"first","18":"instock","19":"shipping-taxable","20":"purchasable","21":"product-type-simple"},"_links":{"self":[{"href":"https:\/\/www.edition-rugerup.de\/index.php?rest_route=\/wp\/v2\/product\/229","targetHints":{"allow":["GET"]}}],"collection":[{"href":"https:\/\/www.edition-rugerup.de\/index.php?rest_route=\/wp\/v2\/product"}],"about":[{"href":"https:\/\/www.edition-rugerup.de\/index.php?rest_route=\/wp\/v2\/types\/product"}],"replies":[{"embeddable":true,"href":"https:\/\/www.edition-rugerup.de\/index.php?rest_route=%2Fwp%2Fv2%2Fcomments&post=229"}],"wp:featuredmedia":[{"embeddable":true,"href":"https:\/\/www.edition-rugerup.de\/index.php?rest_route=\/wp\/v2\/media\/230"}],"wp:attachment":[{"href":"https:\/\/www.edition-rugerup.de\/index.php?rest_route=%2Fwp%2Fv2%2Fmedia&parent=229"}],"wp:term":[{"taxonomy":"product_brand","embeddable":true,"href":"https:\/\/www.edition-rugerup.de\/index.php?rest_route=%2Fwp%2Fv2%2Fproduct_brand&post=229"},{"taxonomy":"product_cat","embeddable":true,"href":"https:\/\/www.edition-rugerup.de\/index.php?rest_route=%2Fwp%2Fv2%2Fproduct_cat&post=229"},{"taxonomy":"product_tag","embeddable":true,"href":"https:\/\/www.edition-rugerup.de\/index.php?rest_route=%2Fwp%2Fv2%2Fproduct_tag&post=229"}],"curies":[{"name":"wp","href":"https:\/\/api.w.org\/{rel}","templated":true}]}}