{"id":227,"date":"2013-09-02T12:39:26","date_gmt":"2013-09-02T10:39:26","guid":{"rendered":"http:\/\/www.edition-rugerup.de\/?post_type=product&#038;p=227"},"modified":"2016-01-30T17:20:34","modified_gmt":"2016-01-30T16:20:34","slug":"serpentine","status":"publish","type":"product","link":"https:\/\/www.edition-rugerup.de\/?product=serpentine","title":{"rendered":"Serpentine"},"content":{"rendered":"<p style=\"text-align: justify;\">\u00bbEin Buch, das man nicht verpassen sollte, nicht verpassen darf\u00ab, L\u00e9on Rinaldetti, Radio 100,7, Luxembourg.<\/p>\n<p style=\"text-align: justify;\">Der Hotelg\u00e4rtner William und der Oberkellner Alex, die auf der Isle of Iona in einem Hotel arbeiten, wollen am Wochenende auf der Nachbarinsel Mull den h\u00f6chsten Berg der Hebriden besteigen. Unterwegs wird die kleine Expedition von einer Herde schottischer Highland Cattle zum Stillstand gebracht. Eine Touristin gesellt sich zu den M\u00e4nnern, und die Gestrandeten warten auf freie Fahrt, w\u00e4hrend die Tage mit Gespr\u00e4chen und Kurzausfl\u00fcgen bereichert vergehen.<\/p>\n","protected":false},"excerpt":{"rendered":"<p id=\"price-and-shipping-details\">inkl. MwSt., zzgl. Versandkosten (Inland-Versandkosten = 0,00 \u20ac)<\/p>\n<p id=\"price-and-shipping-details\">Lieferzeit: 3-5 Werktage<\/p>\n<p>Jensen, Th\u00f8ger<\/p>\n<p>Ein Roman in Prosast\u00fccken<br \/>\nAus dem D\u00e4nischen von Stefan Borg und Margitt Lehbert<\/p>\n<p>96 Seiten<br \/>\nEnglische Klappenbroschure<\/p>\n","protected":false},"featured_media":228,"comment_status":"closed","ping_status":"closed","template":"","meta":[],"product_brand":[],"product_cat":[334,35],"product_tag":[],"class_list":{"0":"post-227","1":"product","2":"type-product","3":"status-publish","4":"has-post-thumbnail","6":"product_cat-prosa","7":"product_cat-romane-prosa","8":"pa_autor-jensen-thoger","9":"pa_autorin-thoger-jensen-ist-einer-der-witzigsten-und-charmantesten-erzaehler-daenemarks-er-wurde-im-jahre-1960-in-naesbjerg-westjuetland-geboren-und-wuchs-in-nordjylland-auf-als-erwachsener-hat-er-unter-ande","10":"pa_erscheinungsjahr-158","11":"pa_isbn-978-3-942955-16-4","12":"pa_uebersetzer-borg-stefan","13":"pa_uebersetzer-lehbert-margitt","15":"first","16":"instock","17":"shipping-taxable","18":"purchasable","19":"product-type-simple"},"_links":{"self":[{"href":"https:\/\/www.edition-rugerup.de\/index.php?rest_route=\/wp\/v2\/product\/227","targetHints":{"allow":["GET"]}}],"collection":[{"href":"https:\/\/www.edition-rugerup.de\/index.php?rest_route=\/wp\/v2\/product"}],"about":[{"href":"https:\/\/www.edition-rugerup.de\/index.php?rest_route=\/wp\/v2\/types\/product"}],"replies":[{"embeddable":true,"href":"https:\/\/www.edition-rugerup.de\/index.php?rest_route=%2Fwp%2Fv2%2Fcomments&post=227"}],"wp:featuredmedia":[{"embeddable":true,"href":"https:\/\/www.edition-rugerup.de\/index.php?rest_route=\/wp\/v2\/media\/228"}],"wp:attachment":[{"href":"https:\/\/www.edition-rugerup.de\/index.php?rest_route=%2Fwp%2Fv2%2Fmedia&parent=227"}],"wp:term":[{"taxonomy":"product_brand","embeddable":true,"href":"https:\/\/www.edition-rugerup.de\/index.php?rest_route=%2Fwp%2Fv2%2Fproduct_brand&post=227"},{"taxonomy":"product_cat","embeddable":true,"href":"https:\/\/www.edition-rugerup.de\/index.php?rest_route=%2Fwp%2Fv2%2Fproduct_cat&post=227"},{"taxonomy":"product_tag","embeddable":true,"href":"https:\/\/www.edition-rugerup.de\/index.php?rest_route=%2Fwp%2Fv2%2Fproduct_tag&post=227"}],"curies":[{"name":"wp","href":"https:\/\/api.w.org\/{rel}","templated":true}]}}