{"id":225,"date":"2013-09-02T12:35:42","date_gmt":"2013-09-02T10:35:42","guid":{"rendered":"http:\/\/www.edition-rugerup.de\/?post_type=product&#038;p=225"},"modified":"2020-11-21T02:11:16","modified_gmt":"2020-11-21T01:11:16","slug":"geliebtes-kind-der-sprache","status":"publish","type":"product","link":"https:\/\/www.edition-rugerup.de\/?product=geliebtes-kind-der-sprache","title":{"rendered":"Geliebtes Kind der Sprache (vergriffen)"},"content":{"rendered":"<p>&#8222;&#8230; nichts Geringeres als ein Meilenstein&#8220;, J\u00fcrgen Br\u00f4can, NZZ.<\/p>\n<p style=\"text-align: justify;\">Gerard Manley Hopkins wurde 1844 in Essex geboren. Seine leidenschaftliche Poesie schrieb der jesuitische Priester nicht f\u00fcr die \u00d6ffentlichkeit, bekannt wurde sie erst nach seinem Tod. Seine Texte feiern die Sch\u00f6nheit der Sch\u00f6pfung und die der Sprache gleicherma\u00dfen. Dorothea Gr\u00fcnzweig l\u00e4\u00dft uns in ihrer neuen \u00dcbertragung diese Sch\u00f6nheiten auch auf deutsch empfinden.<\/p>\n","protected":false},"excerpt":{"rendered":"<p id=\"price-and-shipping-details\">inkl. MwSt., zzgl. Versandkosten (Inland-Versandkosten = 0,00 \u20ac)<\/p>\n<p id=\"price-and-shipping-details\">Lieferzeit: 3-5 Werktage<\/p>\n<p>Gerard Manley Hopkins,<\/p>\n<p>Zweisprachig<br \/>\n\u00dcbersetzt und kommentiert<br \/>\nvon Dorothea Gr\u00fcnzweig<\/p>\n<p>304 Seiten<br \/>\nEnglische Klappenbroschure<\/p>\n","protected":false},"featured_media":226,"comment_status":"closed","ping_status":"closed","template":"","meta":[],"product_brand":[],"product_cat":[54,78,14,332],"product_tag":[],"class_list":{"0":"post-225","1":"product","2":"type-product","3":"status-publish","4":"has-post-thumbnail","6":"product_cat-angelsachsische-lyrik","7":"product_cat-englische-lyrik","8":"product_cat-internationale-lyrik","9":"product_cat-lyrik","10":"pa_autor-hopkins-gerard-manley","11":"pa_autorin-gerard-manley-hopkins-1844-1889-war-einer-der-innovativsten-britischen-dichter-er-wurde-in-london-geboren-und-studierte-am-balliol-college-in-oxford-wo-er-zum-katholischen-glauben-konvertierte-na","12":"pa_erscheinungsjahr-160","13":"pa_info-uebersetzer-von-anbeginn-hatte-dorothea-gruenzweig-in-ihrer-eigenen-dichtung-den-verlust-der-eigenen-sprache-in-einer-fremden-kultur-zum-thema-die-wiederentdeckung-und-neue-tiefe-der-muttersprache-in-der-fremde","14":"pa_isbn-978-3-942955-15-7","15":"pa_uebersetzer-grunzweig-dorothea","17":"first","18":"outofstock","19":"shipping-taxable","20":"purchasable","21":"product-type-simple"},"_links":{"self":[{"href":"https:\/\/www.edition-rugerup.de\/index.php?rest_route=\/wp\/v2\/product\/225","targetHints":{"allow":["GET"]}}],"collection":[{"href":"https:\/\/www.edition-rugerup.de\/index.php?rest_route=\/wp\/v2\/product"}],"about":[{"href":"https:\/\/www.edition-rugerup.de\/index.php?rest_route=\/wp\/v2\/types\/product"}],"replies":[{"embeddable":true,"href":"https:\/\/www.edition-rugerup.de\/index.php?rest_route=%2Fwp%2Fv2%2Fcomments&post=225"}],"wp:featuredmedia":[{"embeddable":true,"href":"https:\/\/www.edition-rugerup.de\/index.php?rest_route=\/wp\/v2\/media\/226"}],"wp:attachment":[{"href":"https:\/\/www.edition-rugerup.de\/index.php?rest_route=%2Fwp%2Fv2%2Fmedia&parent=225"}],"wp:term":[{"taxonomy":"product_brand","embeddable":true,"href":"https:\/\/www.edition-rugerup.de\/index.php?rest_route=%2Fwp%2Fv2%2Fproduct_brand&post=225"},{"taxonomy":"product_cat","embeddable":true,"href":"https:\/\/www.edition-rugerup.de\/index.php?rest_route=%2Fwp%2Fv2%2Fproduct_cat&post=225"},{"taxonomy":"product_tag","embeddable":true,"href":"https:\/\/www.edition-rugerup.de\/index.php?rest_route=%2Fwp%2Fv2%2Fproduct_tag&post=225"}],"curies":[{"name":"wp","href":"https:\/\/api.w.org\/{rel}","templated":true}]}}