{"id":223,"date":"2013-09-02T12:29:48","date_gmt":"2013-09-02T10:29:48","guid":{"rendered":"http:\/\/www.edition-rugerup.de\/?post_type=product&#038;p=223"},"modified":"2016-01-28T23:25:43","modified_gmt":"2016-01-28T22:25:43","slug":"auf-dem-ruckflug-zur-erde-cd","status":"publish","type":"product","link":"https:\/\/www.edition-rugerup.de\/?product=auf-dem-ruckflug-zur-erde-cd","title":{"rendered":"Auf dem R\u00fcckflug zur Erde (CD)"},"content":{"rendered":"<p style=\"text-align: justify;\">Sprecher tragen Gedichte Hopkins auf deutsch und englisch vor, die \u00dcbersetzerin Dorothea Gr\u00fcnzweig kommentiert einzelne Gedichte Hopkins&#8216; und sein lyrisches Werk. Mit passender Musik \u2013 eine wunderbare Einf\u00fchrung, eine CD, die Sie immer wieder h\u00f6ren wollen. Co-produziert vom Lyrik-Kabinett M\u00fcnchen und INIGO Medien.<\/p>\n","protected":false},"excerpt":{"rendered":"<p id=\"price-and-shipping-details\">inkl. MwSt., zzgl. Versandkosten (Inland-Versandkosten = 0,00 \u20ac)<\/p>\n<p id=\"price-and-shipping-details\">Lieferzeit: 3-5 Werktage<\/p>\n<p>Gerard Manley Hopkins<\/p>\n<p>Eine Einf\u00fchrung in seine poetische Welt<br \/>\nZweisprachig<br \/>\n\u00dcbersetzt und kommentiert von Dorothea Gr\u00fcnzweig<\/p>\n<p>H\u00f6rbuch<br \/>\n73 Minuten<\/p>\n","protected":false},"featured_media":303,"comment_status":"closed","ping_status":"closed","template":"","meta":[],"product_brand":[],"product_cat":[54,77,78,14,332],"product_tag":[],"class_list":{"0":"post-223","1":"product","2":"type-product","3":"status-publish","4":"has-post-thumbnail","6":"product_cat-angelsachsische-lyrik","7":"product_cat-cd","8":"product_cat-englische-lyrik","9":"product_cat-internationale-lyrik","10":"product_cat-lyrik","11":"pa_autor-hopkins-gerard-manley","12":"pa_autorin-gerard-manley-hopkins-1844-1889-war-einer-der-innovativsten-britischen-dichter-er-wurde-in-london-geboren-und-studierte-am-balliol-college-in-oxford-wo-er-zum-katholischen-glauben-konvertierte-na","13":"pa_erscheinungsjahr-160","14":"pa_info-uebersetzer-von-anbeginn-hatte-dorothea-gruenzweig-in-ihrer-eigenen-dichtung-den-verlust-der-eigenen-sprache-in-einer-fremden-kultur-zum-thema-die-wiederentdeckung-und-neue-tiefe-der-muttersprache-in-der-fremde","15":"pa_isbn-978-3-942955-07-2","16":"pa_uebersetzer-grunzweig-dorothea","18":"first","19":"instock","20":"shipping-taxable","21":"purchasable","22":"product-type-simple"},"_links":{"self":[{"href":"https:\/\/www.edition-rugerup.de\/index.php?rest_route=\/wp\/v2\/product\/223","targetHints":{"allow":["GET"]}}],"collection":[{"href":"https:\/\/www.edition-rugerup.de\/index.php?rest_route=\/wp\/v2\/product"}],"about":[{"href":"https:\/\/www.edition-rugerup.de\/index.php?rest_route=\/wp\/v2\/types\/product"}],"replies":[{"embeddable":true,"href":"https:\/\/www.edition-rugerup.de\/index.php?rest_route=%2Fwp%2Fv2%2Fcomments&post=223"}],"wp:featuredmedia":[{"embeddable":true,"href":"https:\/\/www.edition-rugerup.de\/index.php?rest_route=\/wp\/v2\/media\/303"}],"wp:attachment":[{"href":"https:\/\/www.edition-rugerup.de\/index.php?rest_route=%2Fwp%2Fv2%2Fmedia&parent=223"}],"wp:term":[{"taxonomy":"product_brand","embeddable":true,"href":"https:\/\/www.edition-rugerup.de\/index.php?rest_route=%2Fwp%2Fv2%2Fproduct_brand&post=223"},{"taxonomy":"product_cat","embeddable":true,"href":"https:\/\/www.edition-rugerup.de\/index.php?rest_route=%2Fwp%2Fv2%2Fproduct_cat&post=223"},{"taxonomy":"product_tag","embeddable":true,"href":"https:\/\/www.edition-rugerup.de\/index.php?rest_route=%2Fwp%2Fv2%2Fproduct_tag&post=223"}],"curies":[{"name":"wp","href":"https:\/\/api.w.org\/{rel}","templated":true}]}}