{"id":221,"date":"2013-09-02T12:24:37","date_gmt":"2013-09-02T10:24:37","guid":{"rendered":"http:\/\/www.edition-rugerup.de\/?post_type=product&#038;p=221"},"modified":"2022-10-02T17:35:38","modified_gmt":"2022-10-02T15:35:38","slug":"gesammelte-gedichte","status":"publish","type":"product","link":"https:\/\/www.edition-rugerup.de\/?product=gesammelte-gedichte","title":{"rendered":"Gesammelte Gedichte"},"content":{"rendered":"<p style=\"text-align: justify;\">Olav H. Hauge (1908 bis 1984) war einer der bedeutendsten Dichter Norwegens. Er verbrachte sein Leben als G\u00e4rtner in der Land- und Gartenbaugemeinde Ulvik, am \u00e4u\u00dfersten Zipfel des Hardangerfjords. Diese atemberaubende Landschaft ist eine bedeutende Thematik in seiner Lyrik, aber Hauge war vor allem auch sehr belesen, und so formen Einfl\u00fcsse aus der Poesie der ganzen Welt seine Verse mit. Zwar hatte er keine akademische Ausbildung, aber er beherrschte Englisch, Deutsch und Franz\u00f6sisch und \u00fcbersetzte unter anderem Lyrik aus diesen Sprachen. Themen und Figuren aus anderen Traditionen interessierten ihn ebenso wie die Sagen seiner Heimat. Klaus Anders hat den Dichter \u00fcber viele Jahre \u00fcbersetzt, die Witwe Hauges, Bodil Cappelen, eine K\u00fcnstlerin, die sp\u00e4t ins Leben von Hauge trat, hat ihn und das Projekt tatkr\u00e4ftig unterst\u00fctzt. Da dieser Band das Gesamtwerk pr\u00e4sentiert, kann man auch die Entwicklung der Poesie im 20. Jahrhundert anhand eines uns noch unbekannten gro\u00dfen Dichters noch einmal nachvollziehen.<\/p>\n","protected":false},"excerpt":{"rendered":"<p id=\"price-and-shipping-details\">inkl. MwSt., zzgl. Versandkosten (Inland-Versandkosten = 0,00 \u20ac)<\/p>\n<p id=\"price-and-shipping-details\">Derzeit leider vergriffen.<\/p>\n<p>Olav H. Hauge<\/p>\n<p>Gedichte. Aus dem Norwegischen von Klaus Anders<\/p>\n<p>330 Seiten, Englische Klappenbroschur<\/p>\n","protected":false},"featured_media":222,"comment_status":"closed","ping_status":"closed","template":"","meta":[],"product_brand":[],"product_cat":[332,56,53],"product_tag":[],"class_list":{"0":"post-221","1":"product","2":"type-product","3":"status-publish","4":"has-post-thumbnail","6":"product_cat-lyrik","7":"product_cat-norwegische-lyrik","8":"product_cat-skandinavische-lyrik","9":"pa_autor-hauge-olav-h","10":"pa_autorin-olav-h-hauge-1908-1994-gilt-heute-unbestritten-als-einer-der-bedeutendsten-norwegischen-dichter-der-zweiten-haelfte-des-20-jahrhunderts-er-wurde-in-ulvik-geboren-einer-kleinen-gemeinde-am-hardan","11":"pa_erscheinungsjahr-63","12":"pa_info-uebersetzer-klaus-anders-wurde-1952-in-wissen-an-der-sieg-westerwald-geboren-nach-widerwillig-absolviertem-schulbesuch-gaertnerlehre-dann-gartenbaustudium-arbeitete-eine-reihe-von-jahren-als-gaertner-textil","13":"pa_isbn-978-3-942955-11-9","14":"pa_uebersetzer-anders-klaus","16":"first","17":"outofstock","18":"shipping-taxable","19":"purchasable","20":"product-type-simple"},"_links":{"self":[{"href":"https:\/\/www.edition-rugerup.de\/index.php?rest_route=\/wp\/v2\/product\/221","targetHints":{"allow":["GET"]}}],"collection":[{"href":"https:\/\/www.edition-rugerup.de\/index.php?rest_route=\/wp\/v2\/product"}],"about":[{"href":"https:\/\/www.edition-rugerup.de\/index.php?rest_route=\/wp\/v2\/types\/product"}],"replies":[{"embeddable":true,"href":"https:\/\/www.edition-rugerup.de\/index.php?rest_route=%2Fwp%2Fv2%2Fcomments&post=221"}],"wp:featuredmedia":[{"embeddable":true,"href":"https:\/\/www.edition-rugerup.de\/index.php?rest_route=\/wp\/v2\/media\/222"}],"wp:attachment":[{"href":"https:\/\/www.edition-rugerup.de\/index.php?rest_route=%2Fwp%2Fv2%2Fmedia&parent=221"}],"wp:term":[{"taxonomy":"product_brand","embeddable":true,"href":"https:\/\/www.edition-rugerup.de\/index.php?rest_route=%2Fwp%2Fv2%2Fproduct_brand&post=221"},{"taxonomy":"product_cat","embeddable":true,"href":"https:\/\/www.edition-rugerup.de\/index.php?rest_route=%2Fwp%2Fv2%2Fproduct_cat&post=221"},{"taxonomy":"product_tag","embeddable":true,"href":"https:\/\/www.edition-rugerup.de\/index.php?rest_route=%2Fwp%2Fv2%2Fproduct_tag&post=221"}],"curies":[{"name":"wp","href":"https:\/\/api.w.org\/{rel}","templated":true}]}}