{"id":215,"date":"2013-09-02T12:01:31","date_gmt":"2013-09-02T10:01:31","guid":{"rendered":"http:\/\/www.edition-rugerup.de\/?post_type=product&#038;p=215"},"modified":"2016-01-27T08:35:20","modified_gmt":"2016-01-27T07:35:20","slug":"der-garten","status":"publish","type":"product","link":"https:\/\/www.edition-rugerup.de\/?product=der-garten","title":{"rendered":"Der Garten"},"content":{"rendered":"<p style=\"text-align: justify;\">&#8222;Der Garten&#8220; erz\u00e4hlt die fiktive Geschichte von Linn\u00e6us, der sich in seinem ber\u00fchmten Garten mit dem G\u00e4rtner auseinandersetzt, mit Pflanzen und ihrer Bestimmung, mit Zauberei, einem Uhrmacher, Lehrlingen und einem Verbrechen in der Nachbarschaft. Teile des Werkes des gro\u00dfen Naturforschers Carl von Linn\u00e9 (1707-1778) scheinen immer wieder durch den Text, jedoch entsteht nicht Geschichte, sondern lustvolle Phantasien, die auf kunstvolle Weise den Forscher neu erfinden.<\/p>\n<p style=\"text-align: justify;\">In der FAZ Online erschien eine gro\u00dfartige Besprechung von diesem Buch. Lesen Sie den ganzen Artikel <a href=\"http:\/\/www.faz.net\/aktuell\/feuilleton\/buecher\/buecher-der-woche\/romane-der-woche\/magnus-florin-der-garten-ein-weltvermesser-verliert-sich-im-garten-12177424.html\" target=\"_blank\">hier<\/a>.<\/p>\n","protected":false},"excerpt":{"rendered":"<p id=\"price-and-shipping-details\">inkl. MwSt., zzgl. Versandkosten (Inland-Versandkosten = 0,00 \u20ac)<\/p>\n<p id=\"price-and-shipping-details\">Lieferzeit: 3-5 Werktage<\/p>\n<p>Magnus Florin<\/p>\n<p>Roman<br \/>\n\u00dcbersetzt aus dem Schwedischen und mit einem Nachwort von Benedikt Grabinski<\/p>\n<p>96 Seiten<br \/>\nHardcover<\/p>\n","protected":false},"featured_media":216,"comment_status":"closed","ping_status":"closed","template":"","meta":[],"product_brand":[],"product_cat":[334,35],"product_tag":[],"class_list":{"0":"post-215","1":"product","2":"type-product","3":"status-publish","4":"has-post-thumbnail","6":"product_cat-prosa","7":"product_cat-romane-prosa","8":"pa_autor-florin-magnus","9":"pa_erscheinungsjahr-60","10":"pa_info-uebersetzer-geboren-in-nuernberg-kulturwissenschaftliches-studium-in-muenchen-reykjavik-und-tuebingen-uebersetzungen-aus-dem-islaendischen-petur-gunnarsson-und-schwedischen-magnus-florin","11":"pa_isbn-978-3-942955-35-5","12":"pa_uebersetzer-grabinski-benedikt","14":"first","15":"instock","16":"shipping-taxable","17":"purchasable","18":"product-type-simple"},"_links":{"self":[{"href":"https:\/\/www.edition-rugerup.de\/index.php?rest_route=\/wp\/v2\/product\/215","targetHints":{"allow":["GET"]}}],"collection":[{"href":"https:\/\/www.edition-rugerup.de\/index.php?rest_route=\/wp\/v2\/product"}],"about":[{"href":"https:\/\/www.edition-rugerup.de\/index.php?rest_route=\/wp\/v2\/types\/product"}],"replies":[{"embeddable":true,"href":"https:\/\/www.edition-rugerup.de\/index.php?rest_route=%2Fwp%2Fv2%2Fcomments&post=215"}],"wp:featuredmedia":[{"embeddable":true,"href":"https:\/\/www.edition-rugerup.de\/index.php?rest_route=\/wp\/v2\/media\/216"}],"wp:attachment":[{"href":"https:\/\/www.edition-rugerup.de\/index.php?rest_route=%2Fwp%2Fv2%2Fmedia&parent=215"}],"wp:term":[{"taxonomy":"product_brand","embeddable":true,"href":"https:\/\/www.edition-rugerup.de\/index.php?rest_route=%2Fwp%2Fv2%2Fproduct_brand&post=215"},{"taxonomy":"product_cat","embeddable":true,"href":"https:\/\/www.edition-rugerup.de\/index.php?rest_route=%2Fwp%2Fv2%2Fproduct_cat&post=215"},{"taxonomy":"product_tag","embeddable":true,"href":"https:\/\/www.edition-rugerup.de\/index.php?rest_route=%2Fwp%2Fv2%2Fproduct_tag&post=215"}],"curies":[{"name":"wp","href":"https:\/\/api.w.org\/{rel}","templated":true}]}}