{"id":213,"date":"2013-09-02T11:54:45","date_gmt":"2013-09-02T09:54:45","guid":{"rendered":"http:\/\/www.edition-rugerup.de\/?post_type=product&#038;p=213"},"modified":"2016-01-20T08:30:55","modified_gmt":"2016-01-20T07:30:55","slug":"antidot","status":"publish","type":"product","link":"https:\/\/www.edition-rugerup.de\/?product=antidot","title":{"rendered":"Antidot"},"content":{"rendered":"<p>Ein neuer Lyrikband von J\u00fcrgen Br\u00f4can, mit einem Nachwort von Jan Kuhlbrodt. Frank Wierke hat mit dem Dichter einen Kurzfilm zu dem Buch gedreht, Sie k\u00f6nnen ihn auf YouTube unter dem Titel \u00bbBr\u00f4can Antidot\u00ab sehen.<\/p>\n<p>Am Erscheinungstag, 7.7.2012, erschien in der WELT schon die erste Rezension. Dort schreibt Dorothea von T\u00f6rne: \u00bbViel Philosophisches, Botanisches, Kunst- und Kultur- und Geschichtswissen ist in den Versen aufgehoben oder als Material in den angeh\u00e4ngten Anmerkungen verstaut. Mal sprengt es die Form, mal f\u00fcgt es sich zu einem anregenden Text, der Geschichte, Gesellschaftskritik und fantastische Erfindung vereint.\u00ab<\/p>\n<p>Zu fr\u00fcheren B\u00fcchern:<br \/>\n\u00bbDer Dortmunder Dichter schleift die Sprache zu einem Kristallglas. Wer hindurchblickt, f\u00fcr den werden die unscheinbarsten Vorkommnisse zur Epiphanie.\u00ab (FAZ)<br \/>\n\u00bbAus einer Poetik, die nicht den Hintersinn herbeibem\u00fcht, sondern lediglich darauf wartet, die Dinge \u00abins rechte Licht ger\u00fcckt\u00bb zu sehen, sch\u00f6pft Br\u00f4can seine besten, allein durch Pr\u00e4zision wirkenden Texte.\u00ab (NZZ)<\/p>\n","protected":false},"excerpt":{"rendered":"<p id=\"price-and-shipping-details\">inkl. MwSt., zzgl. Versandkosten (Inland-Versandkosten = 0,00 \u20ac)<\/p>\n<p id=\"price-and-shipping-details\">Lieferzeit: 3-5 Werktage<\/p>\n<p>J\u00fcrgen Br\u00f4can<\/p>\n<p>Gedichte<\/p>\n<p>121 Seiten<br \/>\nEnglische Klappenbroschur<\/p>\n","protected":false},"featured_media":214,"comment_status":"closed","ping_status":"closed","template":"","meta":[],"product_brand":[],"product_cat":[15,332],"product_tag":[],"class_list":{"0":"post-213","1":"product","2":"type-product","3":"status-publish","4":"has-post-thumbnail","6":"product_cat-deutschsprachige-lyrik","7":"product_cat-lyrik","8":"pa_autor-brocan-jurgen","9":"pa_autorin-juergen-brocan-wurde-1965-in-goettingen-geboren-er-studierte-germanistik-und-europaeische-ethnologie-und-arbeitet-als-schriftsteller-literaturkritiker-und-uebersetzer-aus-dem-englischen-und-franzoes","10":"pa_erscheinungsjahr-63","11":"pa_isbn-978-3-942955-31-7","13":"first","14":"instock","15":"shipping-taxable","16":"purchasable","17":"product-type-simple"},"_links":{"self":[{"href":"https:\/\/www.edition-rugerup.de\/index.php?rest_route=\/wp\/v2\/product\/213","targetHints":{"allow":["GET"]}}],"collection":[{"href":"https:\/\/www.edition-rugerup.de\/index.php?rest_route=\/wp\/v2\/product"}],"about":[{"href":"https:\/\/www.edition-rugerup.de\/index.php?rest_route=\/wp\/v2\/types\/product"}],"replies":[{"embeddable":true,"href":"https:\/\/www.edition-rugerup.de\/index.php?rest_route=%2Fwp%2Fv2%2Fcomments&post=213"}],"wp:featuredmedia":[{"embeddable":true,"href":"https:\/\/www.edition-rugerup.de\/index.php?rest_route=\/wp\/v2\/media\/214"}],"wp:attachment":[{"href":"https:\/\/www.edition-rugerup.de\/index.php?rest_route=%2Fwp%2Fv2%2Fmedia&parent=213"}],"wp:term":[{"taxonomy":"product_brand","embeddable":true,"href":"https:\/\/www.edition-rugerup.de\/index.php?rest_route=%2Fwp%2Fv2%2Fproduct_brand&post=213"},{"taxonomy":"product_cat","embeddable":true,"href":"https:\/\/www.edition-rugerup.de\/index.php?rest_route=%2Fwp%2Fv2%2Fproduct_cat&post=213"},{"taxonomy":"product_tag","embeddable":true,"href":"https:\/\/www.edition-rugerup.de\/index.php?rest_route=%2Fwp%2Fv2%2Fproduct_tag&post=213"}],"curies":[{"name":"wp","href":"https:\/\/api.w.org\/{rel}","templated":true}]}}