{"id":2043,"date":"2025-05-01T17:00:34","date_gmt":"2025-05-01T15:00:34","guid":{"rendered":"https:\/\/www.edition-rugerup.de\/?post_type=product&#038;p=2043"},"modified":"2025-05-01T17:13:36","modified_gmt":"2025-05-01T15:13:36","slug":"haugtussa","status":"publish","type":"product","link":"https:\/\/www.edition-rugerup.de\/?product=haugtussa","title":{"rendered":"Haugtussa"},"content":{"rendered":"<p>Arne Garborg (1851-1924) ist neben Ibsen einer der wichtigsten norwegischen Schriftsteller, bekannt f\u00fcr seine sozialkritischen Werke. Er setzte sich f\u00fcr die Verwendung des Landsm\u00e5l (heute Nynorsk) als Literatur- und Staatssprache ein. Sein Gedichtzyklus Haugtussa (1895) erz\u00e4hlt die Geschichte von Veslem\u00f8y, einer jungen Hirtin mit seherischen F\u00e4higkeiten, und spiegelt Garborgs tiefe Verbundenheit mit der norwegischen Natur wider. Das Werk unterscheidet sich deutlich von seinen fr\u00fcheren, eher naturalistischen Werken. Haugtussa ist ein einzigartiger Gedichtzyklus und zeitloser Bildungsroman, in dem Garborg Veslem\u00f8ys inneres Erwachen und ihre existenziellen K\u00e4mpfe inmitten der mystischen Landschaftskulisse J\u00e6rens schildert. <\/p>\n<p>Die junge Heldin, die dank der genialen Komposition Haugtussa op.67 von Edvard Grieg internationale Bekanntheit erlangt hat, ber\u00fchrt und inspiriert bis heute. Obwohl die \u00dcbersetzungen seiner Werke im deutschsprachigen Raum sehr angesehen waren, hat es 130 Jahre gedauert, bis sein pers\u00f6nlichstes Buch mit der vorliegenden Ausgabe vollst\u00e4ndig ins Deutsche \u00fcbertragen wurde.<\/p>\n<p>Martje Vande Ginste studierte Sologesang in Antwerpen, Wien und Oslo. Im Rahmen eines Postgraduate am Orpheus Institute for Musical Research in Gent hat sie sich auf das skandinavische Lied des 19. und 20. Jahrhunderts spezialisiert. Sie verfasste ein Handbuch \u00fcber den Liederzyklus \u201eHaugtussa op. 67\u201c von Edvard Grieg, der auch als CD vorliegt. Sie ist international als Solistin und Ensembles\u00e4ngerin t\u00e4tig und eine gefragte Gesangsp\u00e4dagogin.<\/p>\n<p>Juliane Hollerbach ist als wandlungsf\u00e4hige und erfahrene S\u00e4ngerin, T\u00e4nzerin, Schauspielerin und Choreographin bei zahlreichen Theatern und Ensembles engagiert und ist in den unterschiedlichsten Formaten von Musiktheater bis Band zuhause. <\/p>\n<p>In dem gemeinsam gegr\u00fcndeten Haugtussa Kollektiv bringen beide neben ihren darstellerischen und musikalischen F\u00e4higkeiten auch ihre gro\u00dfe Liebe zur Poesie ein. Sie haben Haugtussa mit feinem Gesp\u00fcr f\u00fcr Sprache, Rhythmus und lyrische Nuancen ins Deutsche \u00fcbertragen. Diese Fassung ist die erste au\u00dferhalb Skandinaviens und die Grundlage f\u00fcr s\u00e4mtliche Projekte des Haugtussa Kollektivs, etwa das gleichnamige Musiktheaterst\u00fcck, musikalische Lesungen und ein H\u00f6rbuch.<\/p>\n","protected":false},"excerpt":{"rendered":"<p id=\"price-and-shipping-details\">inkl. MwSt., zzgl. Versandkosten (Inland-Versandkosten = 0,00 \u20ac)<\/p>\n<p id=\"price-and-shipping-details\">Lieferzeit: 3-5 Werktage<\/p>\n<p>Erz\u00e4hlung. Aus dem Neunorwegischen von Martje Vande Ginste und Juliane Hollerbach. Mit einem Glossar der nordischen Fabelwesen. Nachwort von Martje Vande Ginste.<\/p>\n","protected":false},"featured_media":2044,"comment_status":"closed","ping_status":"closed","template":"","meta":[],"product_brand":[],"product_cat":[178,14,332,56,53],"product_tag":[],"class_list":{"0":"post-2043","1":"product","2":"type-product","3":"status-publish","4":"has-post-thumbnail","6":"product_cat-erzahlungen","7":"product_cat-internationale-lyrik","8":"product_cat-lyrik","9":"product_cat-norwegische-lyrik","10":"product_cat-skandinavische-lyrik","11":"pa_autor-garborg-arne","12":"pa_erscheinungsjahr-487","13":"pa_isbn-978-3-942955-93-5","14":"pa_seiten-493","15":"pa_uebersetzer-hollerbach-juliane","16":"pa_uebersetzer-vande-ginste-martje","18":"first","19":"instock","20":"shipping-taxable","21":"purchasable","22":"product-type-simple"},"_links":{"self":[{"href":"https:\/\/www.edition-rugerup.de\/index.php?rest_route=\/wp\/v2\/product\/2043","targetHints":{"allow":["GET"]}}],"collection":[{"href":"https:\/\/www.edition-rugerup.de\/index.php?rest_route=\/wp\/v2\/product"}],"about":[{"href":"https:\/\/www.edition-rugerup.de\/index.php?rest_route=\/wp\/v2\/types\/product"}],"replies":[{"embeddable":true,"href":"https:\/\/www.edition-rugerup.de\/index.php?rest_route=%2Fwp%2Fv2%2Fcomments&post=2043"}],"wp:featuredmedia":[{"embeddable":true,"href":"https:\/\/www.edition-rugerup.de\/index.php?rest_route=\/wp\/v2\/media\/2044"}],"wp:attachment":[{"href":"https:\/\/www.edition-rugerup.de\/index.php?rest_route=%2Fwp%2Fv2%2Fmedia&parent=2043"}],"wp:term":[{"taxonomy":"product_brand","embeddable":true,"href":"https:\/\/www.edition-rugerup.de\/index.php?rest_route=%2Fwp%2Fv2%2Fproduct_brand&post=2043"},{"taxonomy":"product_cat","embeddable":true,"href":"https:\/\/www.edition-rugerup.de\/index.php?rest_route=%2Fwp%2Fv2%2Fproduct_cat&post=2043"},{"taxonomy":"product_tag","embeddable":true,"href":"https:\/\/www.edition-rugerup.de\/index.php?rest_route=%2Fwp%2Fv2%2Fproduct_tag&post=2043"}],"curies":[{"name":"wp","href":"https:\/\/api.w.org\/{rel}","templated":true}]}}