{"id":202,"date":"2013-07-04T19:00:43","date_gmt":"2013-07-04T17:00:43","guid":{"rendered":"http:\/\/www.edition-rugerup.de\/?post_type=product&#038;p=202"},"modified":"2016-01-29T17:53:42","modified_gmt":"2016-01-29T16:53:42","slug":"wolkrenrauch","status":"publish","type":"product","link":"https:\/\/www.edition-rugerup.de\/?product=wolkrenrauch","title":{"rendered":"Wolkenrauch"},"content":{"rendered":"<p style=\"text-align: justify;\">&#8222;Annenskij gilt heute, posthum, in der Geschichte der russischen Lyrik als einer der gr\u00f6\u00dften und einflu\u00dfreichsten.&#8220; Oleg Jurjew, Tagesspiegel<\/p>\n<p style=\"text-align: justify;\">Innokentij Annenskijs Lyrik beschreibt das Fl\u00fcchtige, das Auftauchen von Dingen und ihr Verschwinden: Die Leuchtspur eines Sterns, die Lichttupfer im Park und den Wolkenrauch \u00fcber den Bergen. Sie ist Mysterium und Melancholie.<\/p>\n<p style=\"text-align: justify;\">Innokentij Annenskij (1855-1909) stand &#8222;Zwischen den Welten&#8220;, wie ein Gedichttitel lautet. Sein Komet stieg auf und erlosch viel zu fr\u00fch am Horizont des ausgehenden Symbolismus im Ru\u00dfland der Jahrhundertwende. Erst nach seinem Tod wurde sich die Nachwelt seiner Bedeutung bewu\u00dft, eine neue Dichtergeneration um Anna Achmatowa und Nikolai Gumiljow machte sein Schaffen zu ihrem Programm. Seine exzentrischen Metaphern und die Intensit\u00e4t seiner gegens\u00e4tzlichen Stimmungen aus eisiger Gedankenklarheit und tiefster Schwermut pr\u00e4gten sein Schaffen und riefen die Bewunderung ber\u00fchmter Wegbegleiter wie Alexander Blok und Maximiljan Woloschin hervor.<\/p>\n<p style=\"text-align: justify;\">Die Edition Rugerup erinnert mit der zweisprachigen Herausgabe ausgew\u00e4hlter Gedichte an den 100. Todestag von Innokentij Annenskij und ruft einen der Begr\u00fcnder der modernen russischen Poesie ins Ged\u00e4chtnis.<\/p>\n","protected":false},"excerpt":{"rendered":"<p id=\"price-and-shipping-details\">inkl. MwSt., zzgl. Versandkosten (Inland-Versandkosten = 0,00 \u20ac)<\/p>\n<p id=\"price-and-shipping-details\">Lieferzeit: 3-5 Werktage<\/p>\n<p>Innokentij Annenskij<\/p>\n<p>Ausgew\u00e4hlte Gedichte<br \/>\nZweisprachig<br \/>\nAus dem Russischen von Martina Jakobson<\/p>\n<p>160 Seiten<br \/>\nEnglische Klappenbroschure<\/p>\n","protected":false},"featured_media":200,"comment_status":"closed","ping_status":"closed","template":"","meta":[],"product_brand":[],"product_cat":[14,90,92],"product_tag":[],"class_list":{"0":"post-202","1":"product","2":"type-product","3":"status-publish","4":"has-post-thumbnail","6":"product_cat-internationale-lyrik","7":"product_cat-osteuropaische-lyrik","8":"product_cat-russische-lyrik-osteuropaische-lyrik","9":"pa_autor-annenskij-innokentij","10":"pa_autorin-innokentij-annenskij-1855-1909-war-ein-russischer-dichter-literaturkritiker-dramatiker-und-uebersetzer-als-studierter-altphilologe-und-von-beruf-gymnasiallehrer-war-annenskij-lange-zeit","11":"pa_erscheinungsjahr-49","12":"pa_info-uebersetzer-martina-jakobson-geb-mrochen-aufgewachsen-als-tochter-deutscher-und-russischer-eltern-in-berlin-und-moskau-sie-lebt-seit-2010-im-dreilaendereck-schweiz-frankreich-und-deutschland-in-kandern-sued","13":"pa_isbn-978-3-942955-28-0","14":"pa_uebersetzer-jakobson-martina","16":"first","17":"instock","18":"shipping-taxable","19":"purchasable","20":"product-type-simple"},"_links":{"self":[{"href":"https:\/\/www.edition-rugerup.de\/index.php?rest_route=\/wp\/v2\/product\/202","targetHints":{"allow":["GET"]}}],"collection":[{"href":"https:\/\/www.edition-rugerup.de\/index.php?rest_route=\/wp\/v2\/product"}],"about":[{"href":"https:\/\/www.edition-rugerup.de\/index.php?rest_route=\/wp\/v2\/types\/product"}],"replies":[{"embeddable":true,"href":"https:\/\/www.edition-rugerup.de\/index.php?rest_route=%2Fwp%2Fv2%2Fcomments&post=202"}],"wp:featuredmedia":[{"embeddable":true,"href":"https:\/\/www.edition-rugerup.de\/index.php?rest_route=\/wp\/v2\/media\/200"}],"wp:attachment":[{"href":"https:\/\/www.edition-rugerup.de\/index.php?rest_route=%2Fwp%2Fv2%2Fmedia&parent=202"}],"wp:term":[{"taxonomy":"product_brand","embeddable":true,"href":"https:\/\/www.edition-rugerup.de\/index.php?rest_route=%2Fwp%2Fv2%2Fproduct_brand&post=202"},{"taxonomy":"product_cat","embeddable":true,"href":"https:\/\/www.edition-rugerup.de\/index.php?rest_route=%2Fwp%2Fv2%2Fproduct_cat&post=202"},{"taxonomy":"product_tag","embeddable":true,"href":"https:\/\/www.edition-rugerup.de\/index.php?rest_route=%2Fwp%2Fv2%2Fproduct_tag&post=202"}],"curies":[{"name":"wp","href":"https:\/\/api.w.org\/{rel}","templated":true}]}}