{"id":1959,"date":"2024-04-21T02:20:06","date_gmt":"2024-04-21T00:20:06","guid":{"rendered":"https:\/\/www.edition-rugerup.de\/?post_type=product&#038;p=1959"},"modified":"2026-03-29T12:29:44","modified_gmt":"2026-03-29T10:29:44","slug":"gedichte-aus-den-jahren-1999-bis-2024","status":"publish","type":"product","link":"https:\/\/www.edition-rugerup.de\/?product=gedichte-aus-den-jahren-1999-bis-2024","title":{"rendered":"Gedichte aus den Jahren 1999 bis 2024"},"content":{"rendered":"<p>Herzberg schreibt \u00fcber allt\u00e4gliche Dinge und die gro\u00dfen Themen des Lebens in dem ihr eigenen, scheinbar leichtf\u00fc\u00dfigen, oft \u00e4u\u00dferst verk\u00fcrzten bis hin zu elliptischen Stil. H\u00e4ufig bilden Wortspiele den Ausgangspunkt eines Gedichts, oder eine Beobachtung im Alltag. Das Gro\u00dfe und das Kleine sind bei ihr nicht voneinander zu trennen, wie sie selbst in ihrem Gedicht &#8222;Drunter und Dr\u00fcber&#8220; schreibt.<br \/>\nIhr Werk wurde mit den h\u00f6chsten Preisen ausgezeichnet, darunter dem Horst-Bienek-Preis f\u00fcr Lyrik 2022.<\/p>\n<p>Judith Herzberg, *1934 in Amsterdam, ist eine der bekanntesten Lyrikerinnen und B\u00fchnenautorinnen der Niederlande. Ihr erster Gedichtband &#8222;Zeepost&#8220; erschien 1963. Ihm folgten im Lauf der Jahrzehnte fast zwei Dutzend mehr. In Deutschland ist sie bisher vor allem durch ihre Theaterst\u00fccke bekannt, zuletzt &#8222;Die Tr\u00e4ume der Abwesenden&#8220;, in dem drei ihrer St\u00fccke zu einem gro\u00dfen j\u00fcdischen Familienepos zusammengefasst sind.<\/p>\n<p>Christiane Kuby, *1952 in Frankfurt a.M., studierte Romanistik in Amsterdam und arbeitete dort ehrenamtlich bei der deutschsprachigen Stiftung Castrum Peregrini, danach bei verschiedenen feministischen Zeitschriften. Seit 1994 \u00fcbersetzt sie aus dem Niederl\u00e4ndischen und Fl\u00e4mischen. Sie hat u.a. Romane von Kader Abdolah, Jeroen Brouwers, Carl Friedman, Erwin Mortier und Nescio \u00fcbersetzt. 2015 erhielt sie den Martinus Nijhoffpreis f\u00fcr ihr \u00fcbersetzerisches Gesamtwerk. Judith Herzberg ist ihre erste Lyrik\u00fcbersetzung.<\/p>\n","protected":false},"excerpt":{"rendered":"<p id=\"price-and-shipping-details\">inkl. MwSt., zzgl. Versandkosten (Inland-Versandkosten = 0,00 \u20ac)<\/p>\n<p id=\"price-and-shipping-details\">Leider vergriffen<\/p>\n<p>Judith Herzberg<\/p>\n<p>Lyrik, 155 Seiten<br \/>\nAus dem Niederl\u00e4ndischen \u00fcbersetzt von Christiane Kuby<\/p>\n","protected":false},"featured_media":1960,"comment_status":"closed","ping_status":"closed","template":"","meta":[],"product_brand":[],"product_cat":[14,332,316],"product_tag":[],"class_list":{"0":"post-1959","1":"product","2":"type-product","3":"status-publish","4":"has-post-thumbnail","6":"product_cat-internationale-lyrik","7":"product_cat-lyrik","8":"product_cat-hollaendische-lyrik","9":"pa_autor-herzberg-judith","10":"pa_erscheinungsjahr-467","11":"pa_isbn-978-3-942955-92-8","12":"pa_seiten-481","13":"pa_uebersetzer-kuby-christiane","15":"first","16":"outofstock","17":"shipping-taxable","18":"purchasable","19":"product-type-simple"},"_links":{"self":[{"href":"https:\/\/www.edition-rugerup.de\/index.php?rest_route=\/wp\/v2\/product\/1959","targetHints":{"allow":["GET"]}}],"collection":[{"href":"https:\/\/www.edition-rugerup.de\/index.php?rest_route=\/wp\/v2\/product"}],"about":[{"href":"https:\/\/www.edition-rugerup.de\/index.php?rest_route=\/wp\/v2\/types\/product"}],"replies":[{"embeddable":true,"href":"https:\/\/www.edition-rugerup.de\/index.php?rest_route=%2Fwp%2Fv2%2Fcomments&post=1959"}],"wp:featuredmedia":[{"embeddable":true,"href":"https:\/\/www.edition-rugerup.de\/index.php?rest_route=\/wp\/v2\/media\/1960"}],"wp:attachment":[{"href":"https:\/\/www.edition-rugerup.de\/index.php?rest_route=%2Fwp%2Fv2%2Fmedia&parent=1959"}],"wp:term":[{"taxonomy":"product_brand","embeddable":true,"href":"https:\/\/www.edition-rugerup.de\/index.php?rest_route=%2Fwp%2Fv2%2Fproduct_brand&post=1959"},{"taxonomy":"product_cat","embeddable":true,"href":"https:\/\/www.edition-rugerup.de\/index.php?rest_route=%2Fwp%2Fv2%2Fproduct_cat&post=1959"},{"taxonomy":"product_tag","embeddable":true,"href":"https:\/\/www.edition-rugerup.de\/index.php?rest_route=%2Fwp%2Fv2%2Fproduct_tag&post=1959"}],"curies":[{"name":"wp","href":"https:\/\/api.w.org\/{rel}","templated":true}]}}