{"id":1840,"date":"2023-01-03T00:03:47","date_gmt":"2023-01-02T23:03:47","guid":{"rendered":"http:\/\/www.edition-rugerup.de\/?product=sebastian-oder-die-kunst-des-linienziehens"},"modified":"2023-07-08T14:36:44","modified_gmt":"2023-07-08T12:36:44","slug":"sebastian-oder-die-kunst-des-linienziehens","status":"publish","type":"product","link":"https:\/\/www.edition-rugerup.de\/?product=sebastian-oder-die-kunst-des-linienziehens","title":{"rendered":"Sebastian oder die Kunst des Linienziehens"},"content":{"rendered":"<p>Im Musikbetrieb des heutigen Deutschlands taucht ein Mann namens Sebastian auf, welcher der Barockkomponist Bach zu sein scheint. Unter anderem kennt er eine Fortsetzung der als unvollendet geltenden \u00bbKunst der Fuge\u00ab. Er schlie\u00dft Freundschaft mit der gescheiterten Altistin Tatjana und ihrem Sohn Ruben, und schl\u00e4gt sich als Bestattungsorganist m\u00fchsam durch. Nach vielen Verwicklungen landet Sebastian schlie\u00dflich in einem Altersheim f\u00fcr Komponisten. Dort fordern ihn die anderen Bewohner auf, eine Oper zu schreiben, da dies die einzige Gattung ist, die Bach Zeit seines Lebens nie bedient hat. Mit dem Ringen um die Komposition und Urauff\u00fchrung dieser Oper beginnt ein Streifzug durch die Musikgeschichte und die Welt des Musikdramas.<\/p>\n<p>Sebastians, Tatjanas Finger schreiten \u00fcber die Tastatur. Es ist dennoch kein St\u00fcck f\u00fcr Pianisten. Du schriebst es f\u00fcr ein Instrument, das es nie geben wird. Das niemand je spielen kann. Es sei denn die Engel, die an Gottes Leichnam weinen.<br \/>\nDie Bewegung nimmt zu. Langsam, doch stetig. Die Musik wird ein Mahlstrom, s\u00fc\u00df und dunkel zugleich. Das Wasser, in dem all dies flie\u00dft, ist schwer, so schwer, dass es dich tr\u00e4gt. Du kannst nicht versinken. Nur treiben in diesen T\u00f6nen. Versuchst du das Wasser zu greifen, so weicht es zur\u00fcck.<br \/>\nDie Bewegung klingt ab. Alles wird leiser. Ohne zu verstummen. Die Musik entdeckt erneut die Stille. Alle Stille ist g\u00f6ttlich. Die Soldaten nach der Schlacht, die Henker, sie wissen es. Ab welchem Takt hast du begriffen, dass der Tod neben dir stand?<\/p>\n","protected":false},"excerpt":{"rendered":"<p id=\"price-and-shipping-details\">inkl. MwSt., zzgl. Versandkosten (Inland-Versandkosten = 0,00 \u20ac)<\/p>\n<p id=\"price-and-shipping-details\">Lieferzeit: 3-5 Werktage<\/p>\n<p>Thomas Josef Wehlim<\/p>\n<p>Roman<br \/>\n176 Seiten<\/p>\n","protected":false},"featured_media":1842,"comment_status":"closed","ping_status":"closed","template":"","meta":[],"product_brand":[],"product_cat":[35],"product_tag":[450,449,451],"class_list":{"0":"post-1840","1":"product","2":"type-product","3":"status-publish","4":"has-post-thumbnail","6":"product_cat-romane-prosa","7":"product_tag-johann-sebastian-bach","8":"product_tag-musik","9":"product_tag-oper","10":"pa_autor-wehlim-thomas-josef","11":"pa_autorin-thomas-josef-wehlim-geb-1966-in-witten-d-vater-deutscher-mutter-englaenderin-kindheit-und-jugend-im-rheinland-studium-in-mainz-seit-1996-wohnhaft-in-leipzig-prosa-lyrik-theaterstuecke","12":"pa_erscheinungsjahr-453","13":"pa_isbn-978-3-942955-86-7","14":"pa_seiten-454","16":"first","17":"instock","18":"shipping-taxable","19":"purchasable","20":"product-type-simple"},"_links":{"self":[{"href":"https:\/\/www.edition-rugerup.de\/index.php?rest_route=\/wp\/v2\/product\/1840","targetHints":{"allow":["GET"]}}],"collection":[{"href":"https:\/\/www.edition-rugerup.de\/index.php?rest_route=\/wp\/v2\/product"}],"about":[{"href":"https:\/\/www.edition-rugerup.de\/index.php?rest_route=\/wp\/v2\/types\/product"}],"replies":[{"embeddable":true,"href":"https:\/\/www.edition-rugerup.de\/index.php?rest_route=%2Fwp%2Fv2%2Fcomments&post=1840"}],"wp:featuredmedia":[{"embeddable":true,"href":"https:\/\/www.edition-rugerup.de\/index.php?rest_route=\/wp\/v2\/media\/1842"}],"wp:attachment":[{"href":"https:\/\/www.edition-rugerup.de\/index.php?rest_route=%2Fwp%2Fv2%2Fmedia&parent=1840"}],"wp:term":[{"taxonomy":"product_brand","embeddable":true,"href":"https:\/\/www.edition-rugerup.de\/index.php?rest_route=%2Fwp%2Fv2%2Fproduct_brand&post=1840"},{"taxonomy":"product_cat","embeddable":true,"href":"https:\/\/www.edition-rugerup.de\/index.php?rest_route=%2Fwp%2Fv2%2Fproduct_cat&post=1840"},{"taxonomy":"product_tag","embeddable":true,"href":"https:\/\/www.edition-rugerup.de\/index.php?rest_route=%2Fwp%2Fv2%2Fproduct_tag&post=1840"}],"curies":[{"name":"wp","href":"https:\/\/api.w.org\/{rel}","templated":true}]}}