{"id":1802,"date":"2022-02-08T18:03:34","date_gmt":"2022-02-08T17:03:34","guid":{"rendered":"http:\/\/www.edition-rugerup.de\/?product=landwaerts-soelle"},"modified":"2022-02-09T07:25:26","modified_gmt":"2022-02-09T06:25:26","slug":"landwaerts-soelle","status":"publish","type":"product","link":"https:\/\/www.edition-rugerup.de\/?product=landwaerts-soelle","title":{"rendered":"Landw\u00e4rts S\u00f6lle"},"content":{"rendered":"<p>In seinen Gedichten beschreibt Frank Martens die Uckermark als klaren Fall: \u201enacht ist nacht hier\u201c. Diese Nacht ist \u201emal d\u00fcster mal klar \/ gewaltige stille \/ f\u00fcr den schlaf\u201c.<\/p>\n<p>\u201eLandw\u00e4rts S\u00f6lle\u201c, dieser Buchtitel k\u00f6nnte auch ein Synonym sein f\u00fcr die uckerm\u00e4rkische Landschaft, in der Frank Martens seit \u00fcber zehn Jahren lebt. In dieser Landschaft liegen, verstreut zwischen H\u00fcgeln, wie kleine schilfumrahmte Wasseraugen zahlreiche S\u00f6lle oder Toteisl\u00f6cher. Bei ihrem Abzug hatten eiszeitliche Gletscher vereinzelte gro\u00dfe Eisbrocken hinterlassen, die beim Schmelzen diese bis heute mit Wasser gef\u00fcllten S\u00f6lle bildeten.<br \/>\nAuch in Frank Martens Gedichten wird die Zeit bestimmt von Dauer, werden R\u00e4ume langsam und mit genauem Blick durchmessen, Ver\u00e4nderungen geschehen allm\u00e4hlich und unaufhaltsam. (Cornelia Jentzsch)<\/p>\n<p>Frank Martens, geboren 1964, aufgewachsen im Dorf Golzow bei Brandenburg, Studium Bibliothekswesen in Leipzig. Er arbeitete in Bibliotheken, Redaktionen, einer Grafikagentur und verschiedenen Kulturprojekten, organisierte literarische Veranstaltungen und war als Lektor t\u00e4tig. Seit 2010 lebt er in der Uckermark, wo er Aikido und Chi Gong unterrichtet.<\/p>\n","protected":false},"excerpt":{"rendered":"<p id=\"price-and-shipping-details\">inkl. MwSt., zzgl. Versandkosten (Inland-Versandkosten = 0,00 \u20ac)<\/p>\n<p id=\"price-and-shipping-details\">Lieferzeit: 3-5 Werktage<\/p>\n<p>Frank Martens<\/p>\n<p>Gedichte<\/p>\n<p>128 Seiten. Mit einem Nachwort von Sibylle Klefinghaus.<\/p>\n","protected":false},"featured_media":1803,"comment_status":"closed","ping_status":"closed","template":"","meta":[],"product_brand":[],"product_cat":[15,332],"product_tag":[],"class_list":{"0":"post-1802","1":"product","2":"type-product","3":"status-publish","4":"has-post-thumbnail","6":"product_cat-deutschsprachige-lyrik","7":"product_cat-lyrik","8":"pa_autor-martens-frank","9":"pa_erscheinungsjahr-448","10":"pa_isbn-978-3-942955-87-4","12":"first","13":"instock","14":"shipping-taxable","15":"purchasable","16":"product-type-simple"},"_links":{"self":[{"href":"https:\/\/www.edition-rugerup.de\/index.php?rest_route=\/wp\/v2\/product\/1802","targetHints":{"allow":["GET"]}}],"collection":[{"href":"https:\/\/www.edition-rugerup.de\/index.php?rest_route=\/wp\/v2\/product"}],"about":[{"href":"https:\/\/www.edition-rugerup.de\/index.php?rest_route=\/wp\/v2\/types\/product"}],"replies":[{"embeddable":true,"href":"https:\/\/www.edition-rugerup.de\/index.php?rest_route=%2Fwp%2Fv2%2Fcomments&post=1802"}],"wp:featuredmedia":[{"embeddable":true,"href":"https:\/\/www.edition-rugerup.de\/index.php?rest_route=\/wp\/v2\/media\/1803"}],"wp:attachment":[{"href":"https:\/\/www.edition-rugerup.de\/index.php?rest_route=%2Fwp%2Fv2%2Fmedia&parent=1802"}],"wp:term":[{"taxonomy":"product_brand","embeddable":true,"href":"https:\/\/www.edition-rugerup.de\/index.php?rest_route=%2Fwp%2Fv2%2Fproduct_brand&post=1802"},{"taxonomy":"product_cat","embeddable":true,"href":"https:\/\/www.edition-rugerup.de\/index.php?rest_route=%2Fwp%2Fv2%2Fproduct_cat&post=1802"},{"taxonomy":"product_tag","embeddable":true,"href":"https:\/\/www.edition-rugerup.de\/index.php?rest_route=%2Fwp%2Fv2%2Fproduct_tag&post=1802"}],"curies":[{"name":"wp","href":"https:\/\/api.w.org\/{rel}","templated":true}]}}