{"id":1730,"date":"2021-03-03T01:12:09","date_gmt":"2021-03-03T00:12:09","guid":{"rendered":"http:\/\/www.edition-rugerup.de\/?product=offene-augen"},"modified":"2023-10-13T09:09:11","modified_gmt":"2023-10-13T07:09:11","slug":"offene-augen","status":"publish","type":"product","link":"https:\/\/www.edition-rugerup.de\/?product=offene-augen","title":{"rendered":"Offene Augen"},"content":{"rendered":"<p class=\"\">Remco Campert (1929-2022) geh\u00f6rte nicht nur zu den anerkanntesten, sondern auch zu den beliebtesten Autoren der Niederlande. In seinen nur scheinbar einfachen, jedoch auf den zweiten Blick tiefsinnigen Texten hat er seit den 1940er Jahren durch seine Prosa, die Kolumnen, kurze Romane, doch vor allem durch die Gedichte seinen festen Platz in der niederl\u00e4ndischen Literatur. Nach dem 2009 bei Arche Literatur erschienenen und sehr positiv aufgenommenen \u201eJagen, Leben, Erinnern\u201c h\u00f6ren wir in dieser zweiten deutschen Lyrik-Ausgabe einen neuen Ton: Wenn Campert auch bisher Bez\u00fcge zur Aktualit\u00e4t herstellte, so doch nirgends in einer solch unverbl\u00fcmten Deutlichkeit wie in \u201eOffene Augen\u201c.<\/p>\n<p class=\"\">Remco Campert lebte mit seiner Frau Deborah \u2013 \u201edie, die ich liebe\u201c \u2013 im Herzen von Amsterdam.<\/p>\n<p class=\"\">Marianne Holberg \u00fcbersetzte unter anderem Remco Campert, Maarten t\u2019 Hart und Tonke Dragt aus dem Niederl\u00e4ndischen. Sie lebt in Berlin.<\/p>\n<p>&nbsp;<\/p>\n<p>Geburt des todes<\/p>\n<p>Ich komme meinem tod immer\u00a0n\u00e4her<br class=\"\" \/>der in aller ruhe auf mich wartet<br class=\"\" \/>mein leben lang schon\u00a0da<br class=\"\" \/>geburt und\u00a0tod<br class=\"\" \/>innig miteinander verbunden<br class=\"\" \/>ich lasse zur\u00fcck was ich liebte<br class=\"\" \/>ich lasse zur\u00fcck was mir sorgen machte<br class=\"\" \/>ich stehe auf im\u00a0tod<br class=\"\" \/>ein freier mensch<br class=\"\" \/>der sich zuhause f\u00fchlt in zeitlosigkeit<\/p>\n","protected":false},"excerpt":{"rendered":"<p id=\"price-and-shipping-details\">inkl. MwSt., zzgl. Versandkosten (Inland-Versandkosten = 0,00 \u20ac)<\/p>\n<p id=\"price-and-shipping-details\">Lieferzeit: 3-5 Werktage<\/p>\n<p>Remco Campert<\/p>\n<p>Gedichte. Aus dem Niederl\u00e4ndischen von Marianne Holberg und mit einem Nachwort von Allard van Gent.<\/p>\n","protected":false},"featured_media":1731,"comment_status":"closed","ping_status":"closed","template":"","meta":[],"product_brand":[],"product_cat":[14,332,316],"product_tag":[],"class_list":{"0":"post-1730","1":"product","2":"type-product","3":"status-publish","4":"has-post-thumbnail","6":"product_cat-internationale-lyrik","7":"product_cat-lyrik","8":"product_cat-hollaendische-lyrik","9":"pa_autor-campert-remco","10":"pa_erscheinungsjahr-453","11":"pa_isbn-978-3-942955-82-9","12":"pa_seiten-66","13":"pa_uebersetzer-holberg-marianne","15":"first","16":"instock","17":"shipping-taxable","18":"purchasable","19":"product-type-simple"},"_links":{"self":[{"href":"https:\/\/www.edition-rugerup.de\/index.php?rest_route=\/wp\/v2\/product\/1730","targetHints":{"allow":["GET"]}}],"collection":[{"href":"https:\/\/www.edition-rugerup.de\/index.php?rest_route=\/wp\/v2\/product"}],"about":[{"href":"https:\/\/www.edition-rugerup.de\/index.php?rest_route=\/wp\/v2\/types\/product"}],"replies":[{"embeddable":true,"href":"https:\/\/www.edition-rugerup.de\/index.php?rest_route=%2Fwp%2Fv2%2Fcomments&post=1730"}],"wp:featuredmedia":[{"embeddable":true,"href":"https:\/\/www.edition-rugerup.de\/index.php?rest_route=\/wp\/v2\/media\/1731"}],"wp:attachment":[{"href":"https:\/\/www.edition-rugerup.de\/index.php?rest_route=%2Fwp%2Fv2%2Fmedia&parent=1730"}],"wp:term":[{"taxonomy":"product_brand","embeddable":true,"href":"https:\/\/www.edition-rugerup.de\/index.php?rest_route=%2Fwp%2Fv2%2Fproduct_brand&post=1730"},{"taxonomy":"product_cat","embeddable":true,"href":"https:\/\/www.edition-rugerup.de\/index.php?rest_route=%2Fwp%2Fv2%2Fproduct_cat&post=1730"},{"taxonomy":"product_tag","embeddable":true,"href":"https:\/\/www.edition-rugerup.de\/index.php?rest_route=%2Fwp%2Fv2%2Fproduct_tag&post=1730"}],"curies":[{"name":"wp","href":"https:\/\/api.w.org\/{rel}","templated":true}]}}