{"id":1688,"date":"2020-12-02T17:39:39","date_gmt":"2020-12-02T16:39:39","guid":{"rendered":"http:\/\/www.edition-rugerup.de\/?product=das-gedaechtnis-der-finger"},"modified":"2020-12-05T10:16:38","modified_gmt":"2020-12-05T09:16:38","slug":"das-gedaechtnis-der-finger","status":"publish","type":"product","link":"https:\/\/www.edition-rugerup.de\/?product=das-gedaechtnis-der-finger","title":{"rendered":"Das Ged\u00e4chtnis der Finger"},"content":{"rendered":"<p>Diese Gedichte bewegen sich um die gro\u00dfen Fragen von Verlust, Liebe, Einsamkeit eines Mannes, der in Deutschland eine neue Heimat gefunden hat, seine alte Heimat noch im Herzen tr\u00e4gt, sie aber nicht besuchen kann.<\/p>\n<p>Ahmad Katlesh wurde 1988 in Damaskus geboren, er ist Schriftsteller, Journalist und Stimmk\u00fcnstler. Er hat drei B\u00fccher auf Arabisch ver\u00f6ffentlicht: eine Anthologie syrischer Lyrik vor dem Krieg, einen Gedichtband und eine Sammlung von Kurzgeschichten. 2015 gr\u00fcndete er eine arabische Platform f\u00fcr Literatur, www.tiklam.com, mit t\u00e4glich \u00fcber 5000 Besuchern. 2017 kam er dank eines Stipendiums der Heinrich-B\u00f6ll-Stiftung nach Deutschland. Als n\u00e4chstes Buch ist eine Studie zum Thema \u201eKlang als Werkzeug in der modernen arabischen Poesie\u201c auf Arabisch geplant.<\/p>\n<p>Kerstin Wilsch lebt in Jordanien und leitet dort das Auslandsstudienprogramm von Middlebury College an der Jordanischen Universit\u00e4t. In ihrer Freizeit \u00fcbersetzt sie seit vielen Jahren literarische Texte aus dem Arabischen ins Deutsche.<\/p>\n<p>Der Dichter, Schriftsteller, \u00dcbersetzer und Verleger Michael Kr\u00fcger stellt seit Jahrzehnten wichtige literarische Entdeckungen aus aller Welt dem deutschsprachigen Publikum vor.<\/p>\n<p>In einem fr\u00fcheren Leben<br \/>\nwar ich ein Wolf<br \/>\nDoch war ich nicht ehrenhaft genug<br \/>\nheulte oft grundlos<br \/>\nwar feige<br \/>\nIn diesem Leben<br \/>\nerniedrigte mich Gott zu einem Menschen<\/p>\n","protected":false},"excerpt":{"rendered":"<p id=\"price-and-shipping-details\">inkl. MwSt., zzgl. Versandkosten (Inland-Versandkosten = 0,00 \u20ac)<\/p>\n<p id=\"price-and-shipping-details\">Lieferzeit: 3-5 Werktage<\/p>\n<p>Ahmad Katlesh<\/p>\n<p>Gedichte. Aus dem Arabischen von Kerstin Wilsch und mit einem Nachwort von Michael Kr\u00fcger.<\/p>\n","protected":false},"featured_media":1689,"comment_status":"closed","ping_status":"closed","template":"","meta":[],"product_brand":[],"product_cat":[428,14,332],"product_tag":[],"class_list":{"0":"post-1688","1":"product","2":"type-product","3":"status-publish","4":"has-post-thumbnail","6":"product_cat-arabische-lyrik","7":"product_cat-internationale-lyrik","8":"product_cat-lyrik","9":"pa_autor-katlesh-ahmad","10":"pa_erscheinungsjahr-423","11":"pa_isbn-978-3-942955-81-2","12":"pa_seiten-432","13":"pa_uebersetzer-wilsch-kerstin","15":"first","16":"instock","17":"shipping-taxable","18":"purchasable","19":"product-type-simple"},"_links":{"self":[{"href":"https:\/\/www.edition-rugerup.de\/index.php?rest_route=\/wp\/v2\/product\/1688","targetHints":{"allow":["GET"]}}],"collection":[{"href":"https:\/\/www.edition-rugerup.de\/index.php?rest_route=\/wp\/v2\/product"}],"about":[{"href":"https:\/\/www.edition-rugerup.de\/index.php?rest_route=\/wp\/v2\/types\/product"}],"replies":[{"embeddable":true,"href":"https:\/\/www.edition-rugerup.de\/index.php?rest_route=%2Fwp%2Fv2%2Fcomments&post=1688"}],"wp:featuredmedia":[{"embeddable":true,"href":"https:\/\/www.edition-rugerup.de\/index.php?rest_route=\/wp\/v2\/media\/1689"}],"wp:attachment":[{"href":"https:\/\/www.edition-rugerup.de\/index.php?rest_route=%2Fwp%2Fv2%2Fmedia&parent=1688"}],"wp:term":[{"taxonomy":"product_brand","embeddable":true,"href":"https:\/\/www.edition-rugerup.de\/index.php?rest_route=%2Fwp%2Fv2%2Fproduct_brand&post=1688"},{"taxonomy":"product_cat","embeddable":true,"href":"https:\/\/www.edition-rugerup.de\/index.php?rest_route=%2Fwp%2Fv2%2Fproduct_cat&post=1688"},{"taxonomy":"product_tag","embeddable":true,"href":"https:\/\/www.edition-rugerup.de\/index.php?rest_route=%2Fwp%2Fv2%2Fproduct_tag&post=1688"}],"curies":[{"name":"wp","href":"https:\/\/api.w.org\/{rel}","templated":true}]}}