{"id":1685,"date":"2020-12-02T17:32:46","date_gmt":"2020-12-02T16:32:46","guid":{"rendered":"http:\/\/www.edition-rugerup.de\/?post_type=product&#038;p=1685"},"modified":"2020-12-02T17:39:17","modified_gmt":"2020-12-02T16:39:17","slug":"septimas","status":"publish","type":"product","link":"https:\/\/www.edition-rugerup.de\/?product=septimas","title":{"rendered":"S\u00e9ptimas"},"content":{"rendered":"<p>In den Siebenzeilern dieses Bandes, den S\u00e9ptimas, treten verschiedenste Seiten des Lebens vor Augen, innere und \u00e4u\u00dfere Ereignisse. Aber diese wie durch einen geborstenen Spiegel gesehene, zersplittert scheinende Welt f\u00fcgt sich zu einem Ganzen. Doch sie ist keine abgeschlossene mit festen Grenzen. Sie ist und bleibt ein Str\u00f6men, in das wir eintreten, von dem wir fast nichts begreifen und aus dem wir eines Tages wieder verschwinden. Und dann und wann blitzt etwas auf wie ein g\u00f6ttlicher Funke, wie die Hand eines Engels.<\/p>\n<p>Er spuckte in die Brunnen,<br \/>\ndie am Weg lagen. Denn er wusste,<br \/>\nspuckt ein Brunnen zur\u00fcck, bin ich am<br \/>\nZiel. Die V\u00f6gel werden dort<br \/>\nsprechen zu mir, die Granat\u00e4pfel<br \/>\nplatzen, ihre Kernm\u00e4ntel bluten,<br \/>\nLake und Meerwasser s\u00fc\u00df.<\/p>\n","protected":false},"excerpt":{"rendered":"<p id=\"price-and-shipping-details\">inkl. MwSt., zzgl. Versandkosten (Inland-Versandkosten = 0,00 \u20ac)<\/p>\n<p id=\"price-and-shipping-details\">Lieferzeit: 3-5 Werktage<\/p>\n<p>Klaus Anders<\/p>\n<p>Gedichte<\/p>\n","protected":false},"featured_media":1686,"comment_status":"closed","ping_status":"closed","template":"","meta":[],"product_brand":[],"product_cat":[15,332],"product_tag":[],"class_list":{"0":"post-1685","1":"product","2":"type-product","3":"status-publish","4":"has-post-thumbnail","6":"product_cat-deutschsprachige-lyrik","7":"product_cat-lyrik","8":"pa_autor-anders-klaus","9":"pa_erscheinungsjahr-423","10":"pa_isbn-978-3-942955-80-5","11":"pa_seiten-427","13":"first","14":"instock","15":"shipping-taxable","16":"purchasable","17":"product-type-simple"},"_links":{"self":[{"href":"https:\/\/www.edition-rugerup.de\/index.php?rest_route=\/wp\/v2\/product\/1685","targetHints":{"allow":["GET"]}}],"collection":[{"href":"https:\/\/www.edition-rugerup.de\/index.php?rest_route=\/wp\/v2\/product"}],"about":[{"href":"https:\/\/www.edition-rugerup.de\/index.php?rest_route=\/wp\/v2\/types\/product"}],"replies":[{"embeddable":true,"href":"https:\/\/www.edition-rugerup.de\/index.php?rest_route=%2Fwp%2Fv2%2Fcomments&post=1685"}],"wp:featuredmedia":[{"embeddable":true,"href":"https:\/\/www.edition-rugerup.de\/index.php?rest_route=\/wp\/v2\/media\/1686"}],"wp:attachment":[{"href":"https:\/\/www.edition-rugerup.de\/index.php?rest_route=%2Fwp%2Fv2%2Fmedia&parent=1685"}],"wp:term":[{"taxonomy":"product_brand","embeddable":true,"href":"https:\/\/www.edition-rugerup.de\/index.php?rest_route=%2Fwp%2Fv2%2Fproduct_brand&post=1685"},{"taxonomy":"product_cat","embeddable":true,"href":"https:\/\/www.edition-rugerup.de\/index.php?rest_route=%2Fwp%2Fv2%2Fproduct_cat&post=1685"},{"taxonomy":"product_tag","embeddable":true,"href":"https:\/\/www.edition-rugerup.de\/index.php?rest_route=%2Fwp%2Fv2%2Fproduct_tag&post=1685"}],"curies":[{"name":"wp","href":"https:\/\/api.w.org\/{rel}","templated":true}]}}