{"id":1590,"date":"2019-08-04T00:04:05","date_gmt":"2019-08-03T22:04:05","guid":{"rendered":"http:\/\/www.edition-rugerup.de\/?product=sichel"},"modified":"2019-12-12T21:49:58","modified_gmt":"2019-12-12T20:49:58","slug":"sichel","status":"publish","type":"product","link":"https:\/\/www.edition-rugerup.de\/?product=sichel","title":{"rendered":"Sichel"},"content":{"rendered":"<p>Ein Ort in Norwegens Westland, 19. Jahrhundert. Eine lichte Zukunft scheint es f\u00fcr den jungen Bauern Endre zu geben. Doch dann wird er krank und bettl\u00e4gerig und muss den Hof abgeben. Wer ist er, ohne die Rechte und Pflichten, zu denen er geboren wurde? Wof\u00fcr soll er nun leben? Da kommen die B\u00fccher zu ihm und nehmen ihn mit hinaus in die Welt.<\/p>\n<p><i class=\"\">Sichel<\/i>\u00a0ist die Erz\u00e4hlung von einem einfachen, doch manchmal gro\u00dfen Leben. Von einer Zeit, die vergangen und dennoch wiederzuerkennen ist. Und es ist die Erz\u00e4hlung von Endre und Abelone, die sich ihre ganz eigene Sprache erfinden m\u00fcssen, um wieder miteinander sprechen zu k\u00f6nnen.<\/p>\n<p><i class=\"\">Ruth Lillegraven<\/i>, geb. 1978 in Granvin, Westnorwegen, deb\u00fctierte 2005 mit dem Gedichtband\u00a0<i class=\"\">Store stygge dikt<\/i>\u00a0(Gro\u00dfe h\u00e4ssliche Gedichte).\u00a0<i class=\"\">Sichel<\/i>\u00a0ist ihre vierte Gedichtsammlung. Sie ver\u00f6ffentlichte au\u00dferdem einen Roman, mehrere Kinderb\u00fccher und 2018 den Psycho-Thriller\u00a0<i class=\"\">Alt er mitt\u00a0<\/i>(Alles meins). F\u00fcr ihren Gedichtband\u00a0<i class=\"\">Urd<\/i>\u00a0erhielt sie 2013 den renommierten Bragepreis.<\/p>\n<div class=\"\"><\/div>\n<div class=\"\"><i class=\"\">Klaus Anders<\/i>, geb. 1952, lebt in Frankfurt\/Main. Er deb\u00fctierte 2003 mit dem Gedichtband\u00a0<i class=\"\">Mittag vor\u00fcber<\/i>. Es folgten weitere B\u00e4nde, darunter\u00a0<i class=\"\">Hotel Knossos<\/i>\u00a0und\u00a0<i class=\"\">Wachtelzeit<\/i>. In der Edition Rugerup erschienen unter anderem seine \u00dcbersetzungen von Olav H. Hauge,\u00a0<i class=\"\">Gesammelte Gedichte<\/i>\u00a0sowie\u00a0<i class=\"\">Mein Leben war Traum<\/i>, und \u00d8yvind Rimbereid,\u00a0<i class=\"\">Herbarium,\u00a0<\/i>Gedichte.<\/div>\n","protected":false},"excerpt":{"rendered":"<p id=\"price-and-shipping-details\">inkl. MwSt., zzgl. Versandkosten (Inland-Versandkosten = 0,00 \u20ac)<\/p>\n<p id=\"price-and-shipping-details\">Lieferzeit: 3-5 Werktage<\/p>\n<p>&nbsp;<\/p>\n<p>Langgedicht. Aus dem Neunorwegischen \u00fcbersetzt von Klaus Anders.<br \/>\n144 Seiten.<\/p>\n","protected":false},"featured_media":1603,"comment_status":"closed","ping_status":"closed","template":"","meta":[],"product_brand":[],"product_cat":[14,332,56],"product_tag":[],"class_list":{"0":"post-1590","1":"product","2":"type-product","3":"status-publish","4":"has-post-thumbnail","6":"product_cat-internationale-lyrik","7":"product_cat-lyrik","8":"product_cat-norwegische-lyrik","9":"pa_autor-lillegraven-ruth","10":"pa_erscheinungsjahr-384","11":"pa_isbn-978-3-942955-75-1","12":"pa_seiten-68","13":"pa_uebersetzer-anders-klaus","15":"first","16":"instock","17":"shipping-taxable","18":"purchasable","19":"product-type-simple"},"_links":{"self":[{"href":"https:\/\/www.edition-rugerup.de\/index.php?rest_route=\/wp\/v2\/product\/1590","targetHints":{"allow":["GET"]}}],"collection":[{"href":"https:\/\/www.edition-rugerup.de\/index.php?rest_route=\/wp\/v2\/product"}],"about":[{"href":"https:\/\/www.edition-rugerup.de\/index.php?rest_route=\/wp\/v2\/types\/product"}],"replies":[{"embeddable":true,"href":"https:\/\/www.edition-rugerup.de\/index.php?rest_route=%2Fwp%2Fv2%2Fcomments&post=1590"}],"wp:featuredmedia":[{"embeddable":true,"href":"https:\/\/www.edition-rugerup.de\/index.php?rest_route=\/wp\/v2\/media\/1603"}],"wp:attachment":[{"href":"https:\/\/www.edition-rugerup.de\/index.php?rest_route=%2Fwp%2Fv2%2Fmedia&parent=1590"}],"wp:term":[{"taxonomy":"product_brand","embeddable":true,"href":"https:\/\/www.edition-rugerup.de\/index.php?rest_route=%2Fwp%2Fv2%2Fproduct_brand&post=1590"},{"taxonomy":"product_cat","embeddable":true,"href":"https:\/\/www.edition-rugerup.de\/index.php?rest_route=%2Fwp%2Fv2%2Fproduct_cat&post=1590"},{"taxonomy":"product_tag","embeddable":true,"href":"https:\/\/www.edition-rugerup.de\/index.php?rest_route=%2Fwp%2Fv2%2Fproduct_tag&post=1590"}],"curies":[{"name":"wp","href":"https:\/\/api.w.org\/{rel}","templated":true}]}}