{"id":1534,"date":"2019-02-02T17:16:16","date_gmt":"2019-02-02T16:16:16","guid":{"rendered":"http:\/\/www.edition-rugerup.de\/?product=vorschau-das-dichterische-werk-iii"},"modified":"2022-06-18T15:42:36","modified_gmt":"2022-06-18T13:42:36","slug":"vorschau-das-dichterische-werk-iii","status":"publish","type":"product","link":"https:\/\/www.edition-rugerup.de\/?product=vorschau-das-dichterische-werk-iii","title":{"rendered":"Dein Glanz nahm mir die Worte. Kommentarband"},"content":{"rendered":"<p>Bereits die \u00dcbersetzung erf\u00fcllt die Rolle eines Kommentars, indem sie Worte, die Tschernichowski in das Hebr\u00e4ische eingef\u00fchrt hat (als \u00dcbersetzungen aus dem Ukrainischen und Russischen oder als Entlehnungen aus dem Aram\u00e4ischen) ebenso aufschl\u00fcsselt wie Ausdr\u00fccke, die dem modernen hebr\u00e4ischen Leser nicht mehr gel\u00e4ufig sind. Eine weitere Aufgabe kann die \u00dcbersetzung nicht leisten: Weil eine Bibelstelle im Deutschen nicht den tradierten, festen Wortlaut des hebr\u00e4ischen Originals besitzt, ist der Klangraum, den der Tanach, Gebete aus dem Siddur und weitere klassische hebr\u00e4ische Texte bilden, in der \u00dcbersetzung nicht zu bewahren. Diese Rolle \u00fcbernimmt der philologische Kommentar. Er dient dem Verstehen und leistet zugleich Grundlagenforschung zum komplexesten Werk der \u201ehebr\u00e4ischen Renaissance\u201c, da eine kommentierte Werkausgabe im Hebr\u00e4ischen noch aussteht.<\/p>\n<p>&nbsp;<\/p>\n<p>goldene Rohre \u2013 aram\u00e4isch \u201etsantarot d<sup>e<\/sup>dahava\u02be\u201c; Sach 4,12.<\/p>\n<p>Tisch mit dem Schaubrot \u2013 hebr. \u201eshulh\u0323an hapanim\u201c; Ex 25,30; zw\u00f6lf Schaubrote wurden an jedem Schabbat im \u201etransportablen Heiligtum\u201c (Mischkan) und im Jerusalemer Tempels als Opfergabe auf dem goldenen Schaubrottisch ausgelegt.<\/p>\n<p>eine Flasche mit Manna \u2013 hebr. \u201etsintsenet shel mon\u201c; Ex 16,33: \u201eNimm eine Flasche und tu ein Omer voll Manna hinein und lege es hin vor dem Ewigen, zur Verwahrung f\u00fcr eure Geschlechter\u201c.<\/p>\n<p>die F\u00fclle der Welt ist \u2013 hebr. \u201ev\u0323<sup>e<\/sup>\u02bfolam umlo\u02beo\u201c; Ps 24,1: \u201eDes Ewgen ist die Erde und was sie erf\u00fcllt\u201c.<\/p>\n<p>Mineralien \u2013 hebr. \u201edomem\u201c.<\/p>\n<p>samt ihrer Arten \u2013 hebr. \u201ekol \u02beeh\u0323ad l<sup>e<\/sup>mino\u201c; eine wiederholte Formel am Beginn der Genesis.<\/p>\n<p>Spitzen der Triebe \u2013 hebr. \u201ev\u0323<sup>e<\/sup>tsitsiyot yonk\u0323otav\u0323\u201c; Ex 16,37-41; als biologischer Terminus bezeichnet \u201etsitsit\u201c den Haarkranz oder h\u00e4utigen Saum auf den Fr\u00fcchten der Korbbl\u00fctler.<\/p>\n<p>Leben um Leben und Same um Same \u2013 hebr. \u201eh\u0323ayim tah\u0323at h\u0323ayim v\u0323<sup>e<\/sup>zera\u02bf tah\u0323at hazara\u02bf\u201c; Ex 21,23-25. baut sie auch beides \u2013 Kelchbl\u00e4tter und Kronbl\u00e4tter.<\/p>\n<p>Narbe \u2013 hebr. \u201ekipah-tsalek\u0323et\u201c; das Stigma, der obere Teil des Bl\u00fctenstempels.<br \/>\nheiliger Samen \u2013 hebr. \u201ezar\u02bfei hak\u0323odesh\u201c; Jes 6,13.<\/p>\n","protected":false},"excerpt":{"rendered":"<p id=\"price-and-shipping-details\">inkl. MwSt., zzgl. Versandkosten (Inland-Versandkosten = 0,00 \u20ac)<\/p>\n<p id=\"price-and-shipping-details\">Lieferzeit: 3-5 Werktage<\/p>\n<p>Saul Tschernichowski<\/p>\n<p>Band\u00a0III (240 Seiten)<\/p>\n<p>Kommentar. Von J\u00f6rg Schulte, unter Mitarbeit von Gundula Schiffer.<\/p>\n<p>Empfohlen von Florian Kessler in <a href=\"https:\/\/www.lyrik-empfehlungen.de\/2021\/saul-tschernichowski-dein-glanz-nahm-mir-die-worte\" target=\"_blank\" rel=\"noopener noreferrer\">lyrik-empfehlungen.de<\/a><\/p>\n","protected":false},"featured_media":1613,"comment_status":"closed","ping_status":"closed","template":"","meta":[],"product_brand":[],"product_cat":[412,14,332],"product_tag":[],"class_list":{"0":"post-1534","1":"product","2":"type-product","3":"status-publish","4":"has-post-thumbnail","6":"product_cat-hebraeische-lyrik","7":"product_cat-internationale-lyrik","8":"product_cat-lyrik","9":"pa_autor-tschernichowski-saul","10":"pa_erscheinungsjahr-423","11":"pa_isbn-978-3-942955-71-3","12":"pa_seiten-358","13":"pa_uebersetzer-schulte-joerg","15":"first","16":"instock","17":"shipping-taxable","18":"purchasable","19":"product-type-simple"},"_links":{"self":[{"href":"https:\/\/www.edition-rugerup.de\/index.php?rest_route=\/wp\/v2\/product\/1534","targetHints":{"allow":["GET"]}}],"collection":[{"href":"https:\/\/www.edition-rugerup.de\/index.php?rest_route=\/wp\/v2\/product"}],"about":[{"href":"https:\/\/www.edition-rugerup.de\/index.php?rest_route=\/wp\/v2\/types\/product"}],"replies":[{"embeddable":true,"href":"https:\/\/www.edition-rugerup.de\/index.php?rest_route=%2Fwp%2Fv2%2Fcomments&post=1534"}],"wp:featuredmedia":[{"embeddable":true,"href":"https:\/\/www.edition-rugerup.de\/index.php?rest_route=\/wp\/v2\/media\/1613"}],"wp:attachment":[{"href":"https:\/\/www.edition-rugerup.de\/index.php?rest_route=%2Fwp%2Fv2%2Fmedia&parent=1534"}],"wp:term":[{"taxonomy":"product_brand","embeddable":true,"href":"https:\/\/www.edition-rugerup.de\/index.php?rest_route=%2Fwp%2Fv2%2Fproduct_brand&post=1534"},{"taxonomy":"product_cat","embeddable":true,"href":"https:\/\/www.edition-rugerup.de\/index.php?rest_route=%2Fwp%2Fv2%2Fproduct_cat&post=1534"},{"taxonomy":"product_tag","embeddable":true,"href":"https:\/\/www.edition-rugerup.de\/index.php?rest_route=%2Fwp%2Fv2%2Fproduct_tag&post=1534"}],"curies":[{"name":"wp","href":"https:\/\/api.w.org\/{rel}","templated":true}]}}