{"id":1529,"date":"2019-02-03T15:51:54","date_gmt":"2019-02-03T14:51:54","guid":{"rendered":"http:\/\/www.edition-rugerup.de\/?product=vorschau-das-dichterische-werk-ii"},"modified":"2022-06-18T15:41:12","modified_gmt":"2022-06-18T13:41:12","slug":"vorschau-das-dichterische-werk-ii","status":"publish","type":"product","link":"https:\/\/www.edition-rugerup.de\/?product=vorschau-das-dichterische-werk-ii","title":{"rendered":"Dein Glanz nahm mir die Worte. Autobiographie, Poeme, Das goldene Volk"},"content":{"rendered":"<p>&#8222;Du willst wissen, was ich schreibe, warum ich nicht schreibe usw.? [&#8230;] Ich schreibe, weil ich lebe, weil ich in diesem Moment das Lied des Lebens f\u00fchle. Und wenn Du eines meiner Lieder findest, das an einem bestimmten Ort und zu einer bestimmten Stunde geschrieben und unterzeichnet ist \u2013 so wisse: Zu jener Stunde und an jenem Ort habe ich das Lied des Lebens gesp\u00fcrt. Das Leben selbst ist, in jener Form, in der es sich t\u00e4glich vor uns manifestiert, bis zum Ersticken voll von Schmutz und Makel. Aber der Kern des Lebens, sein Wesen, das Geheimnis des Lebens ist ein Lied, das Lied aller Lieder, das erhabenste Lied, das es gibt und das es geben kann. Und es ist nicht einfach ein Lied, sondern ein Siegeslied. Ein Lied des Sieges der Materie \u00fcber Tohu und Bohu.\u201c [aus einem Brief an Joseph Klausner]<\/p>\n<p>Der zweite Band umfasst, neben der Autobiographie und den autobiographischen Poemen, Tschernichowskis Sp\u00e4twerk <em>Das goldene Volk<\/em>. Inspiriert von Maurice Maeterlincks <em>La vie\u00a0<\/em><em>des abeilles<\/em> erz\u00e4hlt das Epos in \u00fcber 2200 Hexametern den Auszug des Bienenschwarms aus seinem Stock, verflochten mit Episoden aus der Kindheit des Dichters und dem Bau der ersten Kibbuzim. Allegorisch steht der Auszug f\u00fcr die Wanderung des j\u00fcdischen Volks nach Pal\u00e4stina; er ist der neue Gr\u00fcndungsmythos des hebr\u00e4ischen Volks.<\/p>\n<p>Wie Isaak Babel Odessa und Bruno Schulz Drohobycz in die Karte der europ\u00e4ischen Literatur eingetragen haben, zieht Tschernichowski ihre Grenzen um die Steppen Tauriens. Im Rhythmus der Hexameter zieht sich das Herz des Lesers zusammen ob der Sehnsucht nach einer mythischen Landschaft, geschaffen aus der epischen Weite des Homer und dem hebr\u00e4ischen Mythos von einem Judentum der Steppe, das anders war als jenes der Schtetl und des s\u00fcndigen Odessa.<\/p>\n<p>&nbsp;<\/p>\n<p>Ika tzantarot dedahva&#8230; es gibt jene goldenen Rohre \u2013<br \/>\nnichts, das der Sch\u00f6pfer geschaffen, erreicht ihren Zauber, in allem,<br \/>\ndas er vollbracht \u2013 sich zur Ehre, den Glanz seiner Welt zu vermehren.<br \/>\nDenn in die Stiftsh\u00fctte hie\u00df er \u2013 so wie auf den Tisch mit dem Schaubrot<br \/>\nauch eine Flasche mit Manna zu bringen. Die F\u00fclle der Welt ist<br \/>\nnichts als der Schaubrote Tisch, der in all seinem Glanze vor ihm steht,<br \/>\nrandvoll mit Flaschen von Manna \u2013 bezaubernden, goldenen Flaschen.<br \/>\nZar\u02bfa\u02be dedahava\u02be \u02beika\u02be&#8230; es gibt einen goldenen Samen,<br \/>\nin seinem Scho\u00df sind die Wunder des Lebens, der Ewigkeit Funken,<br \/>\nR\u00e4tsel des Lebens verborgen, das riesige R\u00e4tsel der R\u00e4tsel.<br \/>\nEinst, da er wirkte auf Erden, an Tagen der m\u00e4chtigen Sch\u00f6pfung,<br \/>\ngab er die Weisung, all das, was im Scho\u00dfe der Erde verh\u00fcllt war \u2013<br \/>\nSch\u00e4tze des Seins, das im reinsten Fragment des Geheimnisses d\u00e4mmert.<\/p>\n<p>aus dem Epos <em>Ama dedahava<\/em> (Das Goldene Volk)<\/p>\n","protected":false},"excerpt":{"rendered":"<p id=\"price-and-shipping-details\">inkl. MwSt., zzgl. Versandkosten (Inland-Versandkosten = 0,00 \u20ac)<\/p>\n<p id=\"price-and-shipping-details\">Lieferzeit: 3-5 Werktage<\/p>\n<p>Saul Tschernichowski<\/p>\n<p>Band\u00a0II (328 Seiten)<\/p>\n<p>Autobiographie und Poeme. Das goldene Volk. Aus dem Hebr\u00e4ischen von J\u00f6rg Schulte.<\/p>\n<p>Empfohlen von Florian Kessler in <a href=\"https:\/\/www.lyrik-empfehlungen.de\/2021\/saul-tschernichowski-dein-glanz-nahm-mir-die-worte\" target=\"_blank\" rel=\"noopener noreferrer\">lyrik-empfehlungen.de<\/a><\/p>\n","protected":false},"featured_media":1612,"comment_status":"closed","ping_status":"closed","template":"","meta":[],"product_brand":[],"product_cat":[412,14,332],"product_tag":[],"class_list":{"0":"post-1529","1":"product","2":"type-product","3":"status-publish","4":"has-post-thumbnail","6":"product_cat-hebraeische-lyrik","7":"product_cat-internationale-lyrik","8":"product_cat-lyrik","9":"pa_autor-tschernichowski-saul","10":"pa_erscheinungsjahr-423","11":"pa_isbn-978-3-942955-70-6","12":"pa_seiten-425","13":"pa_uebersetzer-schulte-joerg","15":"first","16":"instock","17":"shipping-taxable","18":"purchasable","19":"product-type-simple"},"_links":{"self":[{"href":"https:\/\/www.edition-rugerup.de\/index.php?rest_route=\/wp\/v2\/product\/1529","targetHints":{"allow":["GET"]}}],"collection":[{"href":"https:\/\/www.edition-rugerup.de\/index.php?rest_route=\/wp\/v2\/product"}],"about":[{"href":"https:\/\/www.edition-rugerup.de\/index.php?rest_route=\/wp\/v2\/types\/product"}],"replies":[{"embeddable":true,"href":"https:\/\/www.edition-rugerup.de\/index.php?rest_route=%2Fwp%2Fv2%2Fcomments&post=1529"}],"wp:featuredmedia":[{"embeddable":true,"href":"https:\/\/www.edition-rugerup.de\/index.php?rest_route=\/wp\/v2\/media\/1612"}],"wp:attachment":[{"href":"https:\/\/www.edition-rugerup.de\/index.php?rest_route=%2Fwp%2Fv2%2Fmedia&parent=1529"}],"wp:term":[{"taxonomy":"product_brand","embeddable":true,"href":"https:\/\/www.edition-rugerup.de\/index.php?rest_route=%2Fwp%2Fv2%2Fproduct_brand&post=1529"},{"taxonomy":"product_cat","embeddable":true,"href":"https:\/\/www.edition-rugerup.de\/index.php?rest_route=%2Fwp%2Fv2%2Fproduct_cat&post=1529"},{"taxonomy":"product_tag","embeddable":true,"href":"https:\/\/www.edition-rugerup.de\/index.php?rest_route=%2Fwp%2Fv2%2Fproduct_tag&post=1529"}],"curies":[{"name":"wp","href":"https:\/\/api.w.org\/{rel}","templated":true}]}}