{"id":1494,"date":"2018-10-05T22:42:41","date_gmt":"2018-10-05T20:42:41","guid":{"rendered":"http:\/\/www.edition-rugerup.de\/?post_type=product&#038;p=1494"},"modified":"2018-10-07T23:28:20","modified_gmt":"2018-10-07T21:28:20","slug":"wacholdertraeume","status":"publish","type":"product","link":"https:\/\/www.edition-rugerup.de\/?product=wacholdertraeume","title":{"rendered":"Wacholdertr\u00e4ume"},"content":{"rendered":"<p>In seinem sechsten gr\u00f6\u00dferen Gedichtband umkreist J\u00fcrgen Br\u00f4can (* 1965), Lyriker, \u00dcbersetzer, Kritiker, Herausgeber und Tr\u00e4ger des Literaturpreises Ruhr 2016, malende Autoren und literarisch begabte Maler, begibt sich auf die Spuren der Droste, besucht C.F. Meyer in der Anstalt, sieht Robert Walser im Schnee liegen, geht den Naturdarstellungen der D\u00fcsseldorfer Malerschule nach, die bis in die Neue Welt reichen, entdeckt das Aktuelle im Historischen, betrachtet Gem\u00e4lde, h\u00f6rt Musik und erkundet wie immer bekannte oder weniger bekannte Orte im Ruhrgebiet. \u201eIn allen diesen Gedichten bilden Eigenerfahrung und Andererfahrung im Lesenden eine schillernde Symbiose. Etwas, das das R\u00e4tselhafte im Gedicht ausmacht, es zu einem geheimnisvollen, heilenden Text formt, an dem man forschen muss, um zum begl\u00fcckenden Ergebnis zu gelangen.\u201c (Ralf Thenior)<\/p>\n<p><strong>ein ehebrief<\/strong><br \/>\n<em>(hermine an fritz)<\/em><\/p>\n<p>wir lieben beide die birken.<br \/>\ndeine stehen aufrecht,<br \/>\nleicht zum wind gedreht,<br \/>\nin unterhaltsamen gr\u00fcppchen,<br \/>\nl\u00e4ngs eines lehmwegs<br \/>\nin den blauenden abend.<\/p>\n<p>die meinen harren einsam,<br \/>\nin alle wetter gestemmt,<br \/>\nkrumm wie gepr\u00fcgelt,<br \/>\ndoch strotzig, selbstbewu\u00dft,<br \/>\n\u00fcber torfkan\u00e4le gebeugt,<br \/>\nwo selten ein auge spaziert.<\/p>\n<p>ein kornfeld umflutet<br \/>\ndeine birken oder ein haus<br \/>\nmit quakendem t\u00fcmpel<br \/>\nliegt freundlich in der n\u00e4he,<br \/>\noft im fr\u00fchling, wenn<br \/>\nvieles in ruhe bl\u00fcht.<\/p>\n<p>meine verlieren ihr laub<br \/>\nschon mitten im moor, wirken<br \/>\ngehetzt, als w\u00e4r da ein grund<br \/>\nsich zu sch\u00e4men. schlank<br \/>\nsind sie nicht, aber<br \/>\nluftverliebt, wie deine.<\/p>\n<p>\n<strong>leerstunde in empathie<\/strong><\/p>\n<p><\/p>\n<p>die sprache erkannte es l\u00e4ngst: ein fenster-<em>rahmen<\/em>,<br \/>\nzum betrachten aufgestellt. starkregen hat den duft<br \/>\naus humusporen gesp\u00fclt, ihr m\u00fcckenschwarm von mole-<br \/>\nk\u00fclen. diese \u201ef\u00fcrsichbl\u00fcthe\u201c, unbeeindruckt von dem<br \/>\nt\u00fcrenschl\u00e4gertrupp. einfach, doch nicht fad: graues<br \/>\nin schichten, sechzehntelt\u00f6nen. mir auszumalen, der<br \/>\nbaum hinter den garagend\u00e4chern, durch den v\u00f6gel wie<br \/>\npistolensch\u00fcsse jetzt ziehen, unter den achseln ge-<br \/>\nkitzelt von kleinem fuchs, m\u00fccke, k\u00e4fer, tranchiert<br \/>\nvon den messern des windes und neu zusammengesetzt,<br \/>\nkein ortswechsler, da wolkenvarianz \u00fcber ihn kommt,<br \/>\nwie probierte kinderschrift, mir das auszumalen&#8230;!<\/p>\n","protected":false},"excerpt":{"rendered":"<p id=\"price-and-shipping-details\">inkl. MwSt., zzgl. Versandkosten (Inland-Versandkosten = 0,00 \u20ac)<\/p>\n<p id=\"price-and-shipping-details\">Lieferzeit: 3-5 Werktage<\/p>\n<p>J\u00fcrgen Br\u00f4can<\/p>\n<p>Gedichte und ein Essay.<\/p>\n","protected":false},"featured_media":1495,"comment_status":"closed","ping_status":"closed","template":"","meta":[],"product_brand":[],"product_cat":[15,332],"product_tag":[],"class_list":{"0":"post-1494","1":"product","2":"type-product","3":"status-publish","4":"has-post-thumbnail","6":"product_cat-deutschsprachige-lyrik","7":"product_cat-lyrik","8":"pa_autor-brocan-jurgen","9":"pa_erscheinungsjahr-387","10":"pa_isbn-978-3-942955-76-8","11":"pa_seiten-338","13":"first","14":"instock","15":"shipping-taxable","16":"purchasable","17":"product-type-simple"},"_links":{"self":[{"href":"https:\/\/www.edition-rugerup.de\/index.php?rest_route=\/wp\/v2\/product\/1494","targetHints":{"allow":["GET"]}}],"collection":[{"href":"https:\/\/www.edition-rugerup.de\/index.php?rest_route=\/wp\/v2\/product"}],"about":[{"href":"https:\/\/www.edition-rugerup.de\/index.php?rest_route=\/wp\/v2\/types\/product"}],"replies":[{"embeddable":true,"href":"https:\/\/www.edition-rugerup.de\/index.php?rest_route=%2Fwp%2Fv2%2Fcomments&post=1494"}],"wp:featuredmedia":[{"embeddable":true,"href":"https:\/\/www.edition-rugerup.de\/index.php?rest_route=\/wp\/v2\/media\/1495"}],"wp:attachment":[{"href":"https:\/\/www.edition-rugerup.de\/index.php?rest_route=%2Fwp%2Fv2%2Fmedia&parent=1494"}],"wp:term":[{"taxonomy":"product_brand","embeddable":true,"href":"https:\/\/www.edition-rugerup.de\/index.php?rest_route=%2Fwp%2Fv2%2Fproduct_brand&post=1494"},{"taxonomy":"product_cat","embeddable":true,"href":"https:\/\/www.edition-rugerup.de\/index.php?rest_route=%2Fwp%2Fv2%2Fproduct_cat&post=1494"},{"taxonomy":"product_tag","embeddable":true,"href":"https:\/\/www.edition-rugerup.de\/index.php?rest_route=%2Fwp%2Fv2%2Fproduct_tag&post=1494"}],"curies":[{"name":"wp","href":"https:\/\/api.w.org\/{rel}","templated":true}]}}