{"id":1393,"date":"2018-01-29T22:14:31","date_gmt":"2018-01-29T21:14:31","guid":{"rendered":"http:\/\/www.edition-rugerup.de\/?product=der-weisse-weg"},"modified":"2018-03-22T22:09:41","modified_gmt":"2018-03-22T21:09:41","slug":"der-weisse-weg","status":"publish","type":"product","link":"https:\/\/www.edition-rugerup.de\/?product=der-weisse-weg","title":{"rendered":"Der wei\u00dfe Weg"},"content":{"rendered":"<p>Kjartan Hatl\u00f8y (*1954) breitet einen F\u00e4cher von Prosagedichten aus, dessen Teile alle an einem Punkt zusammentreffen: dem wei\u00dfen Kiesweg, der zu seinem Haus in Salbu, einer kleinen Siedlung am \u00c5fjord, f\u00fchrt. In seinen Ausfl\u00fcgen geht Hatl\u00f8y tief in die Erdgeschichte, spricht zu den Toten, er beobachtet aufs Genaueste Pflanzen, Tiere und Menschen seiner Umgebung, ihr Zusammen- und ihr nebeneinanderher Leben in einer abgeschiedenen nordwesteurop\u00e4ischen Landschaft, dem winzigen Ort im Kosmos, dessen rotierende Sonnen stets gegenw\u00e4rtig sind. Er ist ein Onkel des Schriftstellers Karl Ove Knausg\u00e5rd und wird in dessen Roman \u201eLieben\u201c gef\u00fchlvoll beschrieben. \u201eUnser bester Naturlyriker\u201c, so<i>V\u00e5rt land<\/i>.<\/p>\n<p>&nbsp;<\/p>\n<p><em>&#8222;Jetzt ist hier nordische Nacht. Jetzt ist hier<\/em><br \/>\n<em>sch\u00f6ner Sommer. Jetzt sind die kleinen<\/em><br \/>\n<em>Stunden hier, lange nach Mitternacht. Ich<\/em><br \/>\n<em>beschlie\u00dfe zu feiern, da\u00df es diese Stunden<\/em><br \/>\n<em>gibt. Obwohl schon so sp\u00e4t im Leben. Ich<\/em><br \/>\n<em>feiere nicht mit Schnaps, sondern indem<\/em><br \/>\n<em>ich die Gedanken schweifen lasse und vor<\/em><br \/>\n<em>nichts ausweiche. Gegen drei Uhr schaue<\/em><br \/>\n<em>ich zur T\u00fcr im Flur. Ich mu\u00df hinschauen<\/em><br \/>\n<em>zu dem leicht Unheimlichen, das pl\u00f6tzlich<\/em><br \/>\n<em>da ist \u2013 hinter einem kleinen Rechteck<\/em><br \/>\n<em>aus gewelltem Glas. Da, dahinter ist nicht<\/em><br \/>\n<em>nur das Nachtdunkel, das sich eingefunden<\/em><br \/>\n<em>hat, sondern etwas unausweichlich, h\u00f6chst<\/em><br \/>\n<em>lebendig Schwarzes, es k\u00f6nnte der strengste<\/em><br \/>\n<em>Herr sein, der so nahe gekommen ist.<\/em><br \/>\n<em>Oder es k\u00f6nnte das Nichts sein, das einen<\/em><br \/>\n<em>beruhigenden Engel sendet.\u201c<\/em><\/p>\n","protected":false},"excerpt":{"rendered":"<p id=\"price-and-shipping-details\">inkl. MwSt., zzgl. Versandkosten (Inland-Versandkosten = 0,00 \u20ac)<\/p>\n<p id=\"price-and-shipping-details\">Lieferzeit: 3-5 Werktage<\/p>\n<p>&nbsp;<\/p>\n<p>Gedichte. Aus dem\u00a0Norwegischen \u00fcbersetzt von\u00a0Klaus Anders.<br \/>\n80\u00a0Seiten.<\/p>\n","protected":false},"featured_media":1394,"comment_status":"closed","ping_status":"closed","template":"","meta":[],"product_brand":[],"product_cat":[14,332,56,53],"product_tag":[],"class_list":{"0":"post-1393","1":"product","2":"type-product","3":"status-publish","4":"has-post-thumbnail","6":"product_cat-internationale-lyrik","7":"product_cat-lyrik","8":"product_cat-norwegische-lyrik","9":"product_cat-skandinavische-lyrik","10":"pa_autor-hatloy-kjartan","11":"pa_erscheinungsjahr-387","12":"pa_isbn-978-3-942955-73-7","13":"pa_seiten-391","14":"pa_uebersetzer-anders-klaus","16":"first","17":"instock","18":"shipping-taxable","19":"purchasable","20":"product-type-simple"},"_links":{"self":[{"href":"https:\/\/www.edition-rugerup.de\/index.php?rest_route=\/wp\/v2\/product\/1393","targetHints":{"allow":["GET"]}}],"collection":[{"href":"https:\/\/www.edition-rugerup.de\/index.php?rest_route=\/wp\/v2\/product"}],"about":[{"href":"https:\/\/www.edition-rugerup.de\/index.php?rest_route=\/wp\/v2\/types\/product"}],"replies":[{"embeddable":true,"href":"https:\/\/www.edition-rugerup.de\/index.php?rest_route=%2Fwp%2Fv2%2Fcomments&post=1393"}],"wp:featuredmedia":[{"embeddable":true,"href":"https:\/\/www.edition-rugerup.de\/index.php?rest_route=\/wp\/v2\/media\/1394"}],"wp:attachment":[{"href":"https:\/\/www.edition-rugerup.de\/index.php?rest_route=%2Fwp%2Fv2%2Fmedia&parent=1393"}],"wp:term":[{"taxonomy":"product_brand","embeddable":true,"href":"https:\/\/www.edition-rugerup.de\/index.php?rest_route=%2Fwp%2Fv2%2Fproduct_brand&post=1393"},{"taxonomy":"product_cat","embeddable":true,"href":"https:\/\/www.edition-rugerup.de\/index.php?rest_route=%2Fwp%2Fv2%2Fproduct_cat&post=1393"},{"taxonomy":"product_tag","embeddable":true,"href":"https:\/\/www.edition-rugerup.de\/index.php?rest_route=%2Fwp%2Fv2%2Fproduct_tag&post=1393"}],"curies":[{"name":"wp","href":"https:\/\/api.w.org\/{rel}","templated":true}]}}