{"id":1377,"date":"2017-12-27T01:37:25","date_gmt":"2017-12-27T00:37:25","guid":{"rendered":"http:\/\/www.edition-rugerup.de\/?product=bewegliche-berge"},"modified":"2021-05-08T17:29:53","modified_gmt":"2021-05-08T15:29:53","slug":"bewegliche-berge","status":"publish","type":"product","link":"https:\/\/www.edition-rugerup.de\/?product=bewegliche-berge","title":{"rendered":"Bewegliche Berge"},"content":{"rendered":"<p>Sj\u00f3n (Sigurj\u00f3n B. Sigur\u00f0sson) wurde 1962 in Reykjavik geboren. Schon 1978 ver\u00f6ffentlichte er seinen ersten Gedichtband, \u201eS\u00fdnir\u201c (Visionen). Sj\u00f3n war Gr\u00fcndungsmitglied der surrealistischen Lyrikergruppe Med\u00fasa, er textet f\u00fcr die isl\u00e4ndische S\u00e4ngerin Bj\u00f6rk \u2013 ihr Song \u201eI\u2019ve Seen It All\u201c in Lars von Triers Film \u201eDancer in the Dark\u201c wurde f\u00fcr einen Oscar in der Kategorie \u201eBest Song\u201c nominiert. 1987 erschien sein erster Roman, f\u00fcr den Roman \u201eSchattenfuchs\u201c erhielt er den Literaturpreis des Nordischen Rates. Ein gutes Dutzend Lyrikb\u00e4nde und mehr als zehn Romane des Schriftstellers und K\u00fcnstlers sind bislang erschienen.<\/p>\n<p><em>ars poetica<\/em><br \/>\n<em>in gedichten kann es vorkommen<\/em><br \/>\n<em>dass der nebel, der sich hebt<\/em><br \/>\n<em>den berg gleich mitnimmt<\/em><\/p>\n","protected":false},"excerpt":{"rendered":"<p id=\"price-and-shipping-details\">Der Band ist nur noch \u00fcber den Handel bestellbar, im Verlag ist er vergriffen.<\/p>\n<p>&nbsp;<\/p>\n<p>Gedichte. Aus dem Isl\u00e4ndischen \u00fcbersetzt von Tina Flecken und Betty Wahl.<br \/>\n80 Seiten. Franz. Klappenbroschur.<\/p>\n","protected":false},"featured_media":1381,"comment_status":"closed","ping_status":"closed","template":"","meta":[],"product_brand":[],"product_cat":[14,385,332,53],"product_tag":[],"class_list":{"0":"post-1377","1":"product","2":"type-product","3":"status-publish","4":"has-post-thumbnail","6":"product_cat-internationale-lyrik","7":"product_cat-islaendische-lyrik","8":"product_cat-lyrik","9":"product_cat-skandinavische-lyrik","10":"pa_autor-sjon","11":"pa_erscheinungsjahr-387","12":"pa_isbn-978-3-942955-66-9","13":"pa_seiten-391","14":"pa_uebersetzer-flecken-tina","15":"pa_uebersetzer-wahl-betty","17":"first","18":"outofstock","19":"shipping-taxable","20":"purchasable","21":"product-type-simple"},"_links":{"self":[{"href":"https:\/\/www.edition-rugerup.de\/index.php?rest_route=\/wp\/v2\/product\/1377","targetHints":{"allow":["GET"]}}],"collection":[{"href":"https:\/\/www.edition-rugerup.de\/index.php?rest_route=\/wp\/v2\/product"}],"about":[{"href":"https:\/\/www.edition-rugerup.de\/index.php?rest_route=\/wp\/v2\/types\/product"}],"replies":[{"embeddable":true,"href":"https:\/\/www.edition-rugerup.de\/index.php?rest_route=%2Fwp%2Fv2%2Fcomments&post=1377"}],"wp:featuredmedia":[{"embeddable":true,"href":"https:\/\/www.edition-rugerup.de\/index.php?rest_route=\/wp\/v2\/media\/1381"}],"wp:attachment":[{"href":"https:\/\/www.edition-rugerup.de\/index.php?rest_route=%2Fwp%2Fv2%2Fmedia&parent=1377"}],"wp:term":[{"taxonomy":"product_brand","embeddable":true,"href":"https:\/\/www.edition-rugerup.de\/index.php?rest_route=%2Fwp%2Fv2%2Fproduct_brand&post=1377"},{"taxonomy":"product_cat","embeddable":true,"href":"https:\/\/www.edition-rugerup.de\/index.php?rest_route=%2Fwp%2Fv2%2Fproduct_cat&post=1377"},{"taxonomy":"product_tag","embeddable":true,"href":"https:\/\/www.edition-rugerup.de\/index.php?rest_route=%2Fwp%2Fv2%2Fproduct_tag&post=1377"}],"curies":[{"name":"wp","href":"https:\/\/api.w.org\/{rel}","templated":true}]}}