{"id":1224,"date":"2017-03-04T00:06:10","date_gmt":"2017-03-03T23:06:10","guid":{"rendered":"http:\/\/www.edition-rugerup.de\/?product=nachtoffen"},"modified":"2017-07-03T13:27:47","modified_gmt":"2017-07-03T11:27:47","slug":"nachtoffen","status":"publish","type":"product","link":"https:\/\/www.edition-rugerup.de\/?product=nachtoffen","title":{"rendered":"Nachtoffen"},"content":{"rendered":"<p>Rolf Jacobsen (1907-1994) war einer der ersten Modernisten Norwegens und einer der angesehensten Schriftsteller Skandinaviens. Sein erstes Buch, <em>Jord og jern<\/em> (Erde und Eisen) erschien 1933. Eines seiner Hauptthemen ist die Wechselwirkung und das Gleichgewicht zwischen Natur und Technologie, deshalb wurde er zuweil der \u201egr\u00fcne Dichter\u201c der norwegischen Literatur genannt. Sein Blick war aber alles andere als romantisch.<\/p>\n<p>Jacobsen schrieb \u00fcber f\u00fcnfzig Jahre lang Lyrik und wurde daf\u00fcr mit vielen Preisen geehrt, darunter der norwegische Kritikerpreis, der Doubloug-Preis, der Aschehoug-Preis und der Nordische Preis der Schwedischen Akademie. Hans Magnus Enzensberger nahm ihn als einzigen norwegischen Dichter in seiner ber\u00fchmten Sammlung<em> Museum der modernen Poesie<\/em> auf.<\/p>\n<p>Der Dichter und \u00dcbersetzer Klaus Anders hat in der Edition Rugerup Olav H. Hauges\u00a0<a href=\"http:\/\/www.edition-rugerup.de\/?product=gesammelte-gedichte\"><em>Gesammelte Gedichte<\/em><\/a> und <a href=\"http:\/\/www.edition-rugerup.de\/?product=mein-leben-war-traum\"><em>Mein Leben war Traum<\/em><\/a>, \u00d8yvind Rimbereids\u00a0<a href=\"http:\/\/www.edition-rugerup.de\/?product=herbarium\"><em>Herbarium<\/em><\/a> und als Mit-Herausgeber die Anthologie norwegischer Dichter <a href=\"http:\/\/www.edition-rugerup.de\/?product=so-schmeckt-ein-stern\"><em>So\u00a0<\/em><em>schmeckt ein Stern<\/em><\/a> sowie den eigenen Lyrikband <a href=\"http:\/\/www.edition-rugerup.de\/?product=wachtelzeit\"><em>Wachtelzeit<\/em><\/a> ver\u00f6ffentlicht.<\/p>\n<p>&nbsp;<\/p>\n<p>Leseprobe<\/p>\n<p><em>Rolf Jacobsen: Kannte ich dich?<\/em><\/p>\n<p><em>Kannte ich dich<\/em><br \/>\n<em>eigentlich? Etwas,<\/em><br \/>\n<em>das du nie sagtest oder<\/em><br \/>\n<em>was wir liegen lie\u00dfen. Halbgedachte<\/em><br \/>\n<em>Gedanken. Ein Schatten,<\/em><br \/>\n<em>der \u00fcber das Antlitz strich.<\/em><br \/>\n<em>Etwas in den Augen. Nein,<\/em><br \/>\n<em>das will ich nicht glauben.<\/em><br \/>\n<em>Aber es kommt wieder. Die Nacht<\/em><br \/>\n<em>hat keine Ger\u00e4usche,<\/em><br \/>\n<em>nur seltsame Gedanken. Worte,<\/em><br \/>\n<em>die aus dem Schlaf steigen:<\/em><br \/>\n<em>Kannte ich dich?<\/em><\/p>\n","protected":false},"excerpt":{"rendered":"<p id=\"price-and-shipping-details\">inkl. MwSt., zzgl. Versandkosten (Inland-Versandkosten = 0,00 \u20ac)<\/p>\n<p id=\"price-and-shipping-details\">Lieferzeit: 3-5 Werktage<\/p>\n<p>Gedichte. \u00dcbersetzt von Klaus Anders. 150 Seiten.<\/p>\n","protected":false},"featured_media":1269,"comment_status":"closed","ping_status":"closed","template":"","meta":[],"product_brand":[],"product_cat":[14,332,56,53],"product_tag":[],"class_list":{"0":"post-1224","1":"product","2":"type-product","3":"status-publish","4":"has-post-thumbnail","6":"product_cat-internationale-lyrik","7":"product_cat-lyrik","8":"product_cat-norwegische-lyrik","9":"product_cat-skandinavische-lyrik","10":"pa_autor-jacobsen-rolf","11":"pa_erscheinungsjahr-360","12":"pa_isbn-978-3-942955-61-4","13":"pa_seiten-370","14":"pa_uebersetzer-anders-klaus","16":"first","17":"instock","18":"shipping-taxable","19":"purchasable","20":"product-type-simple"},"_links":{"self":[{"href":"https:\/\/www.edition-rugerup.de\/index.php?rest_route=\/wp\/v2\/product\/1224","targetHints":{"allow":["GET"]}}],"collection":[{"href":"https:\/\/www.edition-rugerup.de\/index.php?rest_route=\/wp\/v2\/product"}],"about":[{"href":"https:\/\/www.edition-rugerup.de\/index.php?rest_route=\/wp\/v2\/types\/product"}],"replies":[{"embeddable":true,"href":"https:\/\/www.edition-rugerup.de\/index.php?rest_route=%2Fwp%2Fv2%2Fcomments&post=1224"}],"wp:featuredmedia":[{"embeddable":true,"href":"https:\/\/www.edition-rugerup.de\/index.php?rest_route=\/wp\/v2\/media\/1269"}],"wp:attachment":[{"href":"https:\/\/www.edition-rugerup.de\/index.php?rest_route=%2Fwp%2Fv2%2Fmedia&parent=1224"}],"wp:term":[{"taxonomy":"product_brand","embeddable":true,"href":"https:\/\/www.edition-rugerup.de\/index.php?rest_route=%2Fwp%2Fv2%2Fproduct_brand&post=1224"},{"taxonomy":"product_cat","embeddable":true,"href":"https:\/\/www.edition-rugerup.de\/index.php?rest_route=%2Fwp%2Fv2%2Fproduct_cat&post=1224"},{"taxonomy":"product_tag","embeddable":true,"href":"https:\/\/www.edition-rugerup.de\/index.php?rest_route=%2Fwp%2Fv2%2Fproduct_tag&post=1224"}],"curies":[{"name":"wp","href":"https:\/\/api.w.org\/{rel}","templated":true}]}}