{"id":1222,"date":"2017-02-28T21:40:57","date_gmt":"2017-02-28T20:40:57","guid":{"rendered":"http:\/\/www.edition-rugerup.de\/?product=musik-aus-fremden-gaerten"},"modified":"2017-04-01T15:34:41","modified_gmt":"2017-04-01T13:34:41","slug":"musik-aus-fremden-gaerten","status":"publish","type":"product","link":"https:\/\/www.edition-rugerup.de\/?product=musik-aus-fremden-gaerten","title":{"rendered":"Musik aus fremden G\u00e4rten"},"content":{"rendered":"<p>\u201eSch\u00f6ne Augen, die bet\u00f6ren\u2026\u201c wurden einst von Gil Vicente besungen \u2013 und so beginnt diese Anthologie mit der Sch\u00f6nheit als Verhei\u00dfung von Gl\u00fcck; wir suchen es in der Liebe und feiern es, auch musikalisch, in den h\u00f6chsten T\u00f6nen. Naht dann einmal ein Abschied und wartet am Ende \u201enoch Stilleres als Schlaf\u201c (Emily Dickinson), so ist das der andere, abendliche Teil dieser Naturgeschichte. Eindringlich erz\u00e4hlt wird sie in hundert Gedichten bedeutender Autoren aus f\u00fcnf Jahrhunderten \u2013 eine Bl\u00fctenlese in sechs Themenkapiteln, worin sich Bekanntes und weniger Bekanntes auf reizvolle Weise begegnen.<\/p>\n<p>Neben ihren durchg\u00e4ngig neuen \u00dcbertragungen ins Deutsche werden alle Texte auch originalsprachig (englisch, spanisch, franz\u00f6sisch) dargeboten und durch einen biobibliografischen Anhang erg\u00e4nzt. Alles in allem ein zeitloser Schatz f\u00fcr jeden Liebhaber klassischer Lyrik.<\/p>\n<p>&nbsp;<\/p>\n<p>Leseproben<\/p>\n<p><em>George Gordon Byron: Sie geht in Sch\u00f6nheit<\/em><\/p>\n<p><em>Sie geht in Sch\u00f6nheit, wie die Nacht <\/em><br \/>\n<em>an klaren Himmeln sternbest\u00fcckt; <\/em><br \/>\n<em>die dunkle und die lichte Pracht, <\/em><br \/>\n<em>in Auge und Gestalt verquickt, <\/em><br \/>\n<em>sind dort zu mildem Glanz entfacht, <\/em><br \/>\n<em>der grellen Tagen niemals gl\u00fcckt.<\/em><\/p>\n<p><em>Ein Schatten mehr, ein Strahl der fehlt,<\/em><br \/>\n<em>und diese Anmut w\u00e4re nicht,<\/em><br \/>\n<em>die ihre dunklen Locken wellt<\/em><br \/>\n<em>und sanft erhellt ihr Angesicht,<\/em><br \/>\n<em>wo heiter jeder Sinn erz\u00e4hlt,<\/em><br \/>\n<em>wie lind sein Wohnplatz und wie licht.<\/em><\/p>\n<p><em>Die Braue und die Wange kr\u00f6nt, <\/em><br \/>\n<em>so sanft, so still und doch beredt,<\/em><br \/>\n<em>ihr L\u00e4cheln, farbenreich versch\u00f6nt<\/em><br \/>\n<em>in Tagen, deren Gl\u00fcck verweht &#8211;<\/em><br \/>\n<em>ein Sinn, mit aller Welt vers\u00f6hnt,<\/em><br \/>\n<em>ein Herz, das reine Liebe s\u00e4t.<\/em><\/p>\n<p>&nbsp;<\/p>\n<p><em>Paul Bourget: Sch\u00f6ner Abend<\/em><\/p>\n<p><em>Wenn tief die Sonne steht, ihr Rot in Fl\u00fcssen spielt<\/em><br \/>\n<em>und \u00fcbers Weizenfeld ein lauer Windsto\u00df streicht,<\/em><br \/>\n<em>tritt aus den Dingen Weisung, die uns Gl\u00fcck befiehlt<\/em><br \/>\n<em>\u00a0 \u00a0und das verst\u00f6rte Herz erreicht.<\/em><\/p>\n<p><em>Sie r\u00e4t, dass man am Daseinszauber jetzt und hier,<\/em><br \/>\n<em>solang man jung ist und der Abend sch\u00f6n, sich labe,<\/em><br \/>\n<em>denn wie die Welle dereinst geht, so gehn auch wir:<\/em><br \/>\n<em>\u00a0 \u00a0sie in das Meer &#8211; und wir zu Grabe!<\/em><\/p>\n","protected":false},"excerpt":{"rendered":"<p id=\"price-and-shipping-details\">inkl. MwSt., zzgl. Versandkosten (Inland-Versandkosten = 0,00 \u20ac)<\/p>\n<p id=\"price-and-shipping-details\">Lieferzeit: 3-5 Werktage<\/p>\n<p>Alfred Schreiber (Hrsg.)<\/p>\n<p>Eine Auswahl zeitloser englischer, spanischer und franz\u00f6sischer Gedichte aus f\u00fcnf Jahrhunderten in zweisprachiger Ausgabe. 252 Seiten.<\/p>\n","protected":false},"featured_media":1223,"comment_status":"closed","ping_status":"closed","template":"","meta":[],"product_brand":[],"product_cat":[78,363,364],"product_tag":[],"class_list":{"0":"post-1222","1":"product","2":"type-product","3":"status-publish","4":"has-post-thumbnail","6":"product_cat-englische-lyrik","7":"product_cat-franzoesische-lyrik","8":"product_cat-spanische-lyrik","9":"pa_erscheinungsjahr-360","10":"pa_herausgeber-schreiber-alfred","11":"pa_isbn-978-3-942955-63-8","12":"pa_seiten-367","14":"first","15":"instock","16":"shipping-taxable","17":"purchasable","18":"product-type-simple"},"_links":{"self":[{"href":"https:\/\/www.edition-rugerup.de\/index.php?rest_route=\/wp\/v2\/product\/1222","targetHints":{"allow":["GET"]}}],"collection":[{"href":"https:\/\/www.edition-rugerup.de\/index.php?rest_route=\/wp\/v2\/product"}],"about":[{"href":"https:\/\/www.edition-rugerup.de\/index.php?rest_route=\/wp\/v2\/types\/product"}],"replies":[{"embeddable":true,"href":"https:\/\/www.edition-rugerup.de\/index.php?rest_route=%2Fwp%2Fv2%2Fcomments&post=1222"}],"wp:featuredmedia":[{"embeddable":true,"href":"https:\/\/www.edition-rugerup.de\/index.php?rest_route=\/wp\/v2\/media\/1223"}],"wp:attachment":[{"href":"https:\/\/www.edition-rugerup.de\/index.php?rest_route=%2Fwp%2Fv2%2Fmedia&parent=1222"}],"wp:term":[{"taxonomy":"product_brand","embeddable":true,"href":"https:\/\/www.edition-rugerup.de\/index.php?rest_route=%2Fwp%2Fv2%2Fproduct_brand&post=1222"},{"taxonomy":"product_cat","embeddable":true,"href":"https:\/\/www.edition-rugerup.de\/index.php?rest_route=%2Fwp%2Fv2%2Fproduct_cat&post=1222"},{"taxonomy":"product_tag","embeddable":true,"href":"https:\/\/www.edition-rugerup.de\/index.php?rest_route=%2Fwp%2Fv2%2Fproduct_tag&post=1222"}],"curies":[{"name":"wp","href":"https:\/\/api.w.org\/{rel}","templated":true}]}}