{"id":1093,"date":"2016-07-18T07:25:51","date_gmt":"2016-07-18T05:25:51","guid":{"rendered":"http:\/\/www.edition-rugerup.de\/?post_type=product&#038;p=1093"},"modified":"2023-01-28T16:15:04","modified_gmt":"2023-01-28T15:15:04","slug":"hotel-du-nord","status":"publish","type":"product","link":"https:\/\/www.edition-rugerup.de\/?product=hotel-du-nord","title":{"rendered":"H\u00f4tel du Nord"},"content":{"rendered":"<p style=\"text-align: justify;\">Im Mittelpunkt des Romans steht Walter Manning, ein Schriftsteller, der gerade die gefeierte Premiere eines Films erlebte, dessen Drehbuch er geschrieben hat. Er verschwindet, f\u00e4hrt ziellos umher und landet in einem kleinen verlassenen Badeort an der nordfranz\u00f6sischen K\u00fcste, wo er seinen Erinnerungen nachh\u00e4ngt und wieder mit dem Trinken beginnt. Dann wechselt die Perspektive, wir sind bei seiner Geliebte Nora, Hauptdarstellerin in dem Film, und seinem Freund Mike, dem Regisseur. Mit unterschwelliger Melancholie und einem feinen Humor webt Campert die Leben und Gedanken der Freunde zu einem dicht verkn\u00fcpften Ganzen.<\/p>\n<p class=\"\">Remco Campert (1929-2022) geh\u00f6rte nicht nur zu den anerkanntesten, sondern auch zu den beliebtesten Autoren der Niederlande. In seinen nur scheinbar einfachen, jedoch auf den zweiten Blick tiefsinnigen Texten hat er seit den 1940er Jahren durch seine Prosa, die Kolumnen, kurze Romane, doch vor allem durch die Gedichte seinen festen Platz in der niederl\u00e4ndischen Literatur.<\/p>\n<p class=\"\">Remco Campert lebte mit seiner Frau Deborah \u2013 \u201edie, die ich liebe\u201c \u2013 im Herzen von Amsterdam.<\/p>\n<p class=\"\">Marianne Holberg \u00fcbersetzte unter anderem Remco Campert, Maarten t\u2019 Hart und Tonke Dragt aus dem Niederl\u00e4ndischen. Sie lebt in Berlin.<\/p>\n","protected":false},"excerpt":{"rendered":"<p id=\"price-and-shipping-details\">inkl. MwSt., zzgl. Versandkosten (Inland-Versandkosten = 0,00 \u20ac)<\/p>\n<p id=\"price-and-shipping-details\">Lieferzeit: 3-5 Werktage<\/p>\n<p>Remco Campert<\/p>\n<p>Roman. Aus dem Niederl\u00e4ndischen von Marianne Holberg.<\/p>\n<p>Franz\u00f6sische Klappenbroschur. Ca. 160 Seiten<\/p>\n","protected":false},"featured_media":1172,"comment_status":"closed","ping_status":"closed","template":"","meta":[],"product_brand":[],"product_cat":[334,35],"product_tag":[],"class_list":{"0":"post-1093","1":"product","2":"type-product","3":"status-publish","4":"has-post-thumbnail","6":"product_cat-prosa","7":"product_cat-romane-prosa","8":"pa_autor-campert-remco","9":"pa_erscheinungsjahr-228","10":"pa_isbn-978-3-942955-59-1","11":"pa_seiten-338","12":"pa_uebersetzer-holberg-marianne","14":"first","15":"instock","16":"shipping-taxable","17":"purchasable","18":"product-type-simple"},"_links":{"self":[{"href":"https:\/\/www.edition-rugerup.de\/index.php?rest_route=\/wp\/v2\/product\/1093","targetHints":{"allow":["GET"]}}],"collection":[{"href":"https:\/\/www.edition-rugerup.de\/index.php?rest_route=\/wp\/v2\/product"}],"about":[{"href":"https:\/\/www.edition-rugerup.de\/index.php?rest_route=\/wp\/v2\/types\/product"}],"replies":[{"embeddable":true,"href":"https:\/\/www.edition-rugerup.de\/index.php?rest_route=%2Fwp%2Fv2%2Fcomments&post=1093"}],"wp:featuredmedia":[{"embeddable":true,"href":"https:\/\/www.edition-rugerup.de\/index.php?rest_route=\/wp\/v2\/media\/1172"}],"wp:attachment":[{"href":"https:\/\/www.edition-rugerup.de\/index.php?rest_route=%2Fwp%2Fv2%2Fmedia&parent=1093"}],"wp:term":[{"taxonomy":"product_brand","embeddable":true,"href":"https:\/\/www.edition-rugerup.de\/index.php?rest_route=%2Fwp%2Fv2%2Fproduct_brand&post=1093"},{"taxonomy":"product_cat","embeddable":true,"href":"https:\/\/www.edition-rugerup.de\/index.php?rest_route=%2Fwp%2Fv2%2Fproduct_cat&post=1093"},{"taxonomy":"product_tag","embeddable":true,"href":"https:\/\/www.edition-rugerup.de\/index.php?rest_route=%2Fwp%2Fv2%2Fproduct_tag&post=1093"}],"curies":[{"name":"wp","href":"https:\/\/api.w.org\/{rel}","templated":true}]}}