{"id":1090,"date":"2016-07-15T23:46:49","date_gmt":"2016-07-15T21:46:49","guid":{"rendered":"http:\/\/www.edition-rugerup.de\/?post_type=product&#038;p=1090"},"modified":"2016-10-16T15:20:56","modified_gmt":"2016-10-16T13:20:56","slug":"bresche","status":"publish","type":"product","link":"https:\/\/www.edition-rugerup.de\/?product=bresche","title":{"rendered":"Bresche"},"content":{"rendered":"<p style=\"text-align: justify;\">Leonard Nolens (Flandern, 1947) ist eine beeindruckende Erscheinung in der fl\u00e4mischen Poesie. Sein Werk ist in schon in viele Sprachen \u00fcbersetzt worden. Nolens erhielt zahlreiche Preise, darunter die zwei wichtigsten im niederl\u00e4ndischen Sprachraum, 1997 den Constantijn Huygensprijs und 2012 den Prijs van de Nederlandse Letteren, der nur alle drei Jahre vergeben wird. Bresche war \u00fcber zehn Jahre lang ein Work in progress. Das Werk wurde 1996 angefangen und schlie\u00dflich 2007 neu geordnet und zu dem Band Bres zusammengef\u00fcgt.<\/p>\n<p style=\"text-align: justify;\">Auf der Suche nach der Identit\u00e4t von sich und anderen entwickeln Nolens\u2019 Verse eine halluzinatorische, melodische Dichte und lassen den Leser unsere Zeit, ihre Illusionen, Entt\u00e4uschungen, Versprechen und Tr\u00e4ume, gleichsam neu und sch\u00e4rfer sehen. Bislang war in seiner Dichtung das lyrische, aber auch sehr pers\u00f6nliche Ich f\u00fcr sein Schaffen kennzeichnend. Der Zyklus \u201eBresche\u201c verfolgt eine dialektische Strategie: Zun\u00e4chst wird das Ich zum Wir, also zur Stimme einer ganzen Generation erweitert, findet sich dann im zweiten Teil im Dialog mit seiner Stadt Antwerpen als Ich wieder, um im dritten Teil in einer Litanei des \u201eBuches\u201c eine Art objektive Synthese zu erlangen.<\/p>\n","protected":false},"excerpt":{"rendered":"<p id=\"price-and-shipping-details\">inkl. MwSt., zzgl. Versandkosten (Inland-Versandkosten = 0,00 \u20ac)<\/p>\n<p id=\"price-and-shipping-details\">Lieferzeit: 3-5 Werktage<\/p>\n<p>Leonard Nolens<\/p>\n<p>Gedichte. Aus dem Niederl\u00e4ndischen von Ard Posthuma.<\/p>\n<p>102 Seiten<\/p>\n","protected":false},"featured_media":1102,"comment_status":"closed","ping_status":"closed","template":"","meta":[],"product_brand":[],"product_cat":[14,332,316],"product_tag":[],"class_list":{"0":"post-1090","1":"product","2":"type-product","3":"status-publish","4":"has-post-thumbnail","6":"product_cat-internationale-lyrik","7":"product_cat-lyrik","8":"product_cat-hollaendische-lyrik","9":"pa_autor-nolens-leonard","10":"pa_erscheinungsjahr-228","11":"pa_isbn-978-3-942955-53-9","12":"pa_seiten-353","13":"pa_uebersetzer-posthuma-ard","15":"first","16":"instock","17":"shipping-taxable","18":"purchasable","19":"product-type-simple"},"_links":{"self":[{"href":"https:\/\/www.edition-rugerup.de\/index.php?rest_route=\/wp\/v2\/product\/1090","targetHints":{"allow":["GET"]}}],"collection":[{"href":"https:\/\/www.edition-rugerup.de\/index.php?rest_route=\/wp\/v2\/product"}],"about":[{"href":"https:\/\/www.edition-rugerup.de\/index.php?rest_route=\/wp\/v2\/types\/product"}],"replies":[{"embeddable":true,"href":"https:\/\/www.edition-rugerup.de\/index.php?rest_route=%2Fwp%2Fv2%2Fcomments&post=1090"}],"wp:featuredmedia":[{"embeddable":true,"href":"https:\/\/www.edition-rugerup.de\/index.php?rest_route=\/wp\/v2\/media\/1102"}],"wp:attachment":[{"href":"https:\/\/www.edition-rugerup.de\/index.php?rest_route=%2Fwp%2Fv2%2Fmedia&parent=1090"}],"wp:term":[{"taxonomy":"product_brand","embeddable":true,"href":"https:\/\/www.edition-rugerup.de\/index.php?rest_route=%2Fwp%2Fv2%2Fproduct_brand&post=1090"},{"taxonomy":"product_cat","embeddable":true,"href":"https:\/\/www.edition-rugerup.de\/index.php?rest_route=%2Fwp%2Fv2%2Fproduct_cat&post=1090"},{"taxonomy":"product_tag","embeddable":true,"href":"https:\/\/www.edition-rugerup.de\/index.php?rest_route=%2Fwp%2Fv2%2Fproduct_tag&post=1090"}],"curies":[{"name":"wp","href":"https:\/\/api.w.org\/{rel}","templated":true}]}}